{"id":29642,"date":"2025-02-20T23:31:16","date_gmt":"2025-02-20T22:31:16","guid":{"rendered":"http:\/\/olemosaic.com\/producto\/cenicero-de-ceramica-de-8-cm-bogavante-blanco\/"},"modified":"2025-07-25T18:33:32","modified_gmt":"2025-07-25T16:33:32","slug":"cendrier-en-ceramique-de-8-cm-homard-blanc","status":"publish","type":"product","link":"https:\/\/olemosaic.com\/fr\/produit\/cendrier-en-ceramique-de-8-cm-homard-blanc\/","title":{"rendered":"Cendrier en c\u00e9ramique de 8 cm. Homard. Blanc"},"content":{"rendered":"<p>Ce cendrier en c\u00e9ramique de 8 cm est un souvenir attrayant qui \u00e9voque la riche tradition maritime de la c\u00f4te espagnole. Son design circulaire pr\u00e9sente un fond exquis de carreaux dans les tons bleus, rappelant les eaux de la M\u00e9diterran\u00e9e et sa culture vibrante. Les homards vibrants peints \u00e0 la main dans des tons rouges et verts apportent une touche de couleur et de dynamisme, faisant de cette pi\u00e8ce non seulement un objet fonctionnel, mais une \u0153uvre d&rsquo;art d\u00e9corative qui capture l&rsquo;essence de la vie c\u00f4ti\u00e8re.<\/p>\n<p>Le d\u00e9tail des illustrations est une v\u00e9ritable c\u00e9l\u00e9bration de la gastronomie locale, o\u00f9 le homard est un symbole de la riche offre marine. Ce cendrier comprend quatre encoches soigneusement con\u00e7ues pour tenir les cigarettes, offrant une praticit\u00e9 dans son utilisation quotidienne, tandis que son esth\u00e9tique en fait un \u00e9l\u00e9ment distinctif pour n&rsquo;importe quel foyer.<\/p>\n<p>Cet article est un excellent souvenir des traditions culinaires et culturelles du sud de l&rsquo;Espagne, id\u00e9al pour les touristes qui cherchent \u00e0 ramener chez eux un morceau de leur voyage. Chez Ol\u00e9 Mosaic, en tant qu&rsquo;experts dans la distribution de souvenirs en gros, nous garantissons que ce cendrier en c\u00e9ramique repr\u00e9sente le meilleur du patrimoine local et est parfait pour les boutiques de cadeaux touristiques souhaitant proposer des produits \u00e0 valeur culturelle et de qualit\u00e9 artisanale.<\/p>\n","protected":false},"excerpt":{"rendered":"<p>Cendrier en c\u00e9ramique de 8 cm d\u00e9cor\u00e9 d&rsquo;illustrations de homards, inspir\u00e9 de la tradition maritime de la c\u00f4te espagnole. Ce cendrier \u00e9l\u00e9gant pr\u00e9sente un fond de carreaux dans les tons bleus, qui font ressortir les d\u00e9tails vibrants en rouge et vert des homards peints \u00e0 la main. Avec un design circulaire et quatre encoches pour tenir les cigarettes, c&rsquo;est une pi\u00e8ce fonctionnelle et d\u00e9corative qui apporte une touche marine et color\u00e9e \u00e0 n&rsquo;importe quel foyer.<\/p>\n","protected":false},"featured_media":9466,"template":"","meta":{"_acf_changed":false},"product_brand":[],"product_cat":[584],"product_tag":[530,585],"class_list":{"0":"post-29642","1":"product","2":"type-product","3":"status-publish","4":"has-post-thumbnail","6":"product_cat-cendriers","7":"product_tag-animaux","8":"product_tag-ceramique","9":"pa_motivo-homards","11":"first","12":"instock","13":"shipping-taxable","14":"product-type-simple"},"acf":[],"_links":{"self":[{"href":"https:\/\/olemosaic.com\/fr\/wp-json\/wp\/v2\/product\/29642","targetHints":{"allow":["GET"]}}],"collection":[{"href":"https:\/\/olemosaic.com\/fr\/wp-json\/wp\/v2\/product"}],"about":[{"href":"https:\/\/olemosaic.com\/fr\/wp-json\/wp\/v2\/types\/product"}],"wp:featuredmedia":[{"embeddable":true,"href":"https:\/\/olemosaic.com\/fr\/wp-json\/wp\/v2\/media\/9466"}],"wp:attachment":[{"href":"https:\/\/olemosaic.com\/fr\/wp-json\/wp\/v2\/media?parent=29642"}],"wp:term":[{"taxonomy":"product_brand","embeddable":true,"href":"https:\/\/olemosaic.com\/fr\/wp-json\/wp\/v2\/product_brand?post=29642"},{"taxonomy":"product_cat","embeddable":true,"href":"https:\/\/olemosaic.com\/fr\/wp-json\/wp\/v2\/product_cat?post=29642"},{"taxonomy":"product_tag","embeddable":true,"href":"https:\/\/olemosaic.com\/fr\/wp-json\/wp\/v2\/product_tag?post=29642"}],"curies":[{"name":"wp","href":"https:\/\/api.w.org\/{rel}","templated":true}]}}