{"id":29620,"date":"2025-02-20T23:31:15","date_gmt":"2025-02-20T22:31:15","guid":{"rendered":"http:\/\/olemosaic.com\/producto\/cenicero-de-ceramica-de-6-cm-salamandra-mallorca-beige\/"},"modified":"2025-07-25T18:54:53","modified_gmt":"2025-07-25T16:54:53","slug":"cendrier-en-ceramique-de-6-cm-salamandre-majorque-beige","status":"publish","type":"product","link":"https:\/\/olemosaic.com\/fr\/produit\/cendrier-en-ceramique-de-6-cm-salamandre-majorque-beige\/","title":{"rendered":"Cendrier en c\u00e9ramique de 6 cm. Salamandre. Majorque. Beige"},"content":{"rendered":"<p>Ce cendrier en c\u00e9ramique de 6 cm, d\u00e9cor\u00e9 d&rsquo;une salamandre color\u00e9e, est un v\u00e9ritable hommage \u00e0 la beaut\u00e9 de Majorque. Son design attrayant combine un bord \u00e9l\u00e9gant dans des tons beiges et rouges avec un motif central vibrant pr\u00e9sentant la salamandre dans un motif de mosa\u00efque spectaculaire. La salamandre, symbole de chance et de transformation dans diverses cultures, se distingue par ses couleurs vives qui contrastent avec l&rsquo;environnement. Entour\u00e9 de fleurs d\u00e9licates, ce cendrier n&rsquo;est pas seulement fonctionnel, il agit \u00e9galement comme une pi\u00e8ce d\u00e9corative singuli\u00e8re, id\u00e9ale pour se souvenir de l&rsquo;essence de l&rsquo;\u00eele.<\/p>\n<p>L&rsquo;utilisation du mot \u00ab\u00a0MAJORQUE\u00a0\u00bb dans un style artistique ajoute une touche personnelle \u00e0 la pi\u00e8ce, r\u00e9affirmant son lien avec le patrimoine culturel de la r\u00e9gion. Peint \u00e0 la main, ce cendrier capture l&rsquo;essence m\u00e9diterran\u00e9enne, devenant un souvenir repr\u00e9sentatif qui permettra aux touristes d&#8217;emporter un petit morceau de Majorque chez eux. Chez Ol\u00e9 Mosaic, nous sommes fiers de proposer des souvenirs authentiques, et ce cendrier en c\u00e9ramique est une excellente option pour les boutiques de cadeaux touristiques \u00e0 la recherche de produits refl\u00e9tant la culture locale. Id\u00e9al pour ceux qui recherchent des souvenirs de Majorque, ce cendrier se pr\u00e9sente comme une option attrayante et sophistiqu\u00e9e, parfaite pour n&rsquo;importe quel coin de la maison.<\/p>\n","protected":false},"excerpt":{"rendered":"<p>Cendrier en c\u00e9ramique de 6 cm d\u00e9cor\u00e9 d&rsquo;une salamandre color\u00e9e, inspir\u00e9 par la beaut\u00e9 de Majorque. Ce cendrier \u00e9l\u00e9gant, con\u00e7u dans des tons beiges et rouges, pr\u00e9sente un charmant motif central : une salamandre dans un design de mosa\u00efque vibrant. Entour\u00e9e de fleurs et avec le mot \u00ab\u00a0MAJORQUE\u00a0\u00bb \u00e9crit de mani\u00e8re artistique, cette pi\u00e8ce au design artisanal, peinte \u00e0 la main, allie fonctionnalit\u00e9 et touche d\u00e9corative, id\u00e9ale pour \u00e9voquer l&rsquo;essence de l&rsquo;\u00eele.<\/p>\n","protected":false},"featured_media":7738,"template":"","meta":{"_acf_changed":false},"product_brand":[],"product_cat":[584],"product_tag":[530,585],"class_list":{"0":"post-29620","1":"product","2":"type-product","3":"status-publish","4":"has-post-thumbnail","6":"product_cat-cendriers","7":"product_tag-animaux","8":"product_tag-ceramique","9":"pa_ciudad-mallorca","10":"pa_motivo-salamandres","11":"pa_pais-espana","13":"first","14":"instock","15":"shipping-taxable","16":"product-type-simple"},"acf":[],"_links":{"self":[{"href":"https:\/\/olemosaic.com\/fr\/wp-json\/wp\/v2\/product\/29620","targetHints":{"allow":["GET"]}}],"collection":[{"href":"https:\/\/olemosaic.com\/fr\/wp-json\/wp\/v2\/product"}],"about":[{"href":"https:\/\/olemosaic.com\/fr\/wp-json\/wp\/v2\/types\/product"}],"wp:featuredmedia":[{"embeddable":true,"href":"https:\/\/olemosaic.com\/fr\/wp-json\/wp\/v2\/media\/7738"}],"wp:attachment":[{"href":"https:\/\/olemosaic.com\/fr\/wp-json\/wp\/v2\/media?parent=29620"}],"wp:term":[{"taxonomy":"product_brand","embeddable":true,"href":"https:\/\/olemosaic.com\/fr\/wp-json\/wp\/v2\/product_brand?post=29620"},{"taxonomy":"product_cat","embeddable":true,"href":"https:\/\/olemosaic.com\/fr\/wp-json\/wp\/v2\/product_cat?post=29620"},{"taxonomy":"product_tag","embeddable":true,"href":"https:\/\/olemosaic.com\/fr\/wp-json\/wp\/v2\/product_tag?post=29620"}],"curies":[{"name":"wp","href":"https:\/\/api.w.org\/{rel}","templated":true}]}}