{"id":29618,"date":"2025-02-20T22:31:15","date_gmt":"2025-02-20T22:31:15","guid":{"rendered":"http:\/\/olemosaic.com\/producto\/cenicero-de-ceramica-de-6-cm-panoramica-barcelona-beige\/"},"modified":"2025-07-25T18:33:34","modified_gmt":"2025-07-25T16:33:34","slug":"cendrier-en-ceramique-de-6-cm-panoramique-barcelone-beige","status":"publish","type":"product","link":"https:\/\/olemosaic.com\/fr\/produit\/cendrier-en-ceramique-de-6-cm-panoramique-barcelone-beige\/","title":{"rendered":"Cendrier en c\u00e9ramique de 6 cm. Panoramique. Barcelone. Beige"},"content":{"rendered":"<p>Ce cendrier en c\u00e9ramique de 6 cm est un souvenir attrayant qui capture l&rsquo;essence vibrante de Barcelone, l&rsquo;une des villes les plus embl\u00e9matiques d&rsquo;Espagne. D\u00e9cor\u00e9 d&rsquo;une vue panoramique du monument embl\u00e9matique de la Sagrada Familia, cette pi\u00e8ce pr\u00e9sente un design color\u00e9 qui \u00e9voque le style incomparable d&rsquo;Antoni Gaud\u00ed, connu pour ses mosa\u00efques uniques et son architecture innovante. La surface int\u00e9rieure du cendrier, dans un ton clair \u00e9l\u00e9gant, met en valeur le nom \u00ab\u00a0Barcelone\u00a0\u00bb en lettres frappantes, tandis que le bord rouge souligne sa sophistication. Ce cendrier n&rsquo;est pas seulement fonctionnel, il sert \u00e9galement de splendide rappel de la riche culture catalane et de son patrimoine artistique.<\/p>\n<p>Parfait comme souvenir pour les touristes qui souhaitent emporter un morceau de l&rsquo;histoire et de l&rsquo;art de Barcelone, son design harmonieux en fait un excellent choix pour toute boutique de cadeaux touristiques. Chez Ol\u00e9 Mosaic, nous sommes des distributeurs de souvenirs uniques qui repr\u00e9sentent l&rsquo;authenticit\u00e9 et la beaut\u00e9 des traditions espagnoles, et ce cendrier en c\u00e9ramique en est un magnifique exemple. Nous proposons une large s\u00e9lection de produits qui c\u00e9l\u00e8brent la richesse culturelle de chaque r\u00e9gion, garantissant que chaque client trouve le souvenir parfait pour se rem\u00e9morer sa visite dans la cit\u00e9 comtale.<\/p>\n","protected":false},"excerpt":{"rendered":"<p>Cendrier en c\u00e9ramique de 6 cm, d\u00e9cor\u00e9 d&rsquo;une vue panoramique vibrante de Barcelone. Ce cendrier attrayant pr\u00e9sente l&#8217;embl\u00e9matique Sagrada Familia dans un design color\u00e9, avec des mosa\u00efques \u00e9voquant le style de Gaud\u00ed. Son int\u00e9rieur, sur fond clair, est d\u00e9cor\u00e9 du mot \u00ab\u00a0Barcelone\u00a0\u00bb et fini par un bord rouge qui souligne son \u00e9l\u00e9gance. Id\u00e9al comme souvenir, il allie art et fonctionnalit\u00e9 dans une pi\u00e8ce unique qui c\u00e9l\u00e8bre la culture catalane.<\/p>\n","protected":false},"featured_media":7771,"template":"","meta":{"_acf_changed":false},"product_brand":[],"product_cat":[584],"product_tag":[585],"class_list":{"0":"post-29618","1":"product","2":"type-product","3":"status-publish","4":"has-post-thumbnail","6":"product_cat-cendriers","7":"product_tag-ceramique","8":"pa_ciudad-barcelona","9":"pa_motivo-panoramas","10":"pa_pais-espana","12":"first","13":"instock","14":"shipping-taxable","15":"product-type-simple"},"acf":[],"_links":{"self":[{"href":"https:\/\/olemosaic.com\/fr\/wp-json\/wp\/v2\/product\/29618","targetHints":{"allow":["GET"]}}],"collection":[{"href":"https:\/\/olemosaic.com\/fr\/wp-json\/wp\/v2\/product"}],"about":[{"href":"https:\/\/olemosaic.com\/fr\/wp-json\/wp\/v2\/types\/product"}],"wp:featuredmedia":[{"embeddable":true,"href":"https:\/\/olemosaic.com\/fr\/wp-json\/wp\/v2\/media\/7771"}],"wp:attachment":[{"href":"https:\/\/olemosaic.com\/fr\/wp-json\/wp\/v2\/media?parent=29618"}],"wp:term":[{"taxonomy":"product_brand","embeddable":true,"href":"https:\/\/olemosaic.com\/fr\/wp-json\/wp\/v2\/product_brand?post=29618"},{"taxonomy":"product_cat","embeddable":true,"href":"https:\/\/olemosaic.com\/fr\/wp-json\/wp\/v2\/product_cat?post=29618"},{"taxonomy":"product_tag","embeddable":true,"href":"https:\/\/olemosaic.com\/fr\/wp-json\/wp\/v2\/product_tag?post=29618"}],"curies":[{"name":"wp","href":"https:\/\/api.w.org\/{rel}","templated":true}]}}