{"id":29617,"date":"2025-02-20T23:31:15","date_gmt":"2025-02-20T22:31:15","guid":{"rendered":"http:\/\/olemosaic.com\/producto\/cenicero-de-ceramica-de-11-cm-salamandra-mallorca-beige\/"},"modified":"2025-07-25T18:55:33","modified_gmt":"2025-07-25T16:55:33","slug":"cendrier-en-ceramique-de-11-cm-salamandre-majorque-beige","status":"publish","type":"product","link":"https:\/\/olemosaic.com\/fr\/produit\/cendrier-en-ceramique-de-11-cm-salamandre-majorque-beige\/","title":{"rendered":"Cendrier en c\u00e9ramique de 11 cm. Salamandre. Majorque. Beige"},"content":{"rendered":"<p>Ce cendrier en c\u00e9ramique de 11 cm est une pi\u00e8ce vibrante et authentique qui capture l&rsquo;essence de Majorque. Il pr\u00e9sente un design attrayant dans des tons beiges avec un bord sup\u00e9rieur orange \u00e9clatant, qui ajoute une touche \u00e9nergique \u00e0 son esth\u00e9tique. Orn\u00e9 d&rsquo;illustrations \u00e0 l&rsquo;effet peint \u00e0 la main, ce cendrier pr\u00e9sente des salamandres color\u00e9es et des fleurs d\u00e9licates, symbolisant la riche biodiversit\u00e9 de l&rsquo;\u00eele. Le mot \u00ab\u00a0MAJORQUE\u00a0\u00bb se distingue par une typographie joyeuse, renfor\u00e7ant son identit\u00e9 en tant que souvenir repr\u00e9sentatif de cette destination m\u00e9diterran\u00e9enne.<\/p>\n<p>Chaque d\u00e9tail de ce cendrier refl\u00e8te l&rsquo;h\u00e9ritage culturel de Majorque, o\u00f9 la c\u00e9ramique artisanale est devenue un symbole de la tradition locale. En tant que souvenir, ce cendrier n&rsquo;est pas seulement fonctionnel, mais aussi une pi\u00e8ce artistique qui \u00e9voque la nostalgie des vacances sur l&rsquo;\u00eele. C&rsquo;est un excellent choix pour les touristes \u00e0 la recherche de souvenirs de Majorque alliant authenticit\u00e9 et qualit\u00e9.<\/p>\n<p>Chez Ol\u00e9 Mosaic, nous sommes des distributeurs de souvenirs en gros et ce cendrier en c\u00e9ramique est une option id\u00e9ale pour les boutiques de cadeaux touristiques qui appr\u00e9cient l&rsquo;artisanat et la valeur culturelle. Nous proposons des produits authentiques qui c\u00e9l\u00e8brent la tradition et l&rsquo;art de chaque r\u00e9gion.<\/p>\n","protected":false},"excerpt":{"rendered":"<p>Cendrier en c\u00e9ramique de 11 cm avec un design vibrant de salamandres, inspir\u00e9 par la beaut\u00e9 de Majorque. Ce cendrier attrayant pr\u00e9sente une finition beige avec un bord sup\u00e9rieur orange brillant. D\u00e9cor\u00e9 d&rsquo;illustrations de salamandres et de fleurs \u00e0 l&rsquo;effet peint \u00e0 la main, ainsi que du mot \u00ab\u00a0MAJORQUE\u00a0\u00bb, cet article est un souvenir authentique de l&rsquo;\u00eele qui allie fonctionnalit\u00e9 et touche artistique dans chaque d\u00e9tail.<\/p>\n","protected":false},"featured_media":7734,"template":"","meta":{"_acf_changed":false},"product_brand":[],"product_cat":[584],"product_tag":[530,585],"class_list":{"0":"post-29617","1":"product","2":"type-product","3":"status-publish","4":"has-post-thumbnail","6":"product_cat-cendriers","7":"product_tag-animaux","8":"product_tag-ceramique","9":"pa_ciudad-mallorca","10":"pa_motivo-salamandres","11":"pa_pais-espana","13":"first","14":"instock","15":"shipping-taxable","16":"product-type-simple"},"acf":[],"_links":{"self":[{"href":"https:\/\/olemosaic.com\/fr\/wp-json\/wp\/v2\/product\/29617","targetHints":{"allow":["GET"]}}],"collection":[{"href":"https:\/\/olemosaic.com\/fr\/wp-json\/wp\/v2\/product"}],"about":[{"href":"https:\/\/olemosaic.com\/fr\/wp-json\/wp\/v2\/types\/product"}],"wp:featuredmedia":[{"embeddable":true,"href":"https:\/\/olemosaic.com\/fr\/wp-json\/wp\/v2\/media\/7734"}],"wp:attachment":[{"href":"https:\/\/olemosaic.com\/fr\/wp-json\/wp\/v2\/media?parent=29617"}],"wp:term":[{"taxonomy":"product_brand","embeddable":true,"href":"https:\/\/olemosaic.com\/fr\/wp-json\/wp\/v2\/product_brand?post=29617"},{"taxonomy":"product_cat","embeddable":true,"href":"https:\/\/olemosaic.com\/fr\/wp-json\/wp\/v2\/product_cat?post=29617"},{"taxonomy":"product_tag","embeddable":true,"href":"https:\/\/olemosaic.com\/fr\/wp-json\/wp\/v2\/product_tag?post=29617"}],"curies":[{"name":"wp","href":"https:\/\/api.w.org\/{rel}","templated":true}]}}