{"id":29611,"date":"2025-02-20T23:31:15","date_gmt":"2025-02-20T22:31:15","guid":{"rendered":"http:\/\/olemosaic.com\/producto\/cenicero-de-ceramica-de-11-cm-panoramica-barcelona-beige\/"},"modified":"2025-07-25T18:54:52","modified_gmt":"2025-07-25T16:54:52","slug":"cendrier-en-ceramique-de-11-cm-panoramique-barcelone-beige","status":"publish","type":"product","link":"https:\/\/olemosaic.com\/fr\/produit\/cendrier-en-ceramique-de-11-cm-panoramique-barcelone-beige\/","title":{"rendered":"Cendrier en c\u00e9ramique de 11 cm. Panoramique. Barcelone. Beige"},"content":{"rendered":"<p>Ce cendrier en c\u00e9ramique de 11 cm est un souvenir attrayant de Barcelone qui capture l&rsquo;essence et la beaut\u00e9 architecturale de la cit\u00e9 comtale. Sa base blanche fait ressortir les designs vibrants et vari\u00e9s peints \u00e0 la main, o\u00f9 se distinguent l&#8217;embl\u00e9matique Sagrada Familia et d&rsquo;autres b\u00e2timents repr\u00e9sentatifs qui caract\u00e9risent le paysage urbain de Barcelone. L&rsquo;art color\u00e9, riche en d\u00e9tails, refl\u00e8te l&rsquo;histoire riche et le dynamisme culturel de la ville, offrant un regard sur les tr\u00e9sors architecturaux qui attirent des touristes du monde entier.<\/p>\n<p>Le bord sup\u00e9rieur du cendrier pr\u00e9sente un ton rouge \u00e9l\u00e9gant qui, en plus d&rsquo;ajouter une touche de sophistication, compl\u00e8te harmonieusement les dessins vibrants de la base. Ce cendrier devient un objet d\u00e9coratif qui sera un charmant souvenir de la visite \u00e0 Barcelone, id\u00e9al pour ceux qui recherchent un souvenir authentique et repr\u00e9sentatif de la culture catalane.<\/p>\n<p>Chez Ol\u00e9 Mosaic, nous sommes des distributeurs de souvenirs en gros et proposons des produits qui mettent en valeur l&rsquo;h\u00e9ritage culturel de l&rsquo;Espagne. Ce cendrier est une excellente id\u00e9e pour les boutiques de cadeaux touristiques qui souhaitent offrir \u00e0 leurs clients des souvenirs uniques et significatifs de Barcelone, devenant un excellent cadeau ou un \u00e9l\u00e9ment d\u00e9coratif \u00e9l\u00e9gant pour la maison.<\/p>\n","protected":false},"excerpt":{"rendered":"<p>Cendrier en c\u00e9ramique de 11 cm avec une vue panoramique color\u00e9e de Barcelone. Sa base blanche fait ressortir les designs vibrants peints \u00e0 la main, parmi lesquels se distinguent l&#8217;embl\u00e9matique Sagrada Familia et d&rsquo;autres b\u00e2timents singuliers. La partie sup\u00e9rieure, dans un ton rouge \u00e9l\u00e9gant, compl\u00e8te l&rsquo;art d\u00e9taill\u00e9 qui capture l&rsquo;essence de la ville. Un souvenir id\u00e9al pour les amoureux de Barcelone et de sa riche culture.<\/p>\n","protected":false},"featured_media":7749,"template":"","meta":{"_acf_changed":false},"product_brand":[],"product_cat":[584],"product_tag":[585],"class_list":{"0":"post-29611","1":"product","2":"type-product","3":"status-publish","4":"has-post-thumbnail","6":"product_cat-cendriers","7":"product_tag-ceramique","8":"pa_ciudad-barcelona","9":"pa_motivo-panoramas","10":"pa_pais-espana","12":"first","13":"instock","14":"shipping-taxable","15":"product-type-simple"},"acf":[],"_links":{"self":[{"href":"https:\/\/olemosaic.com\/fr\/wp-json\/wp\/v2\/product\/29611","targetHints":{"allow":["GET"]}}],"collection":[{"href":"https:\/\/olemosaic.com\/fr\/wp-json\/wp\/v2\/product"}],"about":[{"href":"https:\/\/olemosaic.com\/fr\/wp-json\/wp\/v2\/types\/product"}],"wp:featuredmedia":[{"embeddable":true,"href":"https:\/\/olemosaic.com\/fr\/wp-json\/wp\/v2\/media\/7749"}],"wp:attachment":[{"href":"https:\/\/olemosaic.com\/fr\/wp-json\/wp\/v2\/media?parent=29611"}],"wp:term":[{"taxonomy":"product_brand","embeddable":true,"href":"https:\/\/olemosaic.com\/fr\/wp-json\/wp\/v2\/product_brand?post=29611"},{"taxonomy":"product_cat","embeddable":true,"href":"https:\/\/olemosaic.com\/fr\/wp-json\/wp\/v2\/product_cat?post=29611"},{"taxonomy":"product_tag","embeddable":true,"href":"https:\/\/olemosaic.com\/fr\/wp-json\/wp\/v2\/product_tag?post=29611"}],"curies":[{"name":"wp","href":"https:\/\/api.w.org\/{rel}","templated":true}]}}