{"id":29610,"date":"2025-02-20T23:31:14","date_gmt":"2025-02-20T22:31:14","guid":{"rendered":"http:\/\/olemosaic.com\/producto\/cenicero-de-ceramica-de-10-cm-ronda-blanco\/"},"modified":"2025-07-25T19:47:50","modified_gmt":"2025-07-25T17:47:50","slug":"cendrier-en-ceramique-de-10-cm-ronda-blanc","status":"publish","type":"product","link":"https:\/\/olemosaic.com\/fr\/produit\/cendrier-en-ceramique-de-10-cm-ronda-blanc\/","title":{"rendered":"Cendrier en c\u00e9ramique de 10 cm. Ronda. Blanc"},"content":{"rendered":"<p>Ce cendrier en c\u00e9ramique de 10 cm, inspir\u00e9 de l&#8217;embl\u00e9matique ville de Ronda, est un souvenir attrayant qui capture l&rsquo;essence culturelle de cette c\u00e9l\u00e8bre localit\u00e9 andalouse. Son design tr\u00e8s sp\u00e9cial pr\u00e9sente une illustration vibrante \u00e0 l&rsquo;int\u00e9rieur, o\u00f9 se distingue l&rsquo;iconique pont sur le Tage, l&rsquo;une des images les plus repr\u00e9sentatives de Ronda. Autour de cette architecture majestueuse, des figures stylis\u00e9es v\u00eatues de costumes traditionnels ont \u00e9t\u00e9 incorpor\u00e9es, \u00e9voquant le riche h\u00e9ritage folklorique de la r\u00e9gion. D\u00e9cor\u00e9 dans des tons vibrants de rouge, vert et noir, le cendrier montre \u00e9galement des \u00e9l\u00e9ments de mosa\u00efque, qui ajoutent une touche artistique et contemporaine \u00e0 la pi\u00e8ce. Le mot \u00ab RONDA \u00bb est pr\u00e9sent\u00e9 en lettres color\u00e9es, ce qui en fait non seulement un objet fonctionnel, mais aussi un rappel visuel de la beaut\u00e9 de la ville. Ce cendrier est un excellent choix pour ceux qui recherchent des souvenirs authentiques et repr\u00e9sentatifs, id\u00e9al pour se souvenir de l&rsquo;exp\u00e9rience andalouse. Chez Ol\u00e9 Mosaic, nous sommes des distributeurs de souvenirs en c\u00e9ramique qui c\u00e9l\u00e8brent la culture espagnole, offrant qualit\u00e9 et originalit\u00e9 pour les boutiques de cadeaux touristiques. Ce cendrier de Ronda est l&rsquo;option parfaite pour se connecter \u00e0 la tradition locale et offrir aux visiteurs un petit morceau de l&rsquo;histoire andalouse.<\/p>\n","protected":false},"excerpt":{"rendered":"<p>Cendrier en c\u00e9ramique de 10 cm, inspir\u00e9 de l&#8217;embl\u00e9matique ville de Ronda. Cet attrayant cendrier pr\u00e9sente une illustration color\u00e9e \u00e0 l&rsquo;int\u00e9rieur qui met en valeur le c\u00e9l\u00e8bre pont sur le d\u00e9fil\u00e9 et des figures stylis\u00e9es en costumes traditionnels. D\u00e9cor\u00e9 dans des tons vibrants de rouge, vert et noir, le design comprend des \u00e9l\u00e9ments de mosa\u00efque et le mot \u00ab\u00a0RONDA\u00a0\u00bb en lettres color\u00e9es, ce qui en fait un souvenir unique et repr\u00e9sentatif de la culture andalouse.<\/p>\n","protected":false},"featured_media":9984,"template":"","meta":{"_acf_changed":false},"product_brand":[],"product_cat":[584],"product_tag":[585],"class_list":{"0":"post-29610","1":"product","2":"type-product","3":"status-publish","4":"has-post-thumbnail","6":"product_cat-cendriers","7":"product_tag-ceramique","8":"pa_ciudad-ronda","9":"pa_pais-espana","11":"first","12":"instock","13":"shipping-taxable","14":"product-type-simple"},"acf":[],"_links":{"self":[{"href":"https:\/\/olemosaic.com\/fr\/wp-json\/wp\/v2\/product\/29610","targetHints":{"allow":["GET"]}}],"collection":[{"href":"https:\/\/olemosaic.com\/fr\/wp-json\/wp\/v2\/product"}],"about":[{"href":"https:\/\/olemosaic.com\/fr\/wp-json\/wp\/v2\/types\/product"}],"wp:featuredmedia":[{"embeddable":true,"href":"https:\/\/olemosaic.com\/fr\/wp-json\/wp\/v2\/media\/9984"}],"wp:attachment":[{"href":"https:\/\/olemosaic.com\/fr\/wp-json\/wp\/v2\/media?parent=29610"}],"wp:term":[{"taxonomy":"product_brand","embeddable":true,"href":"https:\/\/olemosaic.com\/fr\/wp-json\/wp\/v2\/product_brand?post=29610"},{"taxonomy":"product_cat","embeddable":true,"href":"https:\/\/olemosaic.com\/fr\/wp-json\/wp\/v2\/product_cat?post=29610"},{"taxonomy":"product_tag","embeddable":true,"href":"https:\/\/olemosaic.com\/fr\/wp-json\/wp\/v2\/product_tag?post=29610"}],"curies":[{"name":"wp","href":"https:\/\/api.w.org\/{rel}","templated":true}]}}