{"id":29609,"date":"2025-02-20T22:31:14","date_gmt":"2025-02-20T22:31:14","guid":{"rendered":"http:\/\/olemosaic.com\/producto\/cenicero-de-ceramica-de-10-cm-santiago-blanco\/"},"modified":"2025-07-25T19:47:27","modified_gmt":"2025-07-25T17:47:27","slug":"cendrier-en-ceramique-de-10-cm-saint-jacques-blanc","status":"publish","type":"product","link":"https:\/\/olemosaic.com\/fr\/produit\/cendrier-en-ceramique-de-10-cm-saint-jacques-blanc\/","title":{"rendered":"Cendrier en c\u00e9ramique de 10 cm. Saint-Jacques. Blanc"},"content":{"rendered":"<p>Ce cendrier en c\u00e9ramique de 10 cm, inspir\u00e9 de l&#8217;embl\u00e9matique Chemin de Saint-Jacques, est une combinaison parfaite de fonctionnalit\u00e9 et d&rsquo;art, id\u00e9al pour ceux qui recherchent un souvenir authentique de la Galice. Il pr\u00e9sente une illustration vibrante et color\u00e9e de l&rsquo;impressionnante cath\u00e9drale de Saint-Jacques, avec un accent sur ses imposantes tours rouges qui s&rsquo;\u00e9l\u00e8vent avec majest\u00e9. Les d\u00e9tails jaunes illuminent la sc\u00e8ne, cr\u00e9ant un attrait visuel captivant qui \u00e9voque la riche histoire du p\u00e8lerinage.<\/p>\n<p>Autour du bord, une charmante mosa\u00efque compl\u00e8te le design, tandis que le texte \u00ab\u00a0CAMINO DE SANTIAGO\u00a0\u00bb ressort clairement, servant de rappel du voyage spirituel et culturel qu&rsquo;il repr\u00e9sente. Ce cendrier n&rsquo;est pas seulement un objet d\u00e9coratif, mais aussi un symbole de la tradition du Chemin, qui attire des millions de p\u00e8lerins chaque ann\u00e9e. Sa finition blanche brillante rehausse encore plus les couleurs, en faisant une pi\u00e8ce visuellement attrayante pour n&rsquo;importe quelle maison ou espace.<\/p>\n<p>Chez Ol\u00e9 Mosaic, nous nous sp\u00e9cialisons dans la distribution de souvenirs en gros, et ce cendrier en c\u00e9ramique est une excellente option pour les boutiques de cadeaux touristiques \u00e0 la recherche d&rsquo;articles ayant une pertinence culturelle et une authenticit\u00e9. Ce souvenir du Chemin de Saint-Jacques est un cadeau id\u00e9al pour ceux qui souhaitent emporter un morceau de Galice chez eux.<\/p>\n","protected":false},"excerpt":{"rendered":"<p>Cendrier en c\u00e9ramique de 10 cm, inspir\u00e9 du Chemin de Saint-Jacques. Cet attrayant cendrier pr\u00e9sente une illustration color\u00e9e de la cath\u00e9drale de Saint-Jacques, mettant en valeur ses imposantes tours rouges et ses d\u00e9tails jaunes. D\u00e9cor\u00e9 d&rsquo;une charmante mosa\u00efque autour du bord et de l&rsquo;inscription \u00ab\u00a0CAMINO DE SANTIAGO\u00a0\u00bb, ce produit allie fonctionnalit\u00e9 et art, devenant un souvenir id\u00e9al de la riche tradition du p\u00e8lerinage galicien.<\/p>\n","protected":false},"featured_media":9927,"template":"","meta":{"_acf_changed":false},"product_brand":[],"product_cat":[584],"product_tag":[585],"class_list":{"0":"post-29609","1":"product","2":"type-product","3":"status-publish","4":"has-post-thumbnail","6":"product_cat-cendriers","7":"product_tag-ceramique","8":"pa_ciudad-santiago-de-compostela","9":"pa_pais-espana","11":"first","12":"instock","13":"shipping-taxable","14":"product-type-simple"},"acf":[],"_links":{"self":[{"href":"https:\/\/olemosaic.com\/fr\/wp-json\/wp\/v2\/product\/29609","targetHints":{"allow":["GET"]}}],"collection":[{"href":"https:\/\/olemosaic.com\/fr\/wp-json\/wp\/v2\/product"}],"about":[{"href":"https:\/\/olemosaic.com\/fr\/wp-json\/wp\/v2\/types\/product"}],"wp:featuredmedia":[{"embeddable":true,"href":"https:\/\/olemosaic.com\/fr\/wp-json\/wp\/v2\/media\/9927"}],"wp:attachment":[{"href":"https:\/\/olemosaic.com\/fr\/wp-json\/wp\/v2\/media?parent=29609"}],"wp:term":[{"taxonomy":"product_brand","embeddable":true,"href":"https:\/\/olemosaic.com\/fr\/wp-json\/wp\/v2\/product_brand?post=29609"},{"taxonomy":"product_cat","embeddable":true,"href":"https:\/\/olemosaic.com\/fr\/wp-json\/wp\/v2\/product_cat?post=29609"},{"taxonomy":"product_tag","embeddable":true,"href":"https:\/\/olemosaic.com\/fr\/wp-json\/wp\/v2\/product_tag?post=29609"}],"curies":[{"name":"wp","href":"https:\/\/api.w.org\/{rel}","templated":true}]}}