{"id":29608,"date":"2025-02-20T22:31:14","date_gmt":"2025-02-20T22:31:14","guid":{"rendered":"http:\/\/olemosaic.com\/producto\/cenicero-de-ceramica-de-10-cm-mijas-blanco\/"},"modified":"2025-07-25T18:47:25","modified_gmt":"2025-07-25T16:47:25","slug":"cendrier-en-ceramique-de-10-cm-mijas-blanc","status":"publish","type":"product","link":"https:\/\/olemosaic.com\/fr\/produit\/cendrier-en-ceramique-de-10-cm-mijas-blanc\/","title":{"rendered":"Cendrier en c\u00e9ramique de 10 cm. Mijas. Blanc"},"content":{"rendered":"<p>Ce cendrier en c\u00e9ramique de 10 cm est une repr\u00e9sentation parfaite de la charmante Plaza de Toros de Mijas, un point de rep\u00e8re embl\u00e9matique de la c\u00f4te andalouse. Avec une finition blanche \u00e9l\u00e9gante, le cendrier se distingue non seulement par sa fonctionnalit\u00e9, mais aussi par son design d\u00e9coratif vibrant. \u00c0 l&rsquo;int\u00e9rieur, une mosa\u00efque color\u00e9e capture l&rsquo;essence de Mijas, montrant des palmiers luxuriants et l&rsquo;architecture traditionnelle qui caract\u00e9rise le village. Les nuances du dessin \u00e9voquent l&rsquo;atmosph\u00e8re chaleureuse de la r\u00e9gion, tandis que les lettres \u00ab\u00a0MIJAS\u00a0\u00bb, dispos\u00e9es artistiquement \u00e0 l&rsquo;ext\u00e9rieur, ajoutent une touche distinctive, garantissant que ce souvenir soit inoubliable pour celui qui l&rsquo;acquiert.<\/p>\n<p>Le lien culturel de ce cendrier avec Mijas est ind\u00e9niable ; ce n&rsquo;est pas seulement un objet utilitaire, mais il refl\u00e8te \u00e9galement le riche h\u00e9ritage andalou, id\u00e9al pour ceux qui cherchent \u00e0 emporter un petit morceau du village chez eux. Les souvenirs de Mijas sont appr\u00e9ci\u00e9s pour leur authenticit\u00e9 et leur singularit\u00e9, devenant une option de choix pour les touristes et les collectionneurs. Chez Ol\u00e9 Mosaic, en tant que distributeurs de souvenirs en gros, nous proposons ce cendrier en c\u00e9ramique qui est bien plus qu&rsquo;un simple accessoire : c&rsquo;est une c\u00e9l\u00e9bration de la culture espagnole, parfaite pour les boutiques de cadeaux touristiques souhaitant offrir des produits originaux et de qualit\u00e9. Ce cendrier n&#8217;embellira pas seulement n&rsquo;importe quel espace, mais il \u00e9voquera \u00e9galement des souvenirs de l&rsquo;un des joyaux de l&rsquo;Andalousie.<\/p>\n","protected":false},"excerpt":{"rendered":"<p>Cendrier en c\u00e9ramique de 10 cm, d\u00e9cor\u00e9 d&rsquo;une illustration color\u00e9e de l&#8217;embl\u00e9matique Plaza de Toros de Mijas. Ce cendrier, avec une belle finition blanche et des d\u00e9tails en mosa\u00efque \u00e0 l&rsquo;int\u00e9rieur, pr\u00e9sente des \u00e9l\u00e9ments distinctifs tels que des palmiers et l&rsquo;architecture traditionnelle du lieu. Les lettres \u00ab\u00a0MIJAS\u00a0\u00bb ornent l&rsquo;ext\u00e9rieur, dans un design attrayant qui capture l&rsquo;esprit de ce charmant village andalou. Id\u00e9al pour ceux qui souhaitent emporter un petit morceau de Mijas chez eux.<\/p>\n","protected":false},"featured_media":10010,"template":"","meta":{"_acf_changed":false},"product_brand":[],"product_cat":[584],"product_tag":[530,585],"class_list":{"0":"post-29608","1":"product","2":"type-product","3":"status-publish","4":"has-post-thumbnail","6":"product_cat-cendriers","7":"product_tag-animaux","8":"product_tag-ceramique","9":"pa_ciudad-mijas","10":"pa_pais-espana","12":"first","13":"instock","14":"shipping-taxable","15":"product-type-simple"},"acf":[],"_links":{"self":[{"href":"https:\/\/olemosaic.com\/fr\/wp-json\/wp\/v2\/product\/29608","targetHints":{"allow":["GET"]}}],"collection":[{"href":"https:\/\/olemosaic.com\/fr\/wp-json\/wp\/v2\/product"}],"about":[{"href":"https:\/\/olemosaic.com\/fr\/wp-json\/wp\/v2\/types\/product"}],"wp:featuredmedia":[{"embeddable":true,"href":"https:\/\/olemosaic.com\/fr\/wp-json\/wp\/v2\/media\/10010"}],"wp:attachment":[{"href":"https:\/\/olemosaic.com\/fr\/wp-json\/wp\/v2\/media?parent=29608"}],"wp:term":[{"taxonomy":"product_brand","embeddable":true,"href":"https:\/\/olemosaic.com\/fr\/wp-json\/wp\/v2\/product_brand?post=29608"},{"taxonomy":"product_cat","embeddable":true,"href":"https:\/\/olemosaic.com\/fr\/wp-json\/wp\/v2\/product_cat?post=29608"},{"taxonomy":"product_tag","embeddable":true,"href":"https:\/\/olemosaic.com\/fr\/wp-json\/wp\/v2\/product_tag?post=29608"}],"curies":[{"name":"wp","href":"https:\/\/api.w.org\/{rel}","templated":true}]}}