{"id":29607,"date":"2025-02-20T23:31:14","date_gmt":"2025-02-20T22:31:14","guid":{"rendered":"http:\/\/olemosaic.com\/producto\/cenicero-de-ceramica-de-10-cm-salamandra-y-flores-blanco\/"},"modified":"2025-07-25T19:46:08","modified_gmt":"2025-07-25T17:46:08","slug":"cendrier-en-ceramique-de-10-cm-salamandre-et-fleurs-blanc","status":"publish","type":"product","link":"https:\/\/olemosaic.com\/fr\/produit\/cendrier-en-ceramique-de-10-cm-salamandre-et-fleurs-blanc\/","title":{"rendered":"Cendrier en c\u00e9ramique de 10 cm. Salamandre et fleurs. Blanc"},"content":{"rendered":"<p>Ce cendrier en c\u00e9ramique de 10 cm est une pi\u00e8ce charmante qui allie fonctionnalit\u00e9 et art, parfait pour ceux qui recherchent un souvenir authentique de la culture espagnole. Sa base blanche met en valeur un design vibrant, o\u00f9 une salamandre color\u00e9e est la protagoniste, orn\u00e9e de mosa\u00efques aux tons bleus, rouges et verts qui lui donnent un caract\u00e8re dynamique et joyeux. Autour de la salamandre, des fleurs \u00e9clatantes en jaune et rouge scintillent et compl\u00e8tent merveilleusement le design, cr\u00e9ant une atmosph\u00e8re de fra\u00eecheur et de gaiet\u00e9.<\/p>\n<p>Fabriqu\u00e9 en c\u00e9ramique de haute qualit\u00e9 et peint \u00e0 la main, ce cendrier n&rsquo;est pas seulement pratique, mais aussi un objet d\u00e9coratif qui ajoute une touche distinctive \u00e0 n&rsquo;importe quel espace. Sa finition \u00e9maill\u00e9e prot\u00e8ge l&rsquo;art et lui donne un \u00e9clat doux, refl\u00e9tant le charme de l&rsquo;art traditionnel espagnol, typiquement trouv\u00e9 dans les r\u00e9gions du sud. Ce cendrier est un excellent souvenir qui encapsule l&rsquo;essence des traditions artisanales d&rsquo;Espagne, devenant un souvenir m\u00e9morable pour les touristes qui cherchent \u00e0 emporter un morceau du pays.<\/p>\n<p>Chez Ol\u00e9 Mosaic, nous nous sp\u00e9cialisons dans la distribution de souvenirs en gros, offrant des articles uniques qui c\u00e9l\u00e8brent la richesse culturelle de l&rsquo;Espagne. Ce cendrier est un choix id\u00e9al pour les boutiques de cadeaux touristiques qui souhaitent proposer des produits authentiques et repr\u00e9sentatifs. En tant que grossistes en c\u00e9ramique, nous garantissons la qualit\u00e9 et l&rsquo;originalit\u00e9 de chaque pi\u00e8ce, faisant de ce cendrier un cadeau parfait qui \u00e9voque la beaut\u00e9 et les couleurs de la culture espagnole.<\/p>\n","protected":false},"excerpt":{"rendered":"<p>Cendrier en c\u00e9ramique de 10 cm d\u00e9cor\u00e9 d&rsquo;une salamandre color\u00e9e et de fleurs. Cet \u00e9l\u00e9gant cendrier blanc pr\u00e9sente un design artisanal, peint \u00e0 la main, o\u00f9 se distingue une salamandre aux mosa\u00efques vibrantes dans les tons bleus, rouges et verts, entour\u00e9e de fleurs jaunes et rouges \u00e9clatantes. Sa finition \u00e9maill\u00e9e et les d\u00e9tails floraux d\u00e9licats refl\u00e8tent le charme de l&rsquo;art traditionnel espagnol, id\u00e9al pour donner une touche distinctive \u00e0 n&rsquo;importe quel espace.<\/p>\n","protected":false},"featured_media":8348,"template":"","meta":{"_acf_changed":false},"product_brand":[],"product_cat":[584],"product_tag":[530,585],"class_list":{"0":"post-29607","1":"product","2":"type-product","3":"status-publish","4":"has-post-thumbnail","6":"product_cat-cendriers","7":"product_tag-animaux","8":"product_tag-ceramique","9":"pa_motivo-salamandres","11":"first","12":"instock","13":"shipping-taxable","14":"product-type-simple"},"acf":[],"_links":{"self":[{"href":"https:\/\/olemosaic.com\/fr\/wp-json\/wp\/v2\/product\/29607","targetHints":{"allow":["GET"]}}],"collection":[{"href":"https:\/\/olemosaic.com\/fr\/wp-json\/wp\/v2\/product"}],"about":[{"href":"https:\/\/olemosaic.com\/fr\/wp-json\/wp\/v2\/types\/product"}],"wp:featuredmedia":[{"embeddable":true,"href":"https:\/\/olemosaic.com\/fr\/wp-json\/wp\/v2\/media\/8348"}],"wp:attachment":[{"href":"https:\/\/olemosaic.com\/fr\/wp-json\/wp\/v2\/media?parent=29607"}],"wp:term":[{"taxonomy":"product_brand","embeddable":true,"href":"https:\/\/olemosaic.com\/fr\/wp-json\/wp\/v2\/product_brand?post=29607"},{"taxonomy":"product_cat","embeddable":true,"href":"https:\/\/olemosaic.com\/fr\/wp-json\/wp\/v2\/product_cat?post=29607"},{"taxonomy":"product_tag","embeddable":true,"href":"https:\/\/olemosaic.com\/fr\/wp-json\/wp\/v2\/product_tag?post=29607"}],"curies":[{"name":"wp","href":"https:\/\/api.w.org\/{rel}","templated":true}]}}