{"id":29586,"date":"2025-02-20T22:31:14","date_gmt":"2025-02-20T22:31:14","guid":{"rendered":"http:\/\/olemosaic.com\/producto\/cenicero-de-ceramica-de-10-cm-toros-madrid-blanco\/"},"modified":"2025-07-25T19:06:05","modified_gmt":"2025-07-25T17:06:05","slug":"cendrier-en-ceramique-de-10-cm-taureaux-madrid-blanc","status":"publish","type":"product","link":"https:\/\/olemosaic.com\/fr\/produit\/cendrier-en-ceramique-de-10-cm-taureaux-madrid-blanc\/","title":{"rendered":"Cendrier en c\u00e9ramique de 10 cm. Taureaux. Madrid. Blanc"},"content":{"rendered":"<p>Ce cendrier en c\u00e9ramique de 10 cm est une pi\u00e8ce singuli\u00e8re qui capture l&rsquo;essence de la riche tradition taurine madril\u00e8ne. Son design vibrant pr\u00e9sente une mosa\u00efque color\u00e9e \u00e0 l&rsquo;int\u00e9rieur, o\u00f9 un majestueux taureau se dresse dans des tons verts, se d\u00e9tachant avec force dans son environnement. \u00c0 ses c\u00f4t\u00e9s, un soleil radieux dans les tons rouges et jaunes irradie de l&rsquo;\u00e9nergie, tandis que des fleurs d\u00e9licates ajoutent une touche de fra\u00eecheur et de vitalit\u00e9 \u00e0 l&rsquo;ensemble. La base blanche du cendrier ne fait pas que souligner l&rsquo;intensit\u00e9 des couleurs, elle offre \u00e9galement un contraste \u00e9l\u00e9gant, faisant briller chaque d\u00e9tail avec authenticit\u00e9.<\/p>\n<p>Le texte \u00ab\u00a0MADRID\u00a0\u00bb imprim\u00e9 sur la partie inf\u00e9rieure renforce sa valeur en tant que souvenir repr\u00e9sentatif de la capitale espagnole, faisant de ce cendrier un article distinctif et attrayant. Cette pi\u00e8ce n&rsquo;est pas seulement pratique, elle agit comme un rappel tangible de la culture et des traditions de Madrid, en particulier de sa c\u00e9l\u00e8bre passion pour les taureaux. Chez Ol\u00e9 Mosaic, nous nous sp\u00e9cialisons dans la distribution de souvenirs en gros, et ce cendrier se pr\u00e9sente comme une excellente option pour les boutiques de cadeaux touristiques qui cherchent \u00e0 offrir \u00e0 leurs clients un souvenir authentique de leur visite en Espagne. En tant que grossistes en c\u00e9ramique, nous garantissons que chaque pi\u00e8ce refl\u00e8te le riche h\u00e9ritage culturel qui caract\u00e9rise nos produits, en faisant un article indispensable pour ceux qui souhaitent emporter un morceau de Madrid.<\/p>\n","protected":false},"excerpt":{"rendered":"<p>Cendrier en c\u00e9ramique de 10 cm d\u00e9cor\u00e9 d&rsquo;un motif vibrant de taureaux, repr\u00e9sentant la riche tradition taurine de Madrid. \u00c0 l&rsquo;int\u00e9rieur, une mosa\u00efque color\u00e9e montre un taureau dans les tons verts et un soleil radieux en rouge et jaune, le tout compl\u00e9t\u00e9 par des fleurs qui apportent une touche de fra\u00eecheur. La base blanche rehausse les couleurs, et sur la partie inf\u00e9rieure, l&rsquo;inscription \u00ab\u00a0MADRID\u00a0\u00bb en fait un souvenir distinctif et attrayant.<\/p>\n","protected":false},"featured_media":8598,"template":"","meta":{"_acf_changed":false},"product_brand":[],"product_cat":[584],"product_tag":[530,585],"class_list":{"0":"post-29586","1":"product","2":"type-product","3":"status-publish","4":"has-post-thumbnail","6":"product_cat-cendriers","7":"product_tag-animaux","8":"product_tag-ceramique","9":"pa_ciudad-madrid","10":"pa_motivo-taureaux","11":"pa_pais-espana","13":"first","14":"instock","15":"shipping-taxable","16":"product-type-simple"},"acf":[],"_links":{"self":[{"href":"https:\/\/olemosaic.com\/fr\/wp-json\/wp\/v2\/product\/29586","targetHints":{"allow":["GET"]}}],"collection":[{"href":"https:\/\/olemosaic.com\/fr\/wp-json\/wp\/v2\/product"}],"about":[{"href":"https:\/\/olemosaic.com\/fr\/wp-json\/wp\/v2\/types\/product"}],"wp:featuredmedia":[{"embeddable":true,"href":"https:\/\/olemosaic.com\/fr\/wp-json\/wp\/v2\/media\/8598"}],"wp:attachment":[{"href":"https:\/\/olemosaic.com\/fr\/wp-json\/wp\/v2\/media?parent=29586"}],"wp:term":[{"taxonomy":"product_brand","embeddable":true,"href":"https:\/\/olemosaic.com\/fr\/wp-json\/wp\/v2\/product_brand?post=29586"},{"taxonomy":"product_cat","embeddable":true,"href":"https:\/\/olemosaic.com\/fr\/wp-json\/wp\/v2\/product_cat?post=29586"},{"taxonomy":"product_tag","embeddable":true,"href":"https:\/\/olemosaic.com\/fr\/wp-json\/wp\/v2\/product_tag?post=29586"}],"curies":[{"name":"wp","href":"https:\/\/api.w.org\/{rel}","templated":true}]}}