{"id":29585,"date":"2025-02-20T23:31:14","date_gmt":"2025-02-20T22:31:14","guid":{"rendered":"http:\/\/olemosaic.com\/producto\/cenicero-de-ceramica-de-10-cm-bogavante-blanco\/"},"modified":"2025-07-25T20:16:09","modified_gmt":"2025-07-25T18:16:09","slug":"cendrier-en-ceramique-de-10-cm-homard-blanc","status":"publish","type":"product","link":"https:\/\/olemosaic.com\/fr\/produit\/cendrier-en-ceramique-de-10-cm-homard-blanc\/","title":{"rendered":"Cendrier en c\u00e9ramique de 10 cm. Homard. Blanc"},"content":{"rendered":"<p>Ce cendrier en c\u00e9ramique de 10 cm est une pi\u00e8ce d\u00e9corative qui capture l&rsquo;essence du folklore c\u00f4tier espagnol. Avec un design circulaire et une finition brillante, sa surface est orn\u00e9e de homards color\u00e9s, vibrants dans des tons rouges et oranges, qui semblent prendre vie sur un fond bleu de carreaux traditionnels. La c\u00e9ramique blanche offre un contraste \u00e9l\u00e9gant, mettant en valeur les d\u00e9tails peints \u00e0 la main qui apportent une touche authentique et unique \u00e0 chaque pi\u00e8ce.<\/p>\n<p>Ce cendrier s&rsquo;inspire de la riche faune marine des c\u00f4tes espagnoles, ce qui en fait un souvenir id\u00e9al pour les amoureux de la mer et de la culture m\u00e9diterran\u00e9enne. Les homards, symboles de la gastronomie c\u00f4ti\u00e8re, \u00e9voquent la fra\u00eecheur et la saveur des plats typiques de la r\u00e9gion, faisant de cet article un \u00e9l\u00e9ment parfait, non seulement pour un usage personnel, mais aussi comme d\u00e9coration dans n&rsquo;importe quel foyer.<\/p>\n<p>En tant que distributeur de souvenirs en gros, Ol\u00e9 Mosaic propose des produits qui refl\u00e8tent l&rsquo;authenticit\u00e9 et la richesse de la culture espagnole. Ce cendrier n&#8217;embellira pas seulement n&rsquo;importe quel espace, il servira \u00e9galement de souvenir tangible d&rsquo;une exp\u00e9rience c\u00f4ti\u00e8re inoubliable, ce qui en fait une excellente id\u00e9e de cadeau pour les touristes \u00e0 la recherche d&rsquo;un souvenir authentique de leur visite. Les souvenirs en c\u00e9ramique comme ce cendrier sont un reflet de la tradition artisanale espagnole, et sa qualit\u00e9 artisanale le fera ressortir dans n&rsquo;importe quelle boutique de cadeaux touristiques.<\/p>\n","protected":false},"excerpt":{"rendered":"<p>Cendrier en c\u00e9ramique de 10 cm, d\u00e9cor\u00e9 de homards color\u00e9s sur un fond de carreaux aux tons bleus. Ce cendrier \u00e9l\u00e9gant au design circulaire pr\u00e9sente une finition brillante et des d\u00e9tails vibrants, mettant en valeur la faune marine. Avec un motif culturel attrayant, il est id\u00e9al pour ceux qui recherchent un souvenir repr\u00e9sentatif du folklore c\u00f4tier espagnol. Son design artisanal, peint \u00e0 la main, en fait une pi\u00e8ce unique et frappante pour n&rsquo;importe quel foyer.<\/p>\n","protected":false},"featured_media":9465,"template":"","meta":{"_acf_changed":false},"product_brand":[],"product_cat":[584],"product_tag":[530,585],"class_list":{"0":"post-29585","1":"product","2":"type-product","3":"status-publish","4":"has-post-thumbnail","6":"product_cat-cendriers","7":"product_tag-animaux","8":"product_tag-ceramique","9":"pa_motivo-homards","11":"first","12":"instock","13":"shipping-taxable","14":"product-type-simple"},"acf":[],"_links":{"self":[{"href":"https:\/\/olemosaic.com\/fr\/wp-json\/wp\/v2\/product\/29585","targetHints":{"allow":["GET"]}}],"collection":[{"href":"https:\/\/olemosaic.com\/fr\/wp-json\/wp\/v2\/product"}],"about":[{"href":"https:\/\/olemosaic.com\/fr\/wp-json\/wp\/v2\/types\/product"}],"wp:featuredmedia":[{"embeddable":true,"href":"https:\/\/olemosaic.com\/fr\/wp-json\/wp\/v2\/media\/9465"}],"wp:attachment":[{"href":"https:\/\/olemosaic.com\/fr\/wp-json\/wp\/v2\/media?parent=29585"}],"wp:term":[{"taxonomy":"product_brand","embeddable":true,"href":"https:\/\/olemosaic.com\/fr\/wp-json\/wp\/v2\/product_brand?post=29585"},{"taxonomy":"product_cat","embeddable":true,"href":"https:\/\/olemosaic.com\/fr\/wp-json\/wp\/v2\/product_cat?post=29585"},{"taxonomy":"product_tag","embeddable":true,"href":"https:\/\/olemosaic.com\/fr\/wp-json\/wp\/v2\/product_tag?post=29585"}],"curies":[{"name":"wp","href":"https:\/\/api.w.org\/{rel}","templated":true}]}}