{"id":29584,"date":"2025-02-20T23:31:14","date_gmt":"2025-02-20T22:31:14","guid":{"rendered":"http:\/\/olemosaic.com\/producto\/cenicero-de-ceramica-de-10-cm-flores-blanco\/"},"modified":"2025-07-25T18:48:12","modified_gmt":"2025-07-25T16:48:12","slug":"cendrier-en-ceramique-de-10-cm-fleurs-blanc","status":"publish","type":"product","link":"https:\/\/olemosaic.com\/fr\/produit\/cendrier-en-ceramique-de-10-cm-fleurs-blanc\/","title":{"rendered":"Cendrier en c\u00e9ramique de 10 cm. Fleurs. Blanc"},"content":{"rendered":"<p>Ce cendrier en c\u00e9ramique de 10 cm est un joyau d\u00e9coratif qui apporte une touche de couleur vibrante et d&rsquo;authenticit\u00e9 \u00e0 n&rsquo;importe quel espace. Son design artistique, sur fond blanc, met en valeur une spectaculaire mosa\u00efque florale dans les tons rouges, jaunes, bleus et verts, \u00e9voquant le riche folklore espagnol. Chaque d\u00e9tail du cendrier est peint \u00e0 la main, ce qui garantit que chaque pi\u00e8ce est unique, reflet de la tradition artisanale de l&rsquo;Espagne. Les fleurs, avec leurs formes stylis\u00e9es et leurs couleurs vives, ne remplissent pas seulement une fonction d\u00e9corative, mais racontent aussi une histoire : elles sont un hommage \u00e0 la beaut\u00e9 de la nature qui orne les places et les patios de notre pays.<\/p>\n<p>Ce cendrier n&rsquo;est pas seulement un objet fonctionnel, il devient un pr\u00e9cieux souvenir d&rsquo;Espagne, id\u00e9al pour les touristes qui souhaitent emporter un petit morceau de notre culture. Faisant partie du riche h\u00e9ritage espagnol, cet objet pourrait \u00e9galement servir d&rsquo;excellent cadeau, \u00e9voquant des souvenirs d&rsquo;exp\u00e9riences v\u00e9cues sur les march\u00e9s et lors des f\u00eates locales. Chez Ol\u00e9 Mosaic, en tant que distributeurs de souvenirs en gros, nous proposons des produits qui se distinguent par leur qualit\u00e9 et leur authenticit\u00e9. Ce cendrier \u00e0 fleurs est une option parfaite pour les boutiques de cadeaux touristiques qui cherchent \u00e0 offrir \u00e0 leurs clients des souvenirs uniques et repr\u00e9sentatifs de l&rsquo;Espagne.<\/p>\n","protected":false},"excerpt":{"rendered":"<p>Cendrier en c\u00e9ramique de 10 cm d\u00e9cor\u00e9 d&rsquo;un motif floral vibrant. Cet article attrayant pr\u00e9sente un fond blanc qui fait ressortir une mosa\u00efque color\u00e9e de fleurs dans les tons rouges, jaunes, bleus et verts, apportant une touche artistique \u00e0 n&rsquo;importe quel espace. Avec des d\u00e9tails peints \u00e0 la main \u00e9voquant le folklore de la r\u00e9gion, ce cendrier allie fonctionnalit\u00e9 et esth\u00e9tique, devenant un parfait souvenir d&rsquo;Espagne.<\/p>\n","protected":false},"featured_media":8872,"template":"","meta":{"_acf_changed":false},"product_brand":[],"product_cat":[584],"product_tag":[585],"class_list":{"0":"post-29584","1":"product","2":"type-product","3":"status-publish","4":"has-post-thumbnail","6":"product_cat-cendriers","7":"product_tag-ceramique","8":"pa_motivo-fleurs","10":"first","11":"instock","12":"shipping-taxable","13":"product-type-simple"},"acf":[],"_links":{"self":[{"href":"https:\/\/olemosaic.com\/fr\/wp-json\/wp\/v2\/product\/29584","targetHints":{"allow":["GET"]}}],"collection":[{"href":"https:\/\/olemosaic.com\/fr\/wp-json\/wp\/v2\/product"}],"about":[{"href":"https:\/\/olemosaic.com\/fr\/wp-json\/wp\/v2\/types\/product"}],"wp:featuredmedia":[{"embeddable":true,"href":"https:\/\/olemosaic.com\/fr\/wp-json\/wp\/v2\/media\/8872"}],"wp:attachment":[{"href":"https:\/\/olemosaic.com\/fr\/wp-json\/wp\/v2\/media?parent=29584"}],"wp:term":[{"taxonomy":"product_brand","embeddable":true,"href":"https:\/\/olemosaic.com\/fr\/wp-json\/wp\/v2\/product_brand?post=29584"},{"taxonomy":"product_cat","embeddable":true,"href":"https:\/\/olemosaic.com\/fr\/wp-json\/wp\/v2\/product_cat?post=29584"},{"taxonomy":"product_tag","embeddable":true,"href":"https:\/\/olemosaic.com\/fr\/wp-json\/wp\/v2\/product_tag?post=29584"}],"curies":[{"name":"wp","href":"https:\/\/api.w.org\/{rel}","templated":true}]}}