{"id":29583,"date":"2025-02-20T22:31:13","date_gmt":"2025-02-20T22:31:13","guid":{"rendered":"http:\/\/olemosaic.com\/producto\/cenicero-de-ceramica-de-10-cm-lisboa-blanco\/"},"modified":"2025-07-25T21:29:57","modified_gmt":"2025-07-25T19:29:57","slug":"cendrier-en-ceramique-de-10-cm-lisbonne-blanc","status":"publish","type":"product","link":"https:\/\/olemosaic.com\/fr\/produit\/cendrier-en-ceramique-de-10-cm-lisbonne-blanc\/","title":{"rendered":"Cendrier en c\u00e9ramique de 10 cm. Lisbonne. Blanc"},"content":{"rendered":"<p>Ce cendrier en c\u00e9ramique de 10 cm est une belle repr\u00e9sentation de la vibrante Lisbonne, id\u00e9al pour ceux qui souhaitent emporter un morceau de l&rsquo;essence lisbo\u00e8te chez eux. La c\u00e9ramique, aux tons bleus et blancs, se distingue par son design attrayant : l&rsquo;iconique tramway jaune, symbole du transport traditionnel de la ville, parcourt un fond rempli de b\u00e2timents color\u00e9s caract\u00e9ristiques. Cette sc\u00e8ne capture l&rsquo;atmosph\u00e8re unique de Lisbonne, c\u00e9l\u00e8bre pour ses collines et ses ruelles pittoresques. Le mot \u00ab\u00a0LISBOA\u00a0\u00bb est \u00e9l\u00e9gamment imprim\u00e9 \u00e0 l&rsquo;ext\u00e9rieur du cendrier, ajoutant une touche distinctive et renfor\u00e7ant son authenticit\u00e9 en tant que souvenir.<\/p>\n<p>L&rsquo;utilisation de couleurs vives et de d\u00e9tails artistiques dans la d\u00e9coration de ce cendrier en fait un article \u00e0 la fois fonctionnel et d\u00e9coratif, id\u00e9al pour tout amateur de la culture portugaise. Son design attrayant ne sert pas seulement d&rsquo;objet pratique, mais \u00e9voque \u00e9galement des souvenirs de promenades dans la ville, en profitant de sa riche architecture et de son ambiance vibrante.<\/p>\n<p>Chez Ol\u00e9 Mosaic, nous nous sp\u00e9cialisons dans la distribution de souvenirs en gros et ce cendrier de Lisbonne repr\u00e9sente parfaitement l&rsquo;authenticit\u00e9 que nous recherchons dans nos produits. C&rsquo;est une excellente option pour les boutiques de cadeaux touristiques qui souhaitent proposer des souvenirs en c\u00e9ramique uniques, capturant l&rsquo;essence de Lisbonne et de sa culture. Il attirera les touristes \u00e0 la recherche de souvenirs significatifs de leur voyage, devenant un excellent sujet de conversation dans n&rsquo;importe quel foyer.<\/p>\n","protected":false},"excerpt":{"rendered":"<p>Cendrier en c\u00e9ramique de 10 cm d\u00e9cor\u00e9 d&rsquo;une repr\u00e9sentation vibrante de Lisbonne. Ce cendrier attrayant, aux tons bleus et blancs, montre l&rsquo;iconique tramway jaune sur un fond de paysage urbain color\u00e9, avec des b\u00e2timents embl\u00e9matiques de la ville. Le mot \u00ab\u00a0LISBOA\u00a0\u00bb appara\u00eet \u00e9l\u00e9gamment imprim\u00e9 \u00e0 l&rsquo;ext\u00e9rieur, ajoutant une touche distinctive. Id\u00e9al pour ceux qui souhaitent emporter un morceau de l&rsquo;essence lisbo\u00e8te chez eux.<\/p>\n","protected":false},"featured_media":9910,"template":"","meta":{"_acf_changed":false},"product_brand":[],"product_cat":[584],"product_tag":[585],"class_list":{"0":"post-29583","1":"product","2":"type-product","3":"status-publish","4":"has-post-thumbnail","6":"product_cat-cendriers","7":"product_tag-ceramique","8":"pa_ciudad-lisboa","9":"pa_pais-portugal","11":"first","12":"instock","13":"shipping-taxable","14":"product-type-simple"},"acf":[],"_links":{"self":[{"href":"https:\/\/olemosaic.com\/fr\/wp-json\/wp\/v2\/product\/29583","targetHints":{"allow":["GET"]}}],"collection":[{"href":"https:\/\/olemosaic.com\/fr\/wp-json\/wp\/v2\/product"}],"about":[{"href":"https:\/\/olemosaic.com\/fr\/wp-json\/wp\/v2\/types\/product"}],"wp:featuredmedia":[{"embeddable":true,"href":"https:\/\/olemosaic.com\/fr\/wp-json\/wp\/v2\/media\/9910"}],"wp:attachment":[{"href":"https:\/\/olemosaic.com\/fr\/wp-json\/wp\/v2\/media?parent=29583"}],"wp:term":[{"taxonomy":"product_brand","embeddable":true,"href":"https:\/\/olemosaic.com\/fr\/wp-json\/wp\/v2\/product_brand?post=29583"},{"taxonomy":"product_cat","embeddable":true,"href":"https:\/\/olemosaic.com\/fr\/wp-json\/wp\/v2\/product_cat?post=29583"},{"taxonomy":"product_tag","embeddable":true,"href":"https:\/\/olemosaic.com\/fr\/wp-json\/wp\/v2\/product_tag?post=29583"}],"curies":[{"name":"wp","href":"https:\/\/api.w.org\/{rel}","templated":true}]}}