{"id":29582,"date":"2025-02-20T22:31:13","date_gmt":"2025-02-20T22:31:13","guid":{"rendered":"http:\/\/olemosaic.com\/producto\/cenicero-de-ceramica-de-10-cm-salamandra-y-flores-barcelona-blanco\/"},"modified":"2025-07-25T18:40:58","modified_gmt":"2025-07-25T16:40:58","slug":"cendrier-en-ceramique-de-10-cm-salamandre-et-fleurs-barcelone-blanc","status":"publish","type":"product","link":"https:\/\/olemosaic.com\/fr\/produit\/cendrier-en-ceramique-de-10-cm-salamandre-et-fleurs-barcelone-blanc\/","title":{"rendered":"Cendrier en c\u00e9ramique de 10 cm. Salamandre et fleurs. Barcelone. Blanc"},"content":{"rendered":"<p>Ce cendrier en c\u00e9ramique de 10 cm est une pi\u00e8ce d\u00e9corative exquise inspir\u00e9e de l&rsquo;esth\u00e9tique moderniste vibrante de Barcelone. Avec une finition blanche qui souligne la beaut\u00e9 de son design, ce chef-d&rsquo;\u0153uvre artisanal est orn\u00e9 d&rsquo;une illustration d&rsquo;une salamandre color\u00e9e, entour\u00e9e de fleurs aux tons rouges, jaunes et bleus qui \u00e9voquent la joie et l&rsquo;art caract\u00e9ristiques de la ville. Les d\u00e9tails m\u00e9ticuleusement peints pr\u00e9sentent une technique qui rappelle la c\u00e9l\u00e8bre mosa\u00efque d&rsquo;Antoni Gaud\u00ed, apportant une touche authentiquement barcelonaise \u00e0 n&rsquo;importe quel espace.<\/p>\n<p>La salamandre, symbole de cr\u00e9ativit\u00e9 et de transformation, prend vie dans un design anim\u00e9 qui combine des couleurs contrast\u00e9es pour attirer le regard, tandis que les fleurs qui l&rsquo;accompagnent ajoutent un air frais et joyeux. Ce cendrier n&rsquo;est pas seulement fonctionnel, il sert \u00e9galement de souvenir attrayant de Barcelone, encapsulant l&rsquo;essence artistique et culturelle de la r\u00e9gion.<\/p>\n<p>Chez Ol\u00e9 Mosaic, nous nous sp\u00e9cialisons dans la distribution de souvenirs en gros, et ce cendrier est un choix parfait pour les boutiques de cadeaux touristiques \u00e0 la recherche d&rsquo;articles authentiques refl\u00e9tant l&rsquo;h\u00e9ritage artistique de Barcelone. Id\u00e9al pour les touristes souhaitant emporter un souvenir unique de leur visite, ce cendrier devient un objet de conversation et un rappel constant de l&rsquo;environnement color\u00e9 catalan.<\/p>\n","protected":false},"excerpt":{"rendered":"<p>Cendrier en c\u00e9ramique de 10 cm, d\u00e9cor\u00e9 d&rsquo;une salamandre color\u00e9e et de fleurs, inspir\u00e9 du modernisme barcelonais. Ce cendrier \u00e9l\u00e9gant pr\u00e9sente une finition blanche et est orn\u00e9 de motifs floraux dans les tons rouges, jaunes et bleus, ainsi que d&rsquo;une salamandre minutieusement illustr\u00e9e aux couleurs vibrantes. Parfait pour \u00e9voquer la beaut\u00e9 de la ville et ajouter une touche artistique \u00e0 tout espace.<\/p>\n","protected":false},"featured_media":8073,"template":"","meta":{"_acf_changed":false},"product_brand":[],"product_cat":[584],"product_tag":[530,585],"class_list":{"0":"post-29582","1":"product","2":"type-product","3":"status-publish","4":"has-post-thumbnail","6":"product_cat-cendriers","7":"product_tag-animaux","8":"product_tag-ceramique","9":"pa_ciudad-barcelona","10":"pa_motivo-salamandres","11":"pa_pais-espana","13":"first","14":"instock","15":"shipping-taxable","16":"product-type-simple"},"acf":[],"_links":{"self":[{"href":"https:\/\/olemosaic.com\/fr\/wp-json\/wp\/v2\/product\/29582","targetHints":{"allow":["GET"]}}],"collection":[{"href":"https:\/\/olemosaic.com\/fr\/wp-json\/wp\/v2\/product"}],"about":[{"href":"https:\/\/olemosaic.com\/fr\/wp-json\/wp\/v2\/types\/product"}],"wp:featuredmedia":[{"embeddable":true,"href":"https:\/\/olemosaic.com\/fr\/wp-json\/wp\/v2\/media\/8073"}],"wp:attachment":[{"href":"https:\/\/olemosaic.com\/fr\/wp-json\/wp\/v2\/media?parent=29582"}],"wp:term":[{"taxonomy":"product_brand","embeddable":true,"href":"https:\/\/olemosaic.com\/fr\/wp-json\/wp\/v2\/product_brand?post=29582"},{"taxonomy":"product_cat","embeddable":true,"href":"https:\/\/olemosaic.com\/fr\/wp-json\/wp\/v2\/product_cat?post=29582"},{"taxonomy":"product_tag","embeddable":true,"href":"https:\/\/olemosaic.com\/fr\/wp-json\/wp\/v2\/product_tag?post=29582"}],"curies":[{"name":"wp","href":"https:\/\/api.w.org\/{rel}","templated":true}]}}