{"id":29581,"date":"2025-02-20T23:31:13","date_gmt":"2025-02-20T22:31:13","guid":{"rendered":"http:\/\/olemosaic.com\/producto\/cenicero-de-ceramica-de-10-cm-toros-blanco-2\/"},"modified":"2025-07-25T18:48:12","modified_gmt":"2025-07-25T16:48:12","slug":"cendrier-en-ceramique-de-10-cm-taureaux-blanc-2","status":"publish","type":"product","link":"https:\/\/olemosaic.com\/fr\/produit\/cendrier-en-ceramique-de-10-cm-taureaux-blanc-2\/","title":{"rendered":"Cendrier en c\u00e9ramique de 10 cm. Taureaux. Mosa\u00efque. Blanc"},"content":{"rendered":"<p>Ce cendrier en c\u00e9ramique de 10 cm est une v\u00e9ritable \u0153uvre d&rsquo;art qui encapsule l&rsquo;essence vibrante du folklore espagnol, devenant un souvenir id\u00e9al pour ceux qui souhaitent emporter un morceau de la culture hispanique chez eux. D\u00e9cor\u00e9 d&rsquo;un design captivant de taureaux, ce cendrier pr\u00e9sente une mosa\u00efque color\u00e9e mettant en valeur un taureau imposant au centre, entour\u00e9 d&rsquo;un soleil radieux et de fleurs dans les tons rouges. La combinaison de couleurs vives et le style artistique, peint \u00e0 la main, apportent un caract\u00e8re distinctif \u00e0 la pi\u00e8ce, refl\u00e9tant la joie et le dynamisme des traditions espagnoles.<\/p>\n<p>Le fond blanc lisse de l&rsquo;ext\u00e9rieur ne met pas seulement en valeur le design central, mais permet \u00e9galement au cendrier de s&rsquo;adapter \u00e0 divers styles de d\u00e9coration, que ce soit \u00e0 la maison ou dans un environnement commercial. Il agit comme un excellent rappel des f\u00eates taurines et du riche h\u00e9ritage espagnol, \u00e9tant un symbole de courage et de ferveur. En tant que distributeurs de souvenirs en gros, chez Ol\u00e9 Mosaic, nous proposons ce cendrier en c\u00e9ramique non seulement comme un accessoire fonctionnel, mais comme un souvenir authentique des traditions culturelles de l&rsquo;Espagne. Ce produit est un choix exceptionnel pour les boutiques de cadeaux touristiques cherchant \u00e0 int\u00e9grer des souvenirs repr\u00e9sentatifs et de qualit\u00e9 \u00e0 leur offre.<\/p>\n","protected":false},"excerpt":{"rendered":"<p>Cendrier en c\u00e9ramique de 10 cm, d\u00e9cor\u00e9 d&rsquo;un design taurin vibrant qui capture l&rsquo;essence du folklore espagnol. Ce cendrier attrayant pr\u00e9sente une mosa\u00efque color\u00e9e avec un taureau au centre, entour\u00e9 d&rsquo;un soleil radieux et de fleurs rouges, lui donnant une touche distinctive. Peint avec un style artisanal, il se distingue \u00e9galement par sa finition ext\u00e9rieure blanche lisse, ce qui en fait un souvenir id\u00e9al refl\u00e9tant la riche culture espagnole.<\/p>\n","protected":false},"featured_media":8529,"template":"","meta":{"_acf_changed":false},"product_brand":[],"product_cat":[584],"product_tag":[530,585],"class_list":{"0":"post-29581","1":"product","2":"type-product","3":"status-publish","4":"has-post-thumbnail","6":"product_cat-cendriers","7":"product_tag-animaux","8":"product_tag-ceramique","9":"pa_motivo-taureaux","11":"first","12":"instock","13":"shipping-taxable","14":"product-type-simple"},"acf":[],"_links":{"self":[{"href":"https:\/\/olemosaic.com\/fr\/wp-json\/wp\/v2\/product\/29581","targetHints":{"allow":["GET"]}}],"collection":[{"href":"https:\/\/olemosaic.com\/fr\/wp-json\/wp\/v2\/product"}],"about":[{"href":"https:\/\/olemosaic.com\/fr\/wp-json\/wp\/v2\/types\/product"}],"wp:featuredmedia":[{"embeddable":true,"href":"https:\/\/olemosaic.com\/fr\/wp-json\/wp\/v2\/media\/8529"}],"wp:attachment":[{"href":"https:\/\/olemosaic.com\/fr\/wp-json\/wp\/v2\/media?parent=29581"}],"wp:term":[{"taxonomy":"product_brand","embeddable":true,"href":"https:\/\/olemosaic.com\/fr\/wp-json\/wp\/v2\/product_brand?post=29581"},{"taxonomy":"product_cat","embeddable":true,"href":"https:\/\/olemosaic.com\/fr\/wp-json\/wp\/v2\/product_cat?post=29581"},{"taxonomy":"product_tag","embeddable":true,"href":"https:\/\/olemosaic.com\/fr\/wp-json\/wp\/v2\/product_tag?post=29581"}],"curies":[{"name":"wp","href":"https:\/\/api.w.org\/{rel}","templated":true}]}}