{"id":29580,"date":"2025-02-20T22:31:13","date_gmt":"2025-02-20T22:31:13","guid":{"rendered":"http:\/\/olemosaic.com\/producto\/cenicero-de-ceramica-de-10-cm-patio-blanco-2\/"},"modified":"2025-07-25T18:38:34","modified_gmt":"2025-07-25T16:38:34","slug":"cendrier-en-ceramique-de-10-cm-patio-blanc-2","status":"publish","type":"product","link":"https:\/\/olemosaic.com\/fr\/produit\/cendrier-en-ceramique-de-10-cm-patio-blanc-2\/","title":{"rendered":"Cendrier en c\u00e9ramique de 10 cm. Patio. Blanc"},"content":{"rendered":"<p>Ce cendrier en c\u00e9ramique de 10 cm est une v\u00e9ritable \u0153uvre d&rsquo;art qui capture l&rsquo;essence vibrante du folklore espagnol, id\u00e9al comme souvenir. Son design pr\u00e9sente une charmante sc\u00e8ne d&rsquo;un patio andalou, o\u00f9 une danseuse, v\u00eatue d&rsquo;un spectaculaire costume \u00e0 volants rouges, danse avec gr\u00e2ce. \u00c0 ses c\u00f4t\u00e9s, un danseur avec un chapeau compl\u00e8te la sc\u00e8ne, tous deux immerg\u00e9s dans une ambiance festive et pleine de mouvement. Le fond du cendrier, d\u00e9cor\u00e9 d&rsquo;une mosa\u00efque dans les tons blancs, rehausse la beaut\u00e9 des d\u00e9tails, tandis que les pots de g\u00e9raniums et un balcon typique aux \u00e9l\u00e9gantes grilles noires apportent ce charme caract\u00e9ristique de la culture andalouse.<\/p>\n<p>Ce cendrier n&rsquo;est pas seulement un objet fonctionnel, il repr\u00e9sente \u00e9galement un souvenir significatif du riche h\u00e9ritage culturel de l&rsquo;Espagne, \u00e9voquant des images de f\u00eates traditionnelles et de joies partag\u00e9es. Son illustration color\u00e9e et sa finition en c\u00e9ramique en font un excellent cadeau pour les touristes \u00e0 la recherche de souvenirs authentiques. Chez Ol\u00e9 Mosaic, en tant que grossiste de souvenirs, nous proposons une large gamme d&rsquo;articles c\u00e9l\u00e9brant la culture espagnole, et ce cendrier est un choix parfait pour les boutiques de cadeaux souhaitant offrir des produits uniques et repr\u00e9sentatifs du folklore de la r\u00e9gion.<\/p>\n","protected":false},"excerpt":{"rendered":"<p>Cendrier en c\u00e9ramique de 10 cm, d\u00e9cor\u00e9 d&rsquo;une sc\u00e8ne vibrante d&rsquo;un patio andalou. Il montre une danseuse avec un costume \u00e0 volants rouges et un danseur avec un chapeau, tous deux en plein mouvement, entour\u00e9s de pots de g\u00e9raniums et d&rsquo;un balcon typique avec des grilles noires. Le design inclut un fond de mosa\u00efque dans les tons blancs et des d\u00e9tails color\u00e9s, ce qui en fait un souvenir \u00e9l\u00e9gant et attrayant du folklore espagnol.<\/p>\n","protected":false},"featured_media":8411,"template":"","meta":{"_acf_changed":false},"product_brand":[],"product_cat":[584],"product_tag":[585],"class_list":{"0":"post-29580","1":"product","2":"type-product","3":"status-publish","4":"has-post-thumbnail","6":"product_cat-cendriers","7":"product_tag-ceramique","8":"pa_motivo-cours-interieures","10":"first","11":"instock","12":"shipping-taxable","13":"product-type-simple"},"acf":[],"_links":{"self":[{"href":"https:\/\/olemosaic.com\/fr\/wp-json\/wp\/v2\/product\/29580","targetHints":{"allow":["GET"]}}],"collection":[{"href":"https:\/\/olemosaic.com\/fr\/wp-json\/wp\/v2\/product"}],"about":[{"href":"https:\/\/olemosaic.com\/fr\/wp-json\/wp\/v2\/types\/product"}],"wp:featuredmedia":[{"embeddable":true,"href":"https:\/\/olemosaic.com\/fr\/wp-json\/wp\/v2\/media\/8411"}],"wp:attachment":[{"href":"https:\/\/olemosaic.com\/fr\/wp-json\/wp\/v2\/media?parent=29580"}],"wp:term":[{"taxonomy":"product_brand","embeddable":true,"href":"https:\/\/olemosaic.com\/fr\/wp-json\/wp\/v2\/product_brand?post=29580"},{"taxonomy":"product_cat","embeddable":true,"href":"https:\/\/olemosaic.com\/fr\/wp-json\/wp\/v2\/product_cat?post=29580"},{"taxonomy":"product_tag","embeddable":true,"href":"https:\/\/olemosaic.com\/fr\/wp-json\/wp\/v2\/product_tag?post=29580"}],"curies":[{"name":"wp","href":"https:\/\/api.w.org\/{rel}","templated":true}]}}