{"id":29578,"date":"2025-02-20T23:31:13","date_gmt":"2025-02-20T22:31:13","guid":{"rendered":"http:\/\/olemosaic.com\/producto\/cenicero-de-ceramica-de-10-cm-toros-blanco\/"},"modified":"2025-07-25T18:57:32","modified_gmt":"2025-07-25T16:57:32","slug":"cendrier-en-ceramique-de-10-cm-taureaux-blanc","status":"publish","type":"product","link":"https:\/\/olemosaic.com\/fr\/produit\/cendrier-en-ceramique-de-10-cm-taureaux-blanc\/","title":{"rendered":"Cendrier en c\u00e9ramique de 10 cm. Taureaux. Blanc"},"content":{"rendered":"<p>Ce cendrier en c\u00e9ramique de 10 cm est un v\u00e9ritable joyau de la culture espagnole, parfait pour ceux qui recherchent un souvenir repr\u00e9sentatif. D\u00e9cor\u00e9 d&rsquo;une mosa\u00efque vibrante, ce cendrier \u00e9l\u00e9gant pr\u00e9sente un taureau majestueux et un soleil radieux, \u00e9voquant la passion et le dynamisme du folklore espagnol. Le taureau, symbole de force et de tradition, est peint avec une explosion de couleurs, mettant en avant des tons verts, rouges et bleus qui donnent vie au design. \u00c0 ses c\u00f4t\u00e9s, un soleil \u00e9clatant, avec ses p\u00e9tales aux tons orange et rouge vifs, apporte un air festif, tandis que les fleurs d\u00e9licates \u00e0 la base ajoutent une touche de nature.<\/p>\n<p>La partie inf\u00e9rieure du cendrier met en avant le mot \u00ab\u00a0Espa\u00f1a\u00a0\u00bb, renfor\u00e7ant sa valeur culturelle et en faisant un souvenir authentique. Sa forme ronde et sa finition brillante le rendent non seulement attrayant visuellement, mais illustrent \u00e9galement l&rsquo;artisanat traditionnel, en faisant un excellent compl\u00e9ment pour n&rsquo;importe quel foyer. Chez Ol\u00e9 Mosaic, nous proposons ce cendrier exclusif comme un souvenir de qualit\u00e9, id\u00e9al pour les touristes qui veulent emporter un morceau du riche h\u00e9ritage culturel espagnol. Que vous soyez un distributeur de souvenirs ou un propri\u00e9taire de boutique de cadeaux touristiques, ce cendrier en c\u00e9ramique est un ajout unique et pertinent qui attirera ceux qui recherchent l&rsquo;authenticit\u00e9 et la tradition dans leurs achats.<\/p>\n","protected":false},"excerpt":{"rendered":"<p>Cendrier en c\u00e9ramique de 10 cm, d\u00e9cor\u00e9 d&rsquo;une mosa\u00efque vibrante repr\u00e9sentant un taureau et un soleil radieux. Ce cendrier original, au design artisanal peint \u00e0 la main, pr\u00e9sente un motif color\u00e9 aux tons verts, rouges et bleus, \u00e9voquant l&rsquo;essence du folklore espagnol. Dans la partie inf\u00e9rieure, on peut lire le mot \u00ab\u00a0Espa\u00f1a\u00a0\u00bb, ajoutant une touche culturelle. Sa forme ronde \u00e9l\u00e9gante et sa finition brillante en font un souvenir attrayant qui c\u00e9l\u00e8bre la tradition taurine.<\/p>\n","protected":false},"featured_media":8560,"template":"","meta":{"_acf_changed":false},"product_brand":[],"product_cat":[584],"product_tag":[530,585],"class_list":{"0":"post-29578","1":"product","2":"type-product","3":"status-publish","4":"has-post-thumbnail","6":"product_cat-cendriers","7":"product_tag-animaux","8":"product_tag-ceramique","9":"pa_motivo-taureaux","11":"first","12":"instock","13":"shipping-taxable","14":"product-type-simple"},"acf":[],"_links":{"self":[{"href":"https:\/\/olemosaic.com\/fr\/wp-json\/wp\/v2\/product\/29578","targetHints":{"allow":["GET"]}}],"collection":[{"href":"https:\/\/olemosaic.com\/fr\/wp-json\/wp\/v2\/product"}],"about":[{"href":"https:\/\/olemosaic.com\/fr\/wp-json\/wp\/v2\/types\/product"}],"wp:featuredmedia":[{"embeddable":true,"href":"https:\/\/olemosaic.com\/fr\/wp-json\/wp\/v2\/media\/8560"}],"wp:attachment":[{"href":"https:\/\/olemosaic.com\/fr\/wp-json\/wp\/v2\/media?parent=29578"}],"wp:term":[{"taxonomy":"product_brand","embeddable":true,"href":"https:\/\/olemosaic.com\/fr\/wp-json\/wp\/v2\/product_brand?post=29578"},{"taxonomy":"product_cat","embeddable":true,"href":"https:\/\/olemosaic.com\/fr\/wp-json\/wp\/v2\/product_cat?post=29578"},{"taxonomy":"product_tag","embeddable":true,"href":"https:\/\/olemosaic.com\/fr\/wp-json\/wp\/v2\/product_tag?post=29578"}],"curies":[{"name":"wp","href":"https:\/\/api.w.org\/{rel}","templated":true}]}}