{"id":29577,"date":"2025-02-20T23:31:13","date_gmt":"2025-02-20T22:31:13","guid":{"rendered":"http:\/\/olemosaic.com\/producto\/cenicero-de-ceramica-de-10-cm-barcelona-blanco\/"},"modified":"2025-07-25T20:24:45","modified_gmt":"2025-07-25T18:24:45","slug":"cendrier-en-ceramique-de-10-cm-barcelone-blanc","status":"publish","type":"product","link":"https:\/\/olemosaic.com\/fr\/produit\/cendrier-en-ceramique-de-10-cm-barcelone-blanc\/","title":{"rendered":"Cendrier en c\u00e9ramique de 10 cm. Barcelone. Blanc"},"content":{"rendered":"<p>Ce cendrier en c\u00e9ramique de 10 cm est un hommage vibrant et color\u00e9 aux monuments embl\u00e9matiques de Barcelone, con\u00e7u pour capturer l&rsquo;essence unique de cette ville fascinante. Sur un fond blanc qui met en valeur chaque d\u00e9tail, le cendrier pr\u00e9sente une illustration \u00e0 l&rsquo;effet peint \u00e0 la main incluant des ic\u00f4nes architecturales telles que la majestueuse Sagrada Familia et le charmant Parc G\u00fcell, ainsi que d&rsquo;autres monuments repr\u00e9sentant le riche h\u00e9ritage culturel de Barcelone. La palette de couleurs, pleine de nuances \u00e9clatantes et audacieuses, \u00e9voque la vitalit\u00e9 et la cr\u00e9ativit\u00e9 qui caract\u00e9risent la ville, faisant de cet article bien plus qu&rsquo;un simple accessoire d\u00e9coratif : c&rsquo;est un symbole de l&rsquo;art et de l&rsquo;architecture barcelonaise.<\/p>\n<p>Ce cendrier n&rsquo;est pas seulement fonctionnel, il devient un souvenir tangible de votre visite, encapsulant la beaut\u00e9 et la singularit\u00e9 de la ville \u00e0 chaque regard. Id\u00e9al comme souvenir pour ceux qui souhaitent emporter avec eux un morceau du charme de Barcelone, c&rsquo;est une excellente option pour les boutiques de cadeaux touristiques \u00e0 la recherche de produits authentiques et attrayants. Chez Ol\u00e9 Mosaic, distributeurs de souvenirs en gros, ce cendrier est un ajout parfait \u00e0 toute collection, alliant art, fonctionnalit\u00e9 et symbolisme culturel en une seule pi\u00e8ce.<\/p>\n","protected":false},"excerpt":{"rendered":"<p>Cendrier en c\u00e9ramique de 10 cm, d\u00e9cor\u00e9 d&rsquo;une repr\u00e9sentation color\u00e9e des monuments embl\u00e9matiques de Barcelone. Cet article attrayant pr\u00e9sente un design artisanal, peint \u00e0 la main, incluant la Sagrada Familia, le Park G\u00fcell et d&rsquo;autres ic\u00f4nes architecturales, le tout avec une palette de couleurs vibrantes qui souligne l&rsquo;essence de la ville. Le fond blanc accentue les d\u00e9tails artistiques, en faisant un souvenir id\u00e9al pour se rappeler la beaut\u00e9 de Barcelone.<\/p>\n","protected":false},"featured_media":9503,"template":"","meta":{"_acf_changed":false},"product_brand":[],"product_cat":[584],"product_tag":[585],"class_list":{"0":"post-29577","1":"product","2":"type-product","3":"status-publish","4":"has-post-thumbnail","6":"product_cat-cendriers","7":"product_tag-ceramique","8":"pa_ciudad-barcelona","9":"pa_pais-espana","11":"first","12":"instock","13":"shipping-taxable","14":"product-type-simple"},"acf":[],"_links":{"self":[{"href":"https:\/\/olemosaic.com\/fr\/wp-json\/wp\/v2\/product\/29577","targetHints":{"allow":["GET"]}}],"collection":[{"href":"https:\/\/olemosaic.com\/fr\/wp-json\/wp\/v2\/product"}],"about":[{"href":"https:\/\/olemosaic.com\/fr\/wp-json\/wp\/v2\/types\/product"}],"wp:featuredmedia":[{"embeddable":true,"href":"https:\/\/olemosaic.com\/fr\/wp-json\/wp\/v2\/media\/9503"}],"wp:attachment":[{"href":"https:\/\/olemosaic.com\/fr\/wp-json\/wp\/v2\/media?parent=29577"}],"wp:term":[{"taxonomy":"product_brand","embeddable":true,"href":"https:\/\/olemosaic.com\/fr\/wp-json\/wp\/v2\/product_brand?post=29577"},{"taxonomy":"product_cat","embeddable":true,"href":"https:\/\/olemosaic.com\/fr\/wp-json\/wp\/v2\/product_cat?post=29577"},{"taxonomy":"product_tag","embeddable":true,"href":"https:\/\/olemosaic.com\/fr\/wp-json\/wp\/v2\/product_tag?post=29577"}],"curies":[{"name":"wp","href":"https:\/\/api.w.org\/{rel}","templated":true}]}}