{"id":29561,"date":"2025-02-20T22:31:12","date_gmt":"2025-02-20T22:31:12","guid":{"rendered":"http:\/\/olemosaic.com\/producto\/cenicero-de-ceramica-de-10-cm-punt-de-trobada-barcelona-blanco\/"},"modified":"2025-07-25T18:38:45","modified_gmt":"2025-07-25T16:38:45","slug":"cendrier-en-ceramique-de-10-cm-punt-de-trobada-barcelone-blanc","status":"publish","type":"product","link":"https:\/\/olemosaic.com\/fr\/produit\/cendrier-en-ceramique-de-10-cm-punt-de-trobada-barcelone-blanc\/","title":{"rendered":"Cendrier en c\u00e9ramique de 10 cm. Punt de trobada. Barcelone. Blanc"},"content":{"rendered":"<p>Ce cendrier en c\u00e9ramique de 10 cm est un souvenir sophistiqu\u00e9 de Barcelone, d\u00e9cor\u00e9 du design iconique du \u00ab\u00a0Punt de trobada\u00a0\u00bb, qui met en avant le style unique de l&rsquo;architecture moderniste de la ville. Sa finition blanche brillante offre un fond propre et \u00e9l\u00e9gant qui encadre parfaitement la mosa\u00efque vibrante, laquelle pr\u00e9sente une combinaison captivante de tons rouges, bleus, verts et jaunes, \u00e9voquant l&rsquo;\u0153uvre du c\u00e9l\u00e8bre architecte Antoni Gaud\u00ed. La disposition des pi\u00e8ces dans le design refl\u00e8te la cr\u00e9ativit\u00e9 et l&rsquo;esprit artistique de Barcelone, transformant ce cendrier en une v\u00e9ritable \u0153uvre d&rsquo;art.<\/p>\n<p>En plus de sa fonctionnalit\u00e9, ce cendrier devient un \u00e9l\u00e9ment d\u00e9coratif id\u00e9al pour ceux qui souhaitent apporter une touche artistique \u00e0 leur int\u00e9rieur. La connexion culturelle avec Barcelone est ind\u00e9niable ; chaque fois que cet article est utilis\u00e9, il rappelle aux visiteurs la beaut\u00e9 et l&rsquo;innovation du modernisme catalan. Ce cendrier n&rsquo;est pas seulement un accessoire pratique, mais aussi un symbole du riche h\u00e9ritage culturel de l&rsquo;Espagne. Chez Ol\u00e9 Mosaic, nous proposons des souvenirs authentiques qui repr\u00e9sentent le meilleur de chaque r\u00e9gion, et ce cendrier de Barcelone est un choix parfait pour les boutiques de cadeaux touristiques cherchant \u00e0 offrir des produits de qualit\u00e9 et de pertinence culturelle. En tant que grossistes en c\u00e9ramique, nous garantissons l&rsquo;authenticit\u00e9 et l&rsquo;attention port\u00e9e aux d\u00e9tails dans chacune de nos pi\u00e8ces.<\/p>\n","protected":false},"excerpt":{"rendered":"<p>Cendrier en c\u00e9ramique de 10 cm, d\u00e9cor\u00e9 du design iconique du \u00ab\u00a0Punt de trobada\u00a0\u00bb de Barcelone. Cet objet \u00e9l\u00e9gant pr\u00e9sente une finition blanche brillante, rehauss\u00e9e d&rsquo;une mosa\u00efque color\u00e9e comprenant des tons rouges, bleus, verts et jaunes, \u00e9voquant le style de Gaud\u00ed. Id\u00e9al pour donner une touche artistique \u00e0 n&rsquo;importe quel espace, ce cendrier est un souvenir parfait pour les amoureux de l&rsquo;architecture moderniste de la ville.<\/p>\n","protected":false},"featured_media":9140,"template":"","meta":{"_acf_changed":false},"product_brand":[],"product_cat":[584],"product_tag":[585],"class_list":{"0":"post-29561","1":"product","2":"type-product","3":"status-publish","4":"has-post-thumbnail","6":"product_cat-cendriers","7":"product_tag-ceramique","8":"pa_ciudad-barcelona","9":"pa_motivo-punt-de-trobada","10":"pa_pais-espana","12":"first","13":"instock","14":"shipping-taxable","15":"product-type-simple"},"acf":[],"_links":{"self":[{"href":"https:\/\/olemosaic.com\/fr\/wp-json\/wp\/v2\/product\/29561","targetHints":{"allow":["GET"]}}],"collection":[{"href":"https:\/\/olemosaic.com\/fr\/wp-json\/wp\/v2\/product"}],"about":[{"href":"https:\/\/olemosaic.com\/fr\/wp-json\/wp\/v2\/types\/product"}],"wp:featuredmedia":[{"embeddable":true,"href":"https:\/\/olemosaic.com\/fr\/wp-json\/wp\/v2\/media\/9140"}],"wp:attachment":[{"href":"https:\/\/olemosaic.com\/fr\/wp-json\/wp\/v2\/media?parent=29561"}],"wp:term":[{"taxonomy":"product_brand","embeddable":true,"href":"https:\/\/olemosaic.com\/fr\/wp-json\/wp\/v2\/product_brand?post=29561"},{"taxonomy":"product_cat","embeddable":true,"href":"https:\/\/olemosaic.com\/fr\/wp-json\/wp\/v2\/product_cat?post=29561"},{"taxonomy":"product_tag","embeddable":true,"href":"https:\/\/olemosaic.com\/fr\/wp-json\/wp\/v2\/product_tag?post=29561"}],"curies":[{"name":"wp","href":"https:\/\/api.w.org\/{rel}","templated":true}]}}