{"id":29560,"date":"2025-02-20T22:31:12","date_gmt":"2025-02-20T22:31:12","guid":{"rendered":"http:\/\/olemosaic.com\/producto\/cenicero-de-ceramica-de-10-cm-malaga-blanco\/"},"modified":"2025-07-26T00:04:39","modified_gmt":"2025-07-25T22:04:39","slug":"cendrier-en-ceramique-de-10-cm-malaga-blanc","status":"publish","type":"product","link":"https:\/\/olemosaic.com\/fr\/produit\/cendrier-en-ceramique-de-10-cm-malaga-blanc\/","title":{"rendered":"Cendrier en c\u00e9ramique de 10 cm. Malaga. Blanc"},"content":{"rendered":"<p>Ce cendrier en c\u00e9ramique de 10 cm est un souvenir authentique et color\u00e9 de la charmante ville de Malaga. Avec un design vibrant et d\u00e9taill\u00e9, ce cendrier blanc pr\u00e9sente des illustrations de certains des monuments les plus embl\u00e9matiques de la ville, tels que la majestueuse cath\u00e9drale et le ch\u00e2teau historique, capturant l&rsquo;essence culturelle de cette r\u00e9gion andalouse. Les couleurs chaudes et joyeuses qui pr\u00e9dominent dans le design rendent non seulement l&rsquo;objet visuellement attrayant, mais \u00e9voquent \u00e9galement les lumi\u00e8res et les ombres de la vie c\u00f4ti\u00e8re de Malaga. Parfaitement d\u00e9cor\u00e9, le cendrier inclut le mot \u00ab\u00a0MALAGA\u00a0\u00bb dans un style joyeux et moderne, ce qui en fait un excellent article pour ceux qui souhaitent emporter un morceau de cette ville pleine d&rsquo;histoire et de culture.<\/p>\n<p>Ce cendrier n&rsquo;est pas seulement un accessoire fonctionnel, il sert \u00e9galement d&rsquo;\u00e9l\u00e9ment d\u00e9coratif unique capable d&#8217;embellir n&rsquo;importe quel espace. Sa connexion avec le patrimoine culturel de Malaga lui conf\u00e8re une valeur particuli\u00e8re, en faisant un cadeau parfait ou un souvenir repr\u00e9sentatif pour les touristes cherchant \u00e0 se rem\u00e9morer leur visite dans cette merveilleuse ville. Chez Ol\u00e9 Mosaic, nous sommes fiers d&rsquo;\u00eatre des distributeurs d&rsquo;articles authentiques et nous proposons ce magnifique cendrier dans le cadre de notre s\u00e9lection de souvenirs en c\u00e9ramique de Malaga. Il est id\u00e9al pour les boutiques de cadeaux touristiques recherchant des produits qui mettent r\u00e9ellement en valeur le charme et la tradition locale.<\/p>\n","protected":false},"excerpt":{"rendered":"<p>Cendrier en c\u00e9ramique de 10 cm, d\u00e9cor\u00e9 d&rsquo;une repr\u00e9sentation color\u00e9e de la ville de Malaga. Cet \u00e9l\u00e9gant cendrier blanc pr\u00e9sente des illustrations de monuments embl\u00e9matiques, tels que la cath\u00e9drale et le ch\u00e2teau, le tout dans un style vibrant et d\u00e9taill\u00e9. La combinaison de couleurs chaudes et son design attrayant en font un excellent souvenir qui capture l&rsquo;essence culturelle de cette merveilleuse ville andalouse. Parfait comme souvenir ou \u00e9l\u00e9ment d\u00e9coratif.<\/p>\n","protected":false},"featured_media":10543,"template":"","meta":{"_acf_changed":false},"product_brand":[],"product_cat":[584],"product_tag":[585],"class_list":{"0":"post-29560","1":"product","2":"type-product","3":"status-publish","4":"has-post-thumbnail","6":"product_cat-cendriers","7":"product_tag-ceramique","8":"pa_ciudad-malaga","9":"pa_pais-espana","11":"first","12":"instock","13":"shipping-taxable","14":"product-type-simple"},"acf":[],"_links":{"self":[{"href":"https:\/\/olemosaic.com\/fr\/wp-json\/wp\/v2\/product\/29560","targetHints":{"allow":["GET"]}}],"collection":[{"href":"https:\/\/olemosaic.com\/fr\/wp-json\/wp\/v2\/product"}],"about":[{"href":"https:\/\/olemosaic.com\/fr\/wp-json\/wp\/v2\/types\/product"}],"wp:featuredmedia":[{"embeddable":true,"href":"https:\/\/olemosaic.com\/fr\/wp-json\/wp\/v2\/media\/10543"}],"wp:attachment":[{"href":"https:\/\/olemosaic.com\/fr\/wp-json\/wp\/v2\/media?parent=29560"}],"wp:term":[{"taxonomy":"product_brand","embeddable":true,"href":"https:\/\/olemosaic.com\/fr\/wp-json\/wp\/v2\/product_brand?post=29560"},{"taxonomy":"product_cat","embeddable":true,"href":"https:\/\/olemosaic.com\/fr\/wp-json\/wp\/v2\/product_cat?post=29560"},{"taxonomy":"product_tag","embeddable":true,"href":"https:\/\/olemosaic.com\/fr\/wp-json\/wp\/v2\/product_tag?post=29560"}],"curies":[{"name":"wp","href":"https:\/\/api.w.org\/{rel}","templated":true}]}}