{"id":29558,"date":"2025-02-20T23:31:12","date_gmt":"2025-02-20T22:31:12","guid":{"rendered":"http:\/\/olemosaic.com\/producto\/cenicero-de-ceramica-de-10-cm-patio-madrid-blanco\/"},"modified":"2025-07-25T18:37:51","modified_gmt":"2025-07-25T16:37:51","slug":"cendrier-en-ceramique-de-10-cm-patio-madrid-blanc","status":"publish","type":"product","link":"https:\/\/olemosaic.com\/fr\/produit\/cendrier-en-ceramique-de-10-cm-patio-madrid-blanc\/","title":{"rendered":"Cendrier en c\u00e9ramique de 10 cm. Patio. Madrid. Blanc"},"content":{"rendered":"<p>Ce cendrier en c\u00e9ramique de 10 cm est un souvenir charmant de Madrid, con\u00e7u pour capturer l&rsquo;essence vibrante du flamenco. La pi\u00e8ce, \u00e9labor\u00e9e avec une attention m\u00e9ticuleuse aux d\u00e9tails, pr\u00e9sente une illustration \u00e0 effet peint \u00e0 la main repr\u00e9sentant une danseuse v\u00eatue d&rsquo;un rouge intense \u00e0 volants et un danseur dans un \u00e9l\u00e9gant costume noir, fusionnant la tradition artistique et culturelle de l&rsquo;Espagne. Le d\u00e9cor, situ\u00e9 dans un patio color\u00e9 orn\u00e9 de fleurs, \u00e9voque la chaleur et la joie typiques de la vie madril\u00e8ne. La palette de couleurs \u00e9clatantes, associ\u00e9e \u00e0 la finition polie de la c\u00e9ramique, met non seulement en valeur l&rsquo;image des danseurs, mais souligne \u00e9galement le mot \u00ab\u00a0MADRID\u00a0\u00bb, ajoutant une touche distinctive \u00e0 la d\u00e9coration. Ce cendrier ne remplit pas seulement une fonction pratique, il s&rsquo;\u00e9rige \u00e9galement comme une v\u00e9ritable pi\u00e8ce d&rsquo;art refl\u00e9tant la riche culture flamande de la capitale espagnole. Id\u00e9al comme souvenir ou \u00e9l\u00e9ment d\u00e9coratif, ce cendrier est parfait pour les touristes \u00e0 la recherche d&rsquo;un souvenir de leur voyage \u00e0 Madrid. Chez Ol\u00e9 Mosaic, nous sommes des distributeurs en gros d&rsquo;articles authentiques c\u00e9l\u00e9brant la culture espagnole, et ce cendrier en c\u00e9ramique est une excellente option pour les boutiques de souvenirs souhaitant proposer des produits significatifs et de qualit\u00e9.<\/p>\n","protected":false},"excerpt":{"rendered":"<p>Cendrier en c\u00e9ramique de 10 cm, inspir\u00e9 par l&rsquo;ambiance vibrante du flamenco de Madrid. Ce cendrier attrayant pr\u00e9sente une illustration au design artisanal, peinte \u00e0 la main, d&rsquo;un couple de danseurs : la danseuse, v\u00eatue de rouge, et le danseur, dans un \u00e9l\u00e9gant costume noir, dans un patio color\u00e9 orn\u00e9 de fleurs. Les d\u00e9tails de la c\u00e9ramique refl\u00e8tent le charme architectural de la ville, avec une palette de couleurs vives et une finition brillante qui met en valeur le mot \u00ab\u00a0MADRID\u00a0\u00bb. Id\u00e9al comme souvenir ou pour d\u00e9corer avec une touche culturelle.<\/p>\n","protected":false},"featured_media":7970,"template":"","meta":{"_acf_changed":false},"product_brand":[],"product_cat":[584],"product_tag":[585],"class_list":{"0":"post-29558","1":"product","2":"type-product","3":"status-publish","4":"has-post-thumbnail","6":"product_cat-cendriers","7":"product_tag-ceramique","8":"pa_ciudad-madrid","9":"pa_motivo-cours-interieures","10":"pa_pais-espana","12":"first","13":"instock","14":"shipping-taxable","15":"product-type-simple"},"acf":[],"_links":{"self":[{"href":"https:\/\/olemosaic.com\/fr\/wp-json\/wp\/v2\/product\/29558","targetHints":{"allow":["GET"]}}],"collection":[{"href":"https:\/\/olemosaic.com\/fr\/wp-json\/wp\/v2\/product"}],"about":[{"href":"https:\/\/olemosaic.com\/fr\/wp-json\/wp\/v2\/types\/product"}],"wp:featuredmedia":[{"embeddable":true,"href":"https:\/\/olemosaic.com\/fr\/wp-json\/wp\/v2\/media\/7970"}],"wp:attachment":[{"href":"https:\/\/olemosaic.com\/fr\/wp-json\/wp\/v2\/media?parent=29558"}],"wp:term":[{"taxonomy":"product_brand","embeddable":true,"href":"https:\/\/olemosaic.com\/fr\/wp-json\/wp\/v2\/product_brand?post=29558"},{"taxonomy":"product_cat","embeddable":true,"href":"https:\/\/olemosaic.com\/fr\/wp-json\/wp\/v2\/product_cat?post=29558"},{"taxonomy":"product_tag","embeddable":true,"href":"https:\/\/olemosaic.com\/fr\/wp-json\/wp\/v2\/product_tag?post=29558"}],"curies":[{"name":"wp","href":"https:\/\/api.w.org\/{rel}","templated":true}]}}