{"id":29557,"date":"2025-02-20T23:31:12","date_gmt":"2025-02-20T22:31:12","guid":{"rendered":"http:\/\/olemosaic.com\/producto\/cenicero-de-ceramica-de-10-cm-marbella-azul\/"},"modified":"2025-07-25T18:33:47","modified_gmt":"2025-07-25T16:33:47","slug":"cendrier-en-ceramique-de-10-cm-marbella-bleu","status":"publish","type":"product","link":"https:\/\/olemosaic.com\/fr\/produit\/cendrier-en-ceramique-de-10-cm-marbella-bleu\/","title":{"rendered":"Cendrier en c\u00e9ramique de 10 cm. Marbella. Bleu."},"content":{"rendered":"<p>Ce cendrier en c\u00e9ramique de 10 cm est un v\u00e9ritable reflet de la beaut\u00e9 et du charme de Marbella. Con\u00e7u avec une mosa\u00efque vibrante peinte \u00e0 la main, cet article pr\u00e9sente une all\u00e9gorie de l&#8217;embl\u00e9matique panneau de Marbella, entour\u00e9 d&rsquo;un patio \u00e9vocateur orn\u00e9 de palmiers et d&rsquo;une charmante fontaine. Les tons bleus qui pr\u00e9dominent dans le design \u00e9voquent la mer M\u00e9diterran\u00e9e, tandis que les d\u00e9tails du fond color\u00e9, avec ses jeux de lumi\u00e8res et d&rsquo;ombres, capturent l&rsquo;essence joyeuse et ensoleill\u00e9e de cette c\u00e9l\u00e8bre ville c\u00f4ti\u00e8re.<\/p>\n<p>La qualit\u00e9 de la c\u00e9ramique utilis\u00e9e assure non seulement la durabilit\u00e9 du produit, mais aussi son utilit\u00e9 quotidienne. Ce cendrier n&rsquo;est pas seulement un accessoire, mais aussi une pi\u00e8ce d\u00e9corative qui enrichira toute collection de souvenirs. Sa connexion culturelle avec Marbella en fait un souvenir id\u00e9al pour ceux qui cherchent \u00e0 ramener un morceau de cette destination touristique chez eux.<\/p>\n<p>Chez Ol\u00e9 Mosaic, nous nous consacrons \u00e0 offrir des souvenirs authentiques, et ce cendrier de Marbella est parfait pour les magasins de cadeaux touristiques souhaitant proposer des produits repr\u00e9sentatifs de la culture espagnole. De plus, en achetant cet article en gros, vous contribuez \u00e0 promouvoir l&rsquo;artisanat et le patrimoine culturel de la r\u00e9gion, ce qui en fait un cadeau inoubliable pour les visiteurs et les touristes.<\/p>\n","protected":false},"excerpt":{"rendered":"<p>Cendrier en c\u00e9ramique de 10 cm au design color\u00e9 repr\u00e9sentant l&rsquo;essence de Marbella. Cet article pr\u00e9sente une magnifique mosa\u00efque au design artisanal, peinte \u00e0 la main, dans des tons bleus, montrant une all\u00e9gorie du c\u00e9l\u00e8bre panneau de Marbella et un charmant patio avec des palmiers et une fontaine. Le fond color\u00e9 et les d\u00e9tails artistiques font de ce cendrier une pi\u00e8ce d\u00e9corative id\u00e9ale pour toute collection, \u00e9voquant la joie et l&rsquo;air m\u00e9diterran\u00e9en de la ville.<\/p>\n","protected":false},"featured_media":9916,"template":"","meta":{"_acf_changed":false},"product_brand":[],"product_cat":[584],"product_tag":[585],"class_list":{"0":"post-29557","1":"product","2":"type-product","3":"status-publish","4":"has-post-thumbnail","6":"product_cat-cendriers","7":"product_tag-ceramique","8":"pa_ciudad-marbella","9":"pa_pais-espana","11":"first","12":"instock","13":"shipping-taxable","14":"product-type-simple"},"acf":[],"_links":{"self":[{"href":"https:\/\/olemosaic.com\/fr\/wp-json\/wp\/v2\/product\/29557","targetHints":{"allow":["GET"]}}],"collection":[{"href":"https:\/\/olemosaic.com\/fr\/wp-json\/wp\/v2\/product"}],"about":[{"href":"https:\/\/olemosaic.com\/fr\/wp-json\/wp\/v2\/types\/product"}],"wp:featuredmedia":[{"embeddable":true,"href":"https:\/\/olemosaic.com\/fr\/wp-json\/wp\/v2\/media\/9916"}],"wp:attachment":[{"href":"https:\/\/olemosaic.com\/fr\/wp-json\/wp\/v2\/media?parent=29557"}],"wp:term":[{"taxonomy":"product_brand","embeddable":true,"href":"https:\/\/olemosaic.com\/fr\/wp-json\/wp\/v2\/product_brand?post=29557"},{"taxonomy":"product_cat","embeddable":true,"href":"https:\/\/olemosaic.com\/fr\/wp-json\/wp\/v2\/product_cat?post=29557"},{"taxonomy":"product_tag","embeddable":true,"href":"https:\/\/olemosaic.com\/fr\/wp-json\/wp\/v2\/product_tag?post=29557"}],"curies":[{"name":"wp","href":"https:\/\/api.w.org\/{rel}","templated":true}]}}