{"id":29551,"date":"2025-02-20T23:31:12","date_gmt":"2025-02-20T22:31:12","guid":{"rendered":"http:\/\/olemosaic.com\/producto\/cenicero-de-ceramica-de-10-cm-salamandra-mallorca-beige\/"},"modified":"2025-07-25T18:48:12","modified_gmt":"2025-07-25T16:48:12","slug":"cendrier-ceramique-10-cm-salamandre-majorque-beige","status":"publish","type":"product","link":"https:\/\/olemosaic.com\/fr\/produit\/cendrier-ceramique-10-cm-salamandre-majorque-beige\/","title":{"rendered":"Cendrier en c\u00e9ramique de 10 cm. Salamandre. Majorque. Beige"},"content":{"rendered":"<p>Ce cendrier en c\u00e9ramique de 10 cm est un authentique souvenir de la beaut\u00e9 de Majorque, id\u00e9al pour ceux qui souhaitent emporter un morceau de cette \u00eele charmante. La pi\u00e8ce est magnifiquement peinte avec un effet fait main, montrant un design vibrant d&rsquo;une salamandre dans les tons bleu, vert et jaune, qui serpente avec gr\u00e2ce parmi de d\u00e9licates fleurs rouges, ajoutant une touche de fra\u00eecheur et de couleur. L&rsquo;inscription \u00ab\u00a0MALLORCA\u00a0\u00bb dans une typographie color\u00e9e est bien visible, faisant de ce cendrier n&rsquo;est pas seulement un objet fonctionnel, mais aussi un rappel \u00e9mouvant de la culture m\u00e9diterran\u00e9enne.<\/p>\n<p>Le bord de couleur beige apporte une finition \u00e9l\u00e9gante, rehaussant encore son attrait visuel. Ce cendrier c\u00e9l\u00e8bre la faune locale, en particulier la salamandre, symbole de chance et d&rsquo;adaptation \u00e0 l&rsquo;environnement, ce qui souligne le lien culturel du souvenir avec la riche biodiversit\u00e9 de l&rsquo;\u00eele. C&rsquo;est le produit parfait pour les touristes \u00e0 la recherche de souvenirs en c\u00e9ramique authentiques et repr\u00e9sentatifs de leur exp\u00e9rience \u00e0 Majorque. Chez Ol\u00e9 Mosaic, en tant que grossistes de souvenirs de l&rsquo;\u00eele, nous garantissons la qualit\u00e9 et l&rsquo;artisanat de chaque pi\u00e8ce, offrant aux boutiques de cadeaux touristiques un produit qui combine art, tradition et une touche de la vie locale.<\/p>\n","protected":false},"excerpt":{"rendered":"<p>Cendrier en c\u00e9ramique de 10 cm d\u00e9cor\u00e9 d&rsquo;une salamandre color\u00e9e, id\u00e9al pour se souvenir de la beaut\u00e9 de Majorque. La pi\u00e8ce semble \u00eatre peinte \u00e0 la main, avec un design vibrant montrant une salamandre dans les tons bleu, vert et jaune, entour\u00e9e de fleurs rouges et du mot \u00ab\u00a0MALLORCA\u00a0\u00bb. Le bord beige lui donne une touche \u00e9l\u00e9gante, en faisant un souvenir attrayant de l&rsquo;\u00eele, parfait pour tout amateur de culture m\u00e9diterran\u00e9enne.<\/p>\n","protected":false},"featured_media":7736,"template":"","meta":{"_acf_changed":false},"product_brand":[],"product_cat":[584],"product_tag":[530,585],"class_list":{"0":"post-29551","1":"product","2":"type-product","3":"status-publish","4":"has-post-thumbnail","6":"product_cat-cendriers","7":"product_tag-animaux","8":"product_tag-ceramique","9":"pa_ciudad-mallorca","10":"pa_motivo-salamandres","11":"pa_pais-espana","13":"first","14":"instock","15":"shipping-taxable","16":"product-type-simple"},"acf":[],"_links":{"self":[{"href":"https:\/\/olemosaic.com\/fr\/wp-json\/wp\/v2\/product\/29551","targetHints":{"allow":["GET"]}}],"collection":[{"href":"https:\/\/olemosaic.com\/fr\/wp-json\/wp\/v2\/product"}],"about":[{"href":"https:\/\/olemosaic.com\/fr\/wp-json\/wp\/v2\/types\/product"}],"wp:featuredmedia":[{"embeddable":true,"href":"https:\/\/olemosaic.com\/fr\/wp-json\/wp\/v2\/media\/7736"}],"wp:attachment":[{"href":"https:\/\/olemosaic.com\/fr\/wp-json\/wp\/v2\/media?parent=29551"}],"wp:term":[{"taxonomy":"product_brand","embeddable":true,"href":"https:\/\/olemosaic.com\/fr\/wp-json\/wp\/v2\/product_brand?post=29551"},{"taxonomy":"product_cat","embeddable":true,"href":"https:\/\/olemosaic.com\/fr\/wp-json\/wp\/v2\/product_cat?post=29551"},{"taxonomy":"product_tag","embeddable":true,"href":"https:\/\/olemosaic.com\/fr\/wp-json\/wp\/v2\/product_tag?post=29551"}],"curies":[{"name":"wp","href":"https:\/\/api.w.org\/{rel}","templated":true}]}}