{"id":29550,"date":"2025-02-20T23:31:12","date_gmt":"2025-02-20T22:31:12","guid":{"rendered":"http:\/\/olemosaic.com\/producto\/cenicero-de-ceramica-de-10-cm-madrid-blanco\/"},"modified":"2025-07-25T18:43:33","modified_gmt":"2025-07-25T16:43:33","slug":"cendrier-ceramique-10-cm-madrid-blanc","status":"publish","type":"product","link":"https:\/\/olemosaic.com\/fr\/produit\/cendrier-ceramique-10-cm-madrid-blanc\/","title":{"rendered":"Cendrier en c\u00e9ramique de 10 cm. Madrid. Blanc"},"content":{"rendered":"<p>Ce cendrier en c\u00e9ramique, de 10 cm de diam\u00e8tre, est un souvenir attrayant et color\u00e9 repr\u00e9sentatif de la vibrante culture madril\u00e8ne. D\u00e9cor\u00e9 de mani\u00e8re artisanale avec des illustrations vibrantes, il met en avant l&#8217;embl\u00e9matique Puerta del Sol, symbole central de la capitale espagnole. \u00c0 l&rsquo;int\u00e9rieur, des personnages color\u00e9s et des \u00e9l\u00e9ments typiques de la vie madril\u00e8ne prennent vie, refl\u00e9tant la joie et la diversit\u00e9 de cette ville dynamique. Avec une finition blanche brillante qui offre un contraste visuel saisissant, les d\u00e9tails en rouge, bleu et jaune enrichissent le design, faisant de ce cendrier une pi\u00e8ce de d\u00e9coration unique qui \u00e9voque l&rsquo;essence de Madrid.<\/p>\n<p>Ce cendrier ne remplit pas seulement une fonction pratique, il agit \u00e9galement comme un rappel visuel des exp\u00e9riences v\u00e9cues dans la ville. Id\u00e9al pour les touristes \u00e0 la recherche d&rsquo;un souvenir authentique repr\u00e9sentant le riche h\u00e9ritage culturel de Madrid, cet article capture l&rsquo;esprit joyeux et accueillant de ses rues. Chez Ol\u00e9 Mosaic, en tant que grossistes de souvenirs de Madrid, nous proposons des produits qui soulignent l&rsquo;authenticit\u00e9 et l&rsquo;art de chaque pi\u00e8ce. Ce cendrier est une excellente option pour les boutiques de cadeaux touristiques cherchant \u00e0 offrir \u00e0 leurs clients un souvenir significatif et plein de charme.<\/p>\n","protected":false},"excerpt":{"rendered":"<p>Cendrier en c\u00e9ramique de 10 cm de diam\u00e8tre, d\u00e9cor\u00e9 d&rsquo;illustrations vibrantes repr\u00e9sentatives de Madrid. Ce cendrier attrayant pr\u00e9sente un design artisanal, peint \u00e0 la main, qui met en avant l&#8217;embl\u00e9matique Puerta del Sol, accompagn\u00e9e de personnages color\u00e9s et d&rsquo;\u00e9l\u00e9ments typiques de la culture madril\u00e8ne. Avec une finition blanche brillante et des d\u00e9tails en rouge, bleu et jaune, c&rsquo;est le souvenir id\u00e9al pour se rappeler l&rsquo;essence de la capitale espagnole.<\/p>\n","protected":false},"featured_media":9950,"template":"","meta":{"_acf_changed":false},"product_brand":[],"product_cat":[584],"product_tag":[585],"class_list":{"0":"post-29550","1":"product","2":"type-product","3":"status-publish","4":"has-post-thumbnail","6":"product_cat-cendriers","7":"product_tag-ceramique","8":"pa_ciudad-madrid","9":"pa_pais-espana","11":"first","12":"instock","13":"shipping-taxable","14":"product-type-simple"},"acf":[],"_links":{"self":[{"href":"https:\/\/olemosaic.com\/fr\/wp-json\/wp\/v2\/product\/29550","targetHints":{"allow":["GET"]}}],"collection":[{"href":"https:\/\/olemosaic.com\/fr\/wp-json\/wp\/v2\/product"}],"about":[{"href":"https:\/\/olemosaic.com\/fr\/wp-json\/wp\/v2\/types\/product"}],"wp:featuredmedia":[{"embeddable":true,"href":"https:\/\/olemosaic.com\/fr\/wp-json\/wp\/v2\/media\/9950"}],"wp:attachment":[{"href":"https:\/\/olemosaic.com\/fr\/wp-json\/wp\/v2\/media?parent=29550"}],"wp:term":[{"taxonomy":"product_brand","embeddable":true,"href":"https:\/\/olemosaic.com\/fr\/wp-json\/wp\/v2\/product_brand?post=29550"},{"taxonomy":"product_cat","embeddable":true,"href":"https:\/\/olemosaic.com\/fr\/wp-json\/wp\/v2\/product_cat?post=29550"},{"taxonomy":"product_tag","embeddable":true,"href":"https:\/\/olemosaic.com\/fr\/wp-json\/wp\/v2\/product_tag?post=29550"}],"curies":[{"name":"wp","href":"https:\/\/api.w.org\/{rel}","templated":true}]}}