{"id":29549,"date":"2025-02-20T23:31:11","date_gmt":"2025-02-20T22:31:11","guid":{"rendered":"http:\/\/olemosaic.com\/producto\/cenicero-de-ceramica-de-8-cm-punt-de-trobada-beige\/"},"modified":"2025-07-25T19:20:07","modified_gmt":"2025-07-25T17:20:07","slug":"cendrier-ceramique-8-cm-punt-de-trobada-beige","status":"publish","type":"product","link":"https:\/\/olemosaic.com\/fr\/produit\/cendrier-ceramique-8-cm-punt-de-trobada-beige\/","title":{"rendered":"Cendrier en c\u00e9ramique de 8 cm. Punt de trobada. Beige"},"content":{"rendered":"<p>Ce cendrier en c\u00e9ramique \u00ab\u00a0Punt de trobada\u00a0\u00bb est une pi\u00e8ce vibrante qui incarne l&rsquo;essence de l&rsquo;art moderne espagnol. Avec un diam\u00e8tre de 8 cm, cet objet d\u00e9coratif attrayant fusionne fonctionnalit\u00e9 et style, devenant un authentique souvenir d&rsquo;Espagne. Sa couleur beige \u00e0 l&rsquo;ext\u00e9rieur, accompagn\u00e9e d&rsquo;un \u00e9l\u00e9gant bord noir, apporte une touche contemporaine qui s&rsquo;adapte \u00e0 n&rsquo;importe quel environnement. L&rsquo;int\u00e9rieur du cendrier, soigneusement peint \u00e0 la main, est orn\u00e9 de motifs abstraits dans une explosion de couleurs : rouge, bleu, jaune et vert, qui \u00e9voquent la cr\u00e9ativit\u00e9 et le dynamisme de l&rsquo;art contemporain.<\/p>\n<p>La combinaison de ces couleurs et formes abstraites met non seulement en valeur le savoir-faire artisanal derri\u00e8re cette pi\u00e8ce, mais renvoie \u00e9galement \u00e0 la riche tradition artistique que l&rsquo;Espagne a cultiv\u00e9e au fil des ans, rappelant l&rsquo;h\u00e9ritage de ma\u00eetres tels que Joan Mir\u00f3 et Salvador Dal\u00ed. Ce cendrier n&rsquo;est pas seulement un objet pratique, mais un reflet de la culture visuelle du pays, ce qui en fait un cadeau id\u00e9al pour les touristes cherchant \u00e0 emporter un morceau de la cr\u00e9ativit\u00e9 espagnole.<\/p>\n<p>Chez Ol\u00e9 Mosaic, en tant que grossiste de souvenirs en c\u00e9ramique, nous proposons des produits authentiques qui c\u00e9l\u00e8brent l&rsquo;h\u00e9ritage culturel de l&rsquo;Espagne. Ce cendrier est un excellent choix pour les boutiques de cadeaux touristiques qui souhaitent offrir \u00e0 leurs clients un souvenir authentique et repr\u00e9sentatif de leur visite.<\/p>\n","protected":false},"excerpt":{"rendered":"<p>Cendrier en c\u00e9ramique de 8 cm, \u00ab\u00a0Punt de trobada\u00a0\u00bb, avec un design vibrant inspir\u00e9 de l&rsquo;art moderne. Ce cendrier beige color\u00e9 pr\u00e9sente un int\u00e9rieur au design artisanal, peint \u00e0 la main, avec des motifs abstraits dans les tons rouge, bleu, jaune et vert, capturant l&rsquo;essence cr\u00e9ative de l&rsquo;art espagnol. Sa forme ronde et son bord noir ajoutent une touche \u00e9l\u00e9gante \u00e0 n&rsquo;importe quel environnement, en faisant un souvenir parfait de la culture visuelle de l&rsquo;Espagne.<\/p>\n","protected":false},"featured_media":10040,"template":"","meta":{"_acf_changed":false},"product_brand":[],"product_cat":[584],"product_tag":[585],"class_list":{"0":"post-29549","1":"product","2":"type-product","3":"status-publish","4":"has-post-thumbnail","6":"product_cat-cendriers","7":"product_tag-ceramique","8":"pa_motivo-punt-de-trobada","10":"first","11":"instock","12":"shipping-taxable","13":"product-type-simple"},"acf":[],"_links":{"self":[{"href":"https:\/\/olemosaic.com\/fr\/wp-json\/wp\/v2\/product\/29549","targetHints":{"allow":["GET"]}}],"collection":[{"href":"https:\/\/olemosaic.com\/fr\/wp-json\/wp\/v2\/product"}],"about":[{"href":"https:\/\/olemosaic.com\/fr\/wp-json\/wp\/v2\/types\/product"}],"wp:featuredmedia":[{"embeddable":true,"href":"https:\/\/olemosaic.com\/fr\/wp-json\/wp\/v2\/media\/10040"}],"wp:attachment":[{"href":"https:\/\/olemosaic.com\/fr\/wp-json\/wp\/v2\/media?parent=29549"}],"wp:term":[{"taxonomy":"product_brand","embeddable":true,"href":"https:\/\/olemosaic.com\/fr\/wp-json\/wp\/v2\/product_brand?post=29549"},{"taxonomy":"product_cat","embeddable":true,"href":"https:\/\/olemosaic.com\/fr\/wp-json\/wp\/v2\/product_cat?post=29549"},{"taxonomy":"product_tag","embeddable":true,"href":"https:\/\/olemosaic.com\/fr\/wp-json\/wp\/v2\/product_tag?post=29549"}],"curies":[{"name":"wp","href":"https:\/\/api.w.org\/{rel}","templated":true}]}}