{"id":29547,"date":"2025-02-20T23:31:11","date_gmt":"2025-02-20T22:31:11","guid":{"rendered":"http:\/\/olemosaic.com\/producto\/bol-de-coco-beige-salamandra-mallorca-2\/"},"modified":"2025-07-25T20:10:49","modified_gmt":"2025-07-25T18:10:49","slug":"bol-noix-de-coco-beige-salamandre-majorque-2","status":"publish","type":"product","link":"https:\/\/olemosaic.com\/fr\/produit\/bol-noix-de-coco-beige-salamandre-majorque-2\/","title":{"rendered":"Bol en noix de coco beige. Salamandre. Majorque. Bal\u00e9ares."},"content":{"rendered":"<p>Ce bol d\u00e9coratif en noix de coco beige est une pi\u00e8ce unique qui capture l&rsquo;essence de Majorque, id\u00e9al pour ceux qui recherchent des souvenirs authentiques et repr\u00e9sentatifs de l&rsquo;\u00eele. Son design attrayant pr\u00e9sente une magnifique illustration d&rsquo;une salamandre dans les tons marron, qui se d\u00e9tache sur un fond clair, \u00e9voquant la faune locale et l&rsquo;environnement naturel de Majorque. L&rsquo;ext\u00e9rieur du bol conserve une finition naturelle qui souligne les imperfections et les textures de la noix de coco, tandis qu&rsquo;\u00e0 l&rsquo;int\u00e9rieur se d\u00e9ploie un jeu de couleurs rappelant les pierres locales, cr\u00e9ant une exp\u00e9rience visuelle captivante.<\/p>\n<p>Parfait aussi bien comme pi\u00e8ce d\u00e9corative que pour servir de petits ap\u00e9ritifs, ce bol allie non seulement fonctionnalit\u00e9 et esth\u00e9tique, mais c\u00e9l\u00e8bre \u00e9galement la riche culture majorquine. La salamandre, symbole de renouveau et de transformation, est int\u00e9gr\u00e9e au design, refl\u00e9tant le lien entre la nature et la tradition artisanale de la r\u00e9gion. Chez Ol\u00e9 Mosaic, nous comprenons l&rsquo;importance de proposer des produits qui racontent une histoire, et ce bol repr\u00e9sente parfaitement l&rsquo;authenticit\u00e9 et l&rsquo;art qui caract\u00e9risent Majorque.<\/p>\n<p>En tant que distributeurs de souvenirs en gros, nous garantissons que ce bol d\u00e9coratif en noix de coco beige sera une excellente option pour les boutiques de cadeaux touristiques cherchant des produits qui mettent en valeur la beaut\u00e9 et la singularit\u00e9 de la culture locale. Ce bol est, sans aucun doute, un souvenir inoubliable qui capturera l&rsquo;essence de Majorque dans chaque foyer.<\/p>\n","protected":false},"excerpt":{"rendered":"<p>Bol d\u00e9coratif en noix de coco beige, caract\u00e9ris\u00e9 par son design attrayant et original. Ce produit, inspir\u00e9 de la faune majorquine, pr\u00e9sente une salamandre dans les tons marron sur un fond clair. L&rsquo;ext\u00e9rieur a une finition naturelle, tandis que l&rsquo;int\u00e9rieur montre un jeu de textures et de couleurs \u00e9voquant les pierres locales. Id\u00e9al comme pi\u00e8ce d\u00e9corative ou pour servir de petits ap\u00e9ritifs, ce bol est un reflet de l&rsquo;art et de la culture de Majorque.<\/p>\n","protected":false},"featured_media":11883,"template":"","meta":{"_acf_changed":false},"product_brand":[],"product_cat":[521],"product_tag":[530],"class_list":{"0":"post-29547","1":"product","2":"type-product","3":"status-publish","4":"has-post-thumbnail","6":"product_cat-bols","7":"product_tag-animaux","8":"pa_ciudad-mallorca","9":"pa_motivo-salamandres","10":"pa_pais-espana","12":"first","13":"instock","14":"shipping-taxable","15":"product-type-simple"},"acf":[],"_links":{"self":[{"href":"https:\/\/olemosaic.com\/fr\/wp-json\/wp\/v2\/product\/29547","targetHints":{"allow":["GET"]}}],"collection":[{"href":"https:\/\/olemosaic.com\/fr\/wp-json\/wp\/v2\/product"}],"about":[{"href":"https:\/\/olemosaic.com\/fr\/wp-json\/wp\/v2\/types\/product"}],"wp:featuredmedia":[{"embeddable":true,"href":"https:\/\/olemosaic.com\/fr\/wp-json\/wp\/v2\/media\/11883"}],"wp:attachment":[{"href":"https:\/\/olemosaic.com\/fr\/wp-json\/wp\/v2\/media?parent=29547"}],"wp:term":[{"taxonomy":"product_brand","embeddable":true,"href":"https:\/\/olemosaic.com\/fr\/wp-json\/wp\/v2\/product_brand?post=29547"},{"taxonomy":"product_cat","embeddable":true,"href":"https:\/\/olemosaic.com\/fr\/wp-json\/wp\/v2\/product_cat?post=29547"},{"taxonomy":"product_tag","embeddable":true,"href":"https:\/\/olemosaic.com\/fr\/wp-json\/wp\/v2\/product_tag?post=29547"}],"curies":[{"name":"wp","href":"https:\/\/api.w.org\/{rel}","templated":true}]}}