{"id":29527,"date":"2025-02-20T23:31:10","date_gmt":"2025-02-20T22:31:10","guid":{"rendered":"http:\/\/olemosaic.com\/producto\/bol-de-coco-rojo-sagrada-familia-barcelona-4\/"},"modified":"2025-07-25T19:52:48","modified_gmt":"2025-07-25T17:52:48","slug":"bol-de-coco-rouge-sagrada-familia-barcelone-4","status":"publish","type":"product","link":"https:\/\/olemosaic.com\/fr\/produit\/bol-de-coco-rouge-sagrada-familia-barcelone-4\/","title":{"rendered":"Bol de coco rouge. Sagrada Familia. Gaud\u00ed. Barcelone."},"content":{"rendered":"<p>Ce bol en noix de coco rouge, inspir\u00e9 de l&#8217;embl\u00e9matique Sagrada Familia de Barcelone, est une pi\u00e8ce unique qui capture l&rsquo;essence de l&rsquo;architecture de Gaud\u00ed. Avec une finition en coco poli, ce bol attrayant pr\u00e9sente un design ovale qui lui conf\u00e8re une \u00e9l\u00e9gance distincte, id\u00e9ale pour un usage d\u00e9coratif ou fonctionnel. Sa surface se distingue par une d\u00e9coration vibrante dans les tons rouges, compl\u00e9t\u00e9e par de d\u00e9licats d\u00e9tails blancs qui \u00e9voquent les formes et motifs complexes de la c\u00e9l\u00e8bre basilique. Au centre du bol se trouve une image repr\u00e9sentative de la Sagrada Familia, soulignant son importance culturelle et architecturale.<\/p>\n<p>Ce bol n&rsquo;est pas seulement un cadeau parfait pour les amoureux de la culture catalane, mais il fonctionne \u00e9galement comme un \u00e9l\u00e9gant souvenir rappelant aux visiteurs la beaut\u00e9 et la singularit\u00e9 de Barcelone. Chaque pi\u00e8ce est confectionn\u00e9e m\u00e9ticuleusement, ce qui garantit son authenticit\u00e9 et sa qualit\u00e9, faisant de ce bol une option tr\u00e8s attrayante pour les collectionneurs et les touristes. Chez Ol\u00e9 Mosaic, nous sommes des distributeurs de souvenirs qui c\u00e9l\u00e8brent la richesse du patrimoine espagnol, et ce bol en coco est un excellent choix pour les boutiques de cadeaux touristiques cherchant \u00e0 proposer des produits remarquables et authentiques de la r\u00e9gion. Un souvenir de la Sagrada Familia indispensable pour ceux qui adorent la culture espagnole.<\/p>\n","protected":false},"excerpt":{"rendered":"<p>Bol en noix de coco rouge, inspir\u00e9 de l&#8217;embl\u00e9matique Sagrada Familia de Barcelone. Ce bol attrayant, avec une finition en coco, est d\u00e9cor\u00e9 de motifs rouges et de d\u00e9tails blancs \u00e9voquant la singularit\u00e9 architecturale du chef-d&rsquo;\u0153uvre de Gaud\u00ed. Il pr\u00e9sente un design ovale qui rehausse son \u00e9l\u00e9gance, combin\u00e9 \u00e0 une image repr\u00e9sentative du monument au centre, ce qui en fait une pi\u00e8ce unique et d\u00e9corative, parfaite pour les collectionneurs et les amoureux de la culture catalane.<\/p>\n","protected":false},"featured_media":11858,"template":"","meta":{"_acf_changed":false},"product_brand":[],"product_cat":[521],"product_tag":[],"class_list":{"0":"post-29527","1":"product","2":"type-product","3":"status-publish","4":"has-post-thumbnail","6":"product_cat-bols","7":"pa_ciudad-barcelona","8":"pa_motivo-sagrada-familia","9":"pa_pais-espana","11":"first","12":"instock","13":"shipping-taxable","14":"product-type-simple"},"acf":[],"_links":{"self":[{"href":"https:\/\/olemosaic.com\/fr\/wp-json\/wp\/v2\/product\/29527","targetHints":{"allow":["GET"]}}],"collection":[{"href":"https:\/\/olemosaic.com\/fr\/wp-json\/wp\/v2\/product"}],"about":[{"href":"https:\/\/olemosaic.com\/fr\/wp-json\/wp\/v2\/types\/product"}],"wp:featuredmedia":[{"embeddable":true,"href":"https:\/\/olemosaic.com\/fr\/wp-json\/wp\/v2\/media\/11858"}],"wp:attachment":[{"href":"https:\/\/olemosaic.com\/fr\/wp-json\/wp\/v2\/media?parent=29527"}],"wp:term":[{"taxonomy":"product_brand","embeddable":true,"href":"https:\/\/olemosaic.com\/fr\/wp-json\/wp\/v2\/product_brand?post=29527"},{"taxonomy":"product_cat","embeddable":true,"href":"https:\/\/olemosaic.com\/fr\/wp-json\/wp\/v2\/product_cat?post=29527"},{"taxonomy":"product_tag","embeddable":true,"href":"https:\/\/olemosaic.com\/fr\/wp-json\/wp\/v2\/product_tag?post=29527"}],"curies":[{"name":"wp","href":"https:\/\/api.w.org\/{rel}","templated":true}]}}