{"id":29526,"date":"2025-02-20T23:31:10","date_gmt":"2025-02-20T22:31:10","guid":{"rendered":"http:\/\/olemosaic.com\/producto\/bol-de-coco-rojo-sagrada-familia-barcelona-3\/"},"modified":"2025-07-25T19:52:35","modified_gmt":"2025-07-25T17:52:35","slug":"bol-noix-de-coco-rouge-sagrada-familia-barcelone-3","status":"publish","type":"product","link":"https:\/\/olemosaic.com\/fr\/produit\/bol-noix-de-coco-rouge-sagrada-familia-barcelone-3\/","title":{"rendered":"Bol en noix de coco rouge. Sagrada Familia. Architecture. Barcelone."},"content":{"rendered":"<p>Ce bol en noix de coco rouge, inspir\u00e9 par l&#8217;embl\u00e9matique Sagrada Familia de Barcelone, est une v\u00e9ritable \u0153uvre d&rsquo;art qui ajoutera de la couleur et une touche culturelle \u00e0 n&rsquo;importe quel foyer. Fabriqu\u00e9 en noix de coco, son int\u00e9rieur vibrant, d&rsquo;un ton rouge intense, est d\u00e9cor\u00e9 d&rsquo;un design graphique qui met en valeur la silhouette iconique de la c\u00e9l\u00e8bre basilique, capturant l&rsquo;essence architecturale d&rsquo;Antoni Gaud\u00ed. Le bord du bol est orn\u00e9 d&rsquo;un cadre dans des tons clairs, apportant un contraste \u00e9l\u00e9gant qui rehausse sa finition distinctive.<\/p>\n<p>Id\u00e9al tant pour la d\u00e9coration que pour un usage quotidien, ce bol repr\u00e9sente plus qu&rsquo;un simple objet : c&rsquo;est un souvenir significatif de la riche culture catalane et de l&rsquo;un des monuments les plus visit\u00e9s d&rsquo;Espagne. La Sagrada Familia, symbole de Barcelone, est consid\u00e9r\u00e9e comme l&rsquo;un des chefs-d&rsquo;\u0153uvre du modernisme, et ce bol permet d&#8217;emporter un petit morceau de cette histoire et de cette beaut\u00e9 chez soi.<\/p>\n<p>Chez Ol\u00e9 Mosaic, nous nous sp\u00e9cialisons dans la distribution de souvenirs en gros, et ce bol en noix de coco est un choix exceptionnel pour les boutiques de cadeaux touristiques cherchant \u00e0 proposer des produits authentiques et repr\u00e9sentatifs de leur r\u00e9gion. Apportez de l&rsquo;\u00e9l\u00e9gance et de la culture \u00e0 votre collection de souvenirs, ce qui en fait un excellent choix pour les touristes souhaitant se souvenir de leur visite \u00e0 Barcelone.<\/p>\n","protected":false},"excerpt":{"rendered":"<p>Bol en noix de coco rouge inspir\u00e9 par l&#8217;embl\u00e9matique Sagrada Familia de Barcelone. Ce bol \u00e9l\u00e9gant, fabriqu\u00e9 en noix de coco, pr\u00e9sente un int\u00e9rieur rouge vibrant d\u00e9cor\u00e9 d&rsquo;un design graphique reproduisant la silhouette de la c\u00e9l\u00e8bre basilique. Le bord, dans des tons clairs, rehausse la finition. Id\u00e9al pour ajouter une touche de couleur et de culture catalane \u00e0 votre foyer, alliant fonctionnalit\u00e9 et art dans une pi\u00e8ce unique.<\/p>\n","protected":false},"featured_media":12021,"template":"","meta":{"_acf_changed":false},"product_brand":[],"product_cat":[521],"product_tag":[],"class_list":{"0":"post-29526","1":"product","2":"type-product","3":"status-publish","4":"has-post-thumbnail","6":"product_cat-bols","7":"pa_ciudad-barcelona","8":"pa_motivo-sagrada-familia","9":"pa_pais-espana","11":"first","12":"instock","13":"shipping-taxable","14":"product-type-simple"},"acf":[],"_links":{"self":[{"href":"https:\/\/olemosaic.com\/fr\/wp-json\/wp\/v2\/product\/29526","targetHints":{"allow":["GET"]}}],"collection":[{"href":"https:\/\/olemosaic.com\/fr\/wp-json\/wp\/v2\/product"}],"about":[{"href":"https:\/\/olemosaic.com\/fr\/wp-json\/wp\/v2\/types\/product"}],"wp:featuredmedia":[{"embeddable":true,"href":"https:\/\/olemosaic.com\/fr\/wp-json\/wp\/v2\/media\/12021"}],"wp:attachment":[{"href":"https:\/\/olemosaic.com\/fr\/wp-json\/wp\/v2\/media?parent=29526"}],"wp:term":[{"taxonomy":"product_brand","embeddable":true,"href":"https:\/\/olemosaic.com\/fr\/wp-json\/wp\/v2\/product_brand?post=29526"},{"taxonomy":"product_cat","embeddable":true,"href":"https:\/\/olemosaic.com\/fr\/wp-json\/wp\/v2\/product_cat?post=29526"},{"taxonomy":"product_tag","embeddable":true,"href":"https:\/\/olemosaic.com\/fr\/wp-json\/wp\/v2\/product_tag?post=29526"}],"curies":[{"name":"wp","href":"https:\/\/api.w.org\/{rel}","templated":true}]}}