{"id":29525,"date":"2025-02-20T22:31:10","date_gmt":"2025-02-20T22:31:10","guid":{"rendered":"http:\/\/olemosaic.com\/producto\/bol-de-coco-rojo-mallorca\/"},"modified":"2025-07-25T20:39:42","modified_gmt":"2025-07-25T18:39:42","slug":"bol-noix-de-coco-rouge-majorque","status":"publish","type":"product","link":"https:\/\/olemosaic.com\/fr\/produit\/bol-noix-de-coco-rouge-majorque\/","title":{"rendered":"Bol en noix de coco rouge. Majorque."},"content":{"rendered":"<p>Ce bol en noix de coco rouge, \u00e9labor\u00e9 artisanalement \u00e0 Majorque, est une pi\u00e8ce qui fusionne design et tradition. Son int\u00e9rieur vibrant, dans des tons rouge\u00e2tres et d\u00e9cor\u00e9 de fins d\u00e9tails dor\u00e9s, offre un effet visuel captivant qui \u00e9voque la chaleur et la joie de la M\u00e9diterran\u00e9e. La surface pr\u00e9sente une finition textur\u00e9e rappelant les vagues de la mer, en faisant une \u0153uvre d&rsquo;art qui capture l&rsquo;essence de l&rsquo;\u00eele. Au centre du bol, l&rsquo;inscription \u00ab\u00a0MAJORQUE\u00a0\u00bb ajoute une touche distinctive et souligne son origine. Ce bol n&rsquo;est pas seulement un accessoire d\u00e9coratif, il est aussi parfait pour servir des ap\u00e9ritifs ou comme \u00e9l\u00e9ment attrayant sur n&rsquo;importe quelle table. L&rsquo;authenticit\u00e9 de ce produit r\u00e9side dans sa fabrication manuelle, l&rsquo;utilisation de mat\u00e9riaux naturels et sa profonde connexion avec la riche culture des Bal\u00e9ares. Chez Ol\u00e9 Mosaic, nous sommes fiers de proposer ce bol en noix de coco comme souvenir repr\u00e9sentatif, id\u00e9al pour les touristes cherchant \u00e0 emporter un morceau de Majorque. C&rsquo;est une excellente option pour les boutiques de cadeaux touristiques \u00e0 la recherche de souvenirs uniques et culturels, se distinguant par sa beaut\u00e9 et sa fonctionnalit\u00e9. En tant que grossistes de souvenirs, nous garantissons que chaque bol offre la qualit\u00e9 et le design que vos clients appr\u00e9cieront.<\/p>\n","protected":false},"excerpt":{"rendered":"<p>Bol en noix de coco rouge artisanal de Majorque, \u00e9labor\u00e9 \u00e0 partir de coques de noix de coco. Ce bol attrayant pr\u00e9sente un design vibrant dans des tons rouges et des d\u00e9tails dor\u00e9s, cr\u00e9ant un effet visuel unique qui \u00e9voque la chaleur de la M\u00e9diterran\u00e9e. \u00c0 l&rsquo;int\u00e9rieur, il porte l&rsquo;inscription \u00ab MAJORQUE \u00bb, une touche distinctive. Id\u00e9al pour d\u00e9corer ou servir, ce produit allie esth\u00e9tique et fonctionnalit\u00e9, et souligne la richesse culturelle des \u00eeles Bal\u00e9ares.<\/p>\n","protected":false},"featured_media":10097,"template":"","meta":{"_acf_changed":false},"product_brand":[],"product_cat":[521],"product_tag":[],"class_list":{"0":"post-29525","1":"product","2":"type-product","3":"status-publish","4":"has-post-thumbnail","6":"product_cat-bols","7":"pa_ciudad-mallorca","8":"pa_pais-espana","10":"first","11":"instock","12":"shipping-taxable","13":"product-type-simple"},"acf":[],"_links":{"self":[{"href":"https:\/\/olemosaic.com\/fr\/wp-json\/wp\/v2\/product\/29525","targetHints":{"allow":["GET"]}}],"collection":[{"href":"https:\/\/olemosaic.com\/fr\/wp-json\/wp\/v2\/product"}],"about":[{"href":"https:\/\/olemosaic.com\/fr\/wp-json\/wp\/v2\/types\/product"}],"wp:featuredmedia":[{"embeddable":true,"href":"https:\/\/olemosaic.com\/fr\/wp-json\/wp\/v2\/media\/10097"}],"wp:attachment":[{"href":"https:\/\/olemosaic.com\/fr\/wp-json\/wp\/v2\/media?parent=29525"}],"wp:term":[{"taxonomy":"product_brand","embeddable":true,"href":"https:\/\/olemosaic.com\/fr\/wp-json\/wp\/v2\/product_brand?post=29525"},{"taxonomy":"product_cat","embeddable":true,"href":"https:\/\/olemosaic.com\/fr\/wp-json\/wp\/v2\/product_cat?post=29525"},{"taxonomy":"product_tag","embeddable":true,"href":"https:\/\/olemosaic.com\/fr\/wp-json\/wp\/v2\/product_tag?post=29525"}],"curies":[{"name":"wp","href":"https:\/\/api.w.org\/{rel}","templated":true}]}}