{"id":29524,"date":"2025-02-20T22:31:09","date_gmt":"2025-02-20T22:31:09","guid":{"rendered":"http:\/\/olemosaic.com\/producto\/bol-de-coco-rojo-tortuga-menorca\/"},"modified":"2025-07-25T18:43:56","modified_gmt":"2025-07-25T16:43:56","slug":"bol-noix-de-coco-rouge-tortue-minorque","status":"publish","type":"product","link":"https:\/\/olemosaic.com\/fr\/produit\/bol-noix-de-coco-rouge-tortue-minorque\/","title":{"rendered":"Bol en noix de coco rouge. Tortue. Minorque."},"content":{"rendered":"<p>Ce bol en noix de coco rouge, fait main, est un exemple exquis de l&rsquo;artisanat de Minorque, refl\u00e9tant la beaut\u00e9 de sa nature et de sa faune. Son design charmant pr\u00e9sente une \u00e9l\u00e9gante tortue, symbole de la vie marine de l&rsquo;\u00eele, sur un fond de tons doux, cr\u00e9ant un contraste harmonieux. Les d\u00e9tails rouges qui ornent le bord du bol ajoutent une touche vibrante \u00e0 la pi\u00e8ce, en faisant un objet \u00e0 la fois utilitaire et d\u00e9coratif, capable de capter l&rsquo;attention dans n&rsquo;importe quel environnement.<\/p>\n<p>La technique artisanale employ\u00e9e pour cr\u00e9er ce bol en coque de noix de coco met en \u00e9vidence le d\u00e9vouement et le soin apport\u00e9s \u00e0 chaque d\u00e9tail, \u00e9voquant la riche tradition artisanale de Minorque. Ce bol est id\u00e9al aussi bien pour servir des ap\u00e9ritifs que pour orner des \u00e9tag\u00e8res et des tables, apportant un air d&rsquo;authenticit\u00e9 et de caract\u00e8re local. En tant que cadeau symbolique, il repr\u00e9sente un petit morceau de Minorque, ce qui en fait un souvenir parfait pour ceux qui souhaitent emporter un souvenir significatif de leur visite.<\/p>\n<p>Chez Ol\u00e9 Mosaic, nous nous sp\u00e9cialisons dans la distribution de souvenirs en gros, et ce bol en noix de coco rouge est une excellente option pour les boutiques de cadeaux touristiques recherchant des produits authentiques et repr\u00e9sentatifs de la culture de Minorque. En choisissant ce bol, les touristes n&rsquo;acqui\u00e8rent pas seulement un objet d\u00e9coratif, mais emportent \u00e9galement avec eux un morceau de l&rsquo;histoire et de la beaut\u00e9 de Minorque.<\/p>\n","protected":false},"excerpt":{"rendered":"<p>Bol en noix de coco rouge fait main, inspir\u00e9 par la faune de Minorque. Son design pr\u00e9sente une \u00e9l\u00e9gante tortue sur un fond de tons doux, avec des d\u00e9tails rouges ornant le bord. \u00c9labor\u00e9 \u00e0 partir d&rsquo;une coque de noix de coco, ce produit se distingue par sa technique artisanale et ses motifs \u00e9voquant la beaut\u00e9 naturelle de l&rsquo;\u00eele. Id\u00e9al comme \u00e9l\u00e9ment d\u00e9coratif ou pour servir des ap\u00e9ritifs, il apporte avec lui un petit morceau de Minorque.<\/p>\n","protected":false},"featured_media":11914,"template":"","meta":{"_acf_changed":false},"product_brand":[],"product_cat":[521],"product_tag":[530],"class_list":{"0":"post-29524","1":"product","2":"type-product","3":"status-publish","4":"has-post-thumbnail","6":"product_cat-bols","7":"product_tag-animaux","8":"pa_ciudad-menorca","9":"pa_motivo-tortues","10":"pa_pais-espana","12":"first","13":"instock","14":"shipping-taxable","15":"product-type-simple"},"acf":[],"_links":{"self":[{"href":"https:\/\/olemosaic.com\/fr\/wp-json\/wp\/v2\/product\/29524","targetHints":{"allow":["GET"]}}],"collection":[{"href":"https:\/\/olemosaic.com\/fr\/wp-json\/wp\/v2\/product"}],"about":[{"href":"https:\/\/olemosaic.com\/fr\/wp-json\/wp\/v2\/types\/product"}],"wp:featuredmedia":[{"embeddable":true,"href":"https:\/\/olemosaic.com\/fr\/wp-json\/wp\/v2\/media\/11914"}],"wp:attachment":[{"href":"https:\/\/olemosaic.com\/fr\/wp-json\/wp\/v2\/media?parent=29524"}],"wp:term":[{"taxonomy":"product_brand","embeddable":true,"href":"https:\/\/olemosaic.com\/fr\/wp-json\/wp\/v2\/product_brand?post=29524"},{"taxonomy":"product_cat","embeddable":true,"href":"https:\/\/olemosaic.com\/fr\/wp-json\/wp\/v2\/product_cat?post=29524"},{"taxonomy":"product_tag","embeddable":true,"href":"https:\/\/olemosaic.com\/fr\/wp-json\/wp\/v2\/product_tag?post=29524"}],"curies":[{"name":"wp","href":"https:\/\/api.w.org\/{rel}","templated":true}]}}