{"id":29523,"date":"2025-02-20T23:31:09","date_gmt":"2025-02-20T22:31:09","guid":{"rendered":"http:\/\/olemosaic.com\/producto\/bol-de-coco-rojo-tortuga-barcelona-4\/"},"modified":"2025-07-25T20:28:01","modified_gmt":"2025-07-25T18:28:01","slug":"bol-noix-de-coco-rouge-tortue-barcelone-4","status":"publish","type":"product","link":"https:\/\/olemosaic.com\/fr\/produit\/bol-noix-de-coco-rouge-tortue-barcelone-4\/","title":{"rendered":"Bol en noix de coco rouge. Tortue. Rouge et dor\u00e9. Barcelone."},"content":{"rendered":"<p>Ce bol en noix de coco rouge, orn\u00e9 d&rsquo;un charmant motif de tortue, est un souvenir exquis qui capture l&rsquo;essence vibrante de Barcelone. \u00c9labor\u00e9 de mani\u00e8re artisanale, sa surface brillante semble \u00eatre peinte \u00e0 la main dans des tons rouges et dor\u00e9s captivants, cr\u00e9ant une pi\u00e8ce unique qui sert non seulement d&rsquo;accessoire d\u00e9coratif, mais refl\u00e8te \u00e9galement la riche culture m\u00e9diterran\u00e9enne de la ville. La tortue, symbole de long\u00e9vit\u00e9, de paix et de sagesse, est \u00e9l\u00e9gamment situ\u00e9e au centre du bol, avec l&rsquo;inscription \u00ab\u00a0Barcelone\u00a0\u00bb, ce qui en fait un souvenir id\u00e9al pour ceux qui souhaitent emporter avec eux un morceau de cette magnifique ville.<\/p>\n<p>Le design en r\u00e9sille qui orne l&rsquo;int\u00e9rieur du bol souligne sa forme organique, ajoutant une dimension artistique qui embellit tout espace. Ce bol est parfait tant pour un usage d\u00e9coratif que pour une utilisation domestique, que ce soit comme centre de table ou pour ranger de petits objets. Chez Ol\u00e9 Mosaic, nous nous sp\u00e9cialisons dans la distribution de souvenirs authentiques en gros, et ce bol en noix de coco rouge s&rsquo;impose comme un magnifique exemple de l&rsquo;artisanat local, id\u00e9al pour les boutiques de cadeaux touristiques \u00e0 la recherche de produits distinctifs et pertinents. En tant que grossistes de souvenirs, nous garantissons la qualit\u00e9 et l&rsquo;authenticit\u00e9 de notre gamme de produits c\u00e9l\u00e9brant le riche h\u00e9ritage de Barcelone et de l&rsquo;Espagne.<\/p>\n","protected":false},"excerpt":{"rendered":"<p>Bol en noix de coco rouge avec un design de tortue, inspir\u00e9 par la culture vibrante de Barcelone. Cet accessoire singulier pr\u00e9sente une finition au design artisanal, peint \u00e0 la main, dans des tons rouges et dor\u00e9s, avec une r\u00e9sille d\u00e9licate qui souligne sa forme organique. Au centre, l&rsquo;image d&rsquo;une tortue est accompagn\u00e9e de l&rsquo;inscription \u00ab\u00a0Barcelone\u00a0\u00bb, ce qui en fait un souvenir parfait de la ville. Id\u00e9al comme pi\u00e8ce d\u00e9corative ou pour une utilisation \u00e0 la maison.<\/p>\n","protected":false},"featured_media":10164,"template":"","meta":{"_acf_changed":false},"product_brand":[],"product_cat":[521],"product_tag":[530],"class_list":{"0":"post-29523","1":"product","2":"type-product","3":"status-publish","4":"has-post-thumbnail","6":"product_cat-bols","7":"product_tag-animaux","8":"pa_ciudad-barcelona","9":"pa_motivo-tortues","10":"pa_pais-espana","12":"first","13":"instock","14":"shipping-taxable","15":"product-type-simple"},"acf":[],"_links":{"self":[{"href":"https:\/\/olemosaic.com\/fr\/wp-json\/wp\/v2\/product\/29523","targetHints":{"allow":["GET"]}}],"collection":[{"href":"https:\/\/olemosaic.com\/fr\/wp-json\/wp\/v2\/product"}],"about":[{"href":"https:\/\/olemosaic.com\/fr\/wp-json\/wp\/v2\/types\/product"}],"wp:featuredmedia":[{"embeddable":true,"href":"https:\/\/olemosaic.com\/fr\/wp-json\/wp\/v2\/media\/10164"}],"wp:attachment":[{"href":"https:\/\/olemosaic.com\/fr\/wp-json\/wp\/v2\/media?parent=29523"}],"wp:term":[{"taxonomy":"product_brand","embeddable":true,"href":"https:\/\/olemosaic.com\/fr\/wp-json\/wp\/v2\/product_brand?post=29523"},{"taxonomy":"product_cat","embeddable":true,"href":"https:\/\/olemosaic.com\/fr\/wp-json\/wp\/v2\/product_cat?post=29523"},{"taxonomy":"product_tag","embeddable":true,"href":"https:\/\/olemosaic.com\/fr\/wp-json\/wp\/v2\/product_tag?post=29523"}],"curies":[{"name":"wp","href":"https:\/\/api.w.org\/{rel}","templated":true}]}}