{"id":29522,"date":"2025-02-20T23:31:09","date_gmt":"2025-02-20T22:31:09","guid":{"rendered":"http:\/\/olemosaic.com\/producto\/bol-de-coco-rojo-salamandra-mallorca-4\/"},"modified":"2025-07-25T20:35:05","modified_gmt":"2025-07-25T18:35:05","slug":"bol-noix-de-coco-rouge-salamandre-majorque-4","status":"publish","type":"product","link":"https:\/\/olemosaic.com\/fr\/produit\/bol-noix-de-coco-rouge-salamandre-majorque-4\/","title":{"rendered":"Bol en noix de coco rouge. Salamandre. Rouge. Majorque."},"content":{"rendered":"<p>Ce bol en noix de coco rouge, d\u00e9cor\u00e9 d&rsquo;une illustration de salamandre, est un authentique souvenir de Majorque qui incarne la riche culture et la tradition de l&rsquo;\u00eele. Fabriqu\u00e9 de mani\u00e8re artisanale, il se distingue par son design peint \u00e0 la main dans des tons rouges vibrants, \u00e9voquant la chaleur du soleil m\u00e9diterran\u00e9en. Sa finition brillante rehausse non seulement son \u00e9l\u00e9gance, mais en fait \u00e9galement une pi\u00e8ce id\u00e9ale pour orner n&rsquo;importe quelle pi\u00e8ce, que ce soit la cuisine ou le salon.<\/p>\n<p>Au centre du bol, une salamandre stylis\u00e9e, symbole culturel de la r\u00e9gion majorquine, refl\u00e8te la connexion de l&rsquo;\u00eele avec la nature. Autour d&rsquo;elle, le mot \u00ab\u00a0MAJORQUE\u00a0\u00bb s&rsquo;int\u00e8gre harmonieusement au design, soulignant son authenticit\u00e9 en tant que souvenir repr\u00e9sentatif de l&rsquo;\u00eele. Ce bol n&rsquo;est pas seulement un article d\u00e9coratif, mais un t\u00e9moignage de l&rsquo;art et de la tradition locale, fusionnant fonctionnalit\u00e9 et esth\u00e9tique dans une pi\u00e8ce unique.<\/p>\n<p>Chez Ol\u00e9 Mosaic, nous sommes sp\u00e9cialis\u00e9s dans la distribution de souvenirs en gros, et ce bol en noix de coco rouge est une excellente option pour les boutiques de cadeaux touristiques cherchant \u00e0 proposer des produits authentiques et de qualit\u00e9. Parfait pour les touristes souhaitant emporter un morceau de la beaut\u00e9 et de l&rsquo;h\u00e9ritage culturel de Majorque, ce bol met en avant l&rsquo;attrait des souvenirs typiques de la r\u00e9gion.<\/p>\n","protected":false},"excerpt":{"rendered":"<p>Bol en noix de coco rouge, d\u00e9cor\u00e9 d&rsquo;une illustration de salamandre, typique de Majorque. Ce bol attrayant pr\u00e9sente un design artisanal, peint \u00e0 la main, avec des motifs dans des tons rouges et une finition brillante, soulignant son \u00e9l\u00e9gance et son originalit\u00e9. La salamandre, symbole culturel de la r\u00e9gion, est stylis\u00e9e au centre, accompagn\u00e9e du texte \u00ab\u00a0MAJORQUE\u00a0\u00bb. Id\u00e9al pour apporter une touche distinctive \u00e0 n&rsquo;importe quel environnement, il allie fonctionnalit\u00e9 et artisanat dans une pi\u00e8ce unique.<\/p>\n","protected":false},"featured_media":11882,"template":"","meta":{"_acf_changed":false},"product_brand":[],"product_cat":[521],"product_tag":[530],"class_list":{"0":"post-29522","1":"product","2":"type-product","3":"status-publish","4":"has-post-thumbnail","6":"product_cat-bols","7":"product_tag-animaux","8":"pa_ciudad-mallorca","9":"pa_motivo-salamandres","10":"pa_pais-espana","12":"first","13":"instock","14":"shipping-taxable","15":"product-type-simple"},"acf":[],"_links":{"self":[{"href":"https:\/\/olemosaic.com\/fr\/wp-json\/wp\/v2\/product\/29522","targetHints":{"allow":["GET"]}}],"collection":[{"href":"https:\/\/olemosaic.com\/fr\/wp-json\/wp\/v2\/product"}],"about":[{"href":"https:\/\/olemosaic.com\/fr\/wp-json\/wp\/v2\/types\/product"}],"wp:featuredmedia":[{"embeddable":true,"href":"https:\/\/olemosaic.com\/fr\/wp-json\/wp\/v2\/media\/11882"}],"wp:attachment":[{"href":"https:\/\/olemosaic.com\/fr\/wp-json\/wp\/v2\/media?parent=29522"}],"wp:term":[{"taxonomy":"product_brand","embeddable":true,"href":"https:\/\/olemosaic.com\/fr\/wp-json\/wp\/v2\/product_brand?post=29522"},{"taxonomy":"product_cat","embeddable":true,"href":"https:\/\/olemosaic.com\/fr\/wp-json\/wp\/v2\/product_cat?post=29522"},{"taxonomy":"product_tag","embeddable":true,"href":"https:\/\/olemosaic.com\/fr\/wp-json\/wp\/v2\/product_tag?post=29522"}],"curies":[{"name":"wp","href":"https:\/\/api.w.org\/{rel}","templated":true}]}}