{"id":29496,"date":"2025-02-20T23:31:08","date_gmt":"2025-02-20T22:31:08","guid":{"rendered":"http:\/\/olemosaic.com\/producto\/bol-de-coco-rojo-delfin-2\/"},"modified":"2025-07-25T18:50:09","modified_gmt":"2025-07-25T16:50:09","slug":"bol-noix-de-coco-rouge-dauphin-2","status":"publish","type":"product","link":"https:\/\/olemosaic.com\/fr\/produit\/bol-noix-de-coco-rouge-dauphin-2\/","title":{"rendered":"Bol en noix de coco rouge. Dauphin. Fond rouge."},"content":{"rendered":"<p>Ce bol en noix de coco rouge, orn\u00e9 d&rsquo;un dauphin attrayant au centre, est un v\u00e9ritable tr\u00e9sor artisanal qui capture l&rsquo;essence de l&rsquo;oc\u00e9an. Parfait pour servir des ap\u00e9ritifs ou comme \u00e9l\u00e9ment d\u00e9coratif, ce bol combine fonctionnalit\u00e9 et design vibrant qui \u00e9voque la joie de la mer. Fabriqu\u00e9 \u00e0 partir de noix de coco authentique, sa finition rouge brillante \u00e9voque la chaleur et le dynamisme des c\u00f4tes ensoleill\u00e9es. L&rsquo;image d&rsquo;un dauphin, symbole de l&rsquo;intelligence et de la gr\u00e2ce de la vie marine, se d\u00e9tache au centre, invitant \u00e0 une connexion authentique avec la nature.<\/p>\n<p>Les bords du bol pr\u00e9sentent des d\u00e9tails qui simulent les vagues de la mer, cr\u00e9ant un effet visuel qui rappelle les journ\u00e9es pass\u00e9es \u00e0 la plage. Ce bol n&rsquo;est pas seulement un excellent souvenir, mais il repr\u00e9sente \u00e9galement la culture maritime, si vitale dans de nombreuses r\u00e9gions c\u00f4ti\u00e8res. L&rsquo;artisanat qu&rsquo;implique sa fabrication refl\u00e8te la tradition locale et le respect des ressources naturelles, en faisant un cadeau significatif pour ceux qui cherchent \u00e0 ramener chez eux un morceau de l&rsquo;identit\u00e9 marine r\u00e9gionale.<\/p>\n<p>Chez Ol\u00e9 Mosaic, nous sommes fiers de proposer des souvenirs authentiques qui se distinguent par leur qualit\u00e9 et leur pertinence culturelle. Ce bol en noix de coco rouge est une option id\u00e9ale pour les boutiques de cadeaux touristiques qui souhaitent offrir des produits uniques et repr\u00e9sentatifs. En tant que grossistes de souvenirs, nous garantissons que chaque pi\u00e8ce n&rsquo;est pas seulement un souvenir, mais une c\u00e9l\u00e9bration du lien entre l&rsquo;\u00eatre humain et l&rsquo;oc\u00e9an.<\/p>\n","protected":false},"excerpt":{"rendered":"<p>Bol en noix de coco rouge d\u00e9cor\u00e9 d&rsquo;un dauphin attrayant au centre, id\u00e9al pour servir des ap\u00e9ritifs ou comme \u00e9l\u00e9ment d\u00e9coratif. Ce bol exclusif, fait de noix de coco, pr\u00e9sente une finition rouge vibrante avec des d\u00e9tails qui \u00e9voquent les vagues de la mer, mettant en valeur l&rsquo;image d&rsquo;un dauphin qui symbolise la vie marine. Son design artisanal et color\u00e9 en fait un souvenir distinctif, parfait pour ramener un morceau de l&rsquo;oc\u00e9an chez soi.<\/p>\n","protected":false},"featured_media":11737,"template":"","meta":{"_acf_changed":false},"product_brand":[],"product_cat":[521],"product_tag":[530],"class_list":{"0":"post-29496","1":"product","2":"type-product","3":"status-publish","4":"has-post-thumbnail","6":"product_cat-bols","7":"product_tag-animaux","8":"pa_motivo-dauphins","10":"first","11":"instock","12":"shipping-taxable","13":"product-type-simple"},"acf":[],"_links":{"self":[{"href":"https:\/\/olemosaic.com\/fr\/wp-json\/wp\/v2\/product\/29496","targetHints":{"allow":["GET"]}}],"collection":[{"href":"https:\/\/olemosaic.com\/fr\/wp-json\/wp\/v2\/product"}],"about":[{"href":"https:\/\/olemosaic.com\/fr\/wp-json\/wp\/v2\/types\/product"}],"wp:featuredmedia":[{"embeddable":true,"href":"https:\/\/olemosaic.com\/fr\/wp-json\/wp\/v2\/media\/11737"}],"wp:attachment":[{"href":"https:\/\/olemosaic.com\/fr\/wp-json\/wp\/v2\/media?parent=29496"}],"wp:term":[{"taxonomy":"product_brand","embeddable":true,"href":"https:\/\/olemosaic.com\/fr\/wp-json\/wp\/v2\/product_brand?post=29496"},{"taxonomy":"product_cat","embeddable":true,"href":"https:\/\/olemosaic.com\/fr\/wp-json\/wp\/v2\/product_cat?post=29496"},{"taxonomy":"product_tag","embeddable":true,"href":"https:\/\/olemosaic.com\/fr\/wp-json\/wp\/v2\/product_tag?post=29496"}],"curies":[{"name":"wp","href":"https:\/\/api.w.org\/{rel}","templated":true}]}}