{"id":29494,"date":"2025-02-20T23:31:08","date_gmt":"2025-02-20T22:31:08","guid":{"rendered":"http:\/\/olemosaic.com\/producto\/bol-de-coco-rojo-mano-4\/"},"modified":"2025-07-25T18:53:37","modified_gmt":"2025-07-25T16:53:37","slug":"bol-noix-de-coco-rouge-main-fatma-4","status":"publish","type":"product","link":"https:\/\/olemosaic.com\/fr\/produit\/bol-noix-de-coco-rouge-main-fatma-4\/","title":{"rendered":"Bol en noix de coco rouge. Main de Fatma. Hamsa."},"content":{"rendered":"<p>Ce bol en noix de coco rouge est une pi\u00e8ce unique et captivante, id\u00e9ale pour la d\u00e9coration. Sa couleur rouge vibrante se d\u00e9marque instantan\u00e9ment, en faisant un \u00e9l\u00e9ment d\u00e9coratif exceptionnel. Au centre est repr\u00e9sent\u00e9e une main avec un \u0153il, un symbole profond\u00e9ment enracin\u00e9 dans diverses cultures, \u00e9voquant la protection et la bonne chance. Ce motif n&rsquo;apporte pas seulement une signification sp\u00e9ciale, mais ajoute \u00e9galement une touche mystique \u00e0 la pi\u00e8ce.<\/p>\n<p>Le bord du bol est orn\u00e9 de motifs dans des tons plus clairs, rehaussant son \u00e9l\u00e9gance et son exclusivit\u00e9. La douceur de sa finition et la diff\u00e9rence de textures entre l&rsquo;int\u00e9rieur poli et l&rsquo;ext\u00e9rieur mat cr\u00e9ent un contraste visuel attrayant. Fabriqu\u00e9 avec une approche de l&rsquo;artisanat traditionnel, ce bol combine art et fonctionnalit\u00e9, le rendant parfait aussi bien pour des usages d\u00e9coratifs que pratiques.<\/p>\n<p>Ce bol est un beau souvenir qui capture l&rsquo;essence culturelle authentique des traditions artisanales. Chez Ol\u00e9 Mosaic, en tant que distributeurs de produits typiques, nous proposons ce bol en noix de coco rouge comme une excellente option pour les touristes qui cherchent \u00e0 se souvenir de leur visite avec un objet ing\u00e9nieux et culturellement significatif. Id\u00e9al pour les boutiques de cadeaux touristiques, ce bol n&rsquo;est pas seulement un article d\u00e9coratif, mais une pi\u00e8ce qui raconte une histoire et repr\u00e9sente la richesse du patrimoine artisanal.<\/p>\n","protected":false},"excerpt":{"rendered":"<p>Bol en noix de coco rouge fait \u00e0 la main, id\u00e9al pour la d\u00e9coration. Cette pi\u00e8ce unique pr\u00e9sente une couleur rouge vibrante, avec un design tr\u00e8s sp\u00e9cial qui inclut la repr\u00e9sentation d&rsquo;une main avec un \u0153il, symbole de protection et de bonne chance. Le bord du bol est orn\u00e9 de motifs dans des tons plus clairs qui lui apportent \u00e9l\u00e9gance et originalit\u00e9. Combinant art traditionnel et fonctionnalit\u00e9, c&rsquo;est un beau souvenir qui capture l&rsquo;essence de la culture authentique.<\/p>\n","protected":false},"featured_media":13402,"template":"","meta":{"_acf_changed":false},"product_brand":[],"product_cat":[521],"product_tag":[],"class_list":{"0":"post-29494","1":"product","2":"type-product","3":"status-publish","4":"has-post-thumbnail","6":"product_cat-bols","7":"pa_motivo-mains","9":"first","10":"instock","11":"shipping-taxable","12":"product-type-simple"},"acf":[],"_links":{"self":[{"href":"https:\/\/olemosaic.com\/fr\/wp-json\/wp\/v2\/product\/29494","targetHints":{"allow":["GET"]}}],"collection":[{"href":"https:\/\/olemosaic.com\/fr\/wp-json\/wp\/v2\/product"}],"about":[{"href":"https:\/\/olemosaic.com\/fr\/wp-json\/wp\/v2\/types\/product"}],"wp:featuredmedia":[{"embeddable":true,"href":"https:\/\/olemosaic.com\/fr\/wp-json\/wp\/v2\/media\/13402"}],"wp:attachment":[{"href":"https:\/\/olemosaic.com\/fr\/wp-json\/wp\/v2\/media?parent=29494"}],"wp:term":[{"taxonomy":"product_brand","embeddable":true,"href":"https:\/\/olemosaic.com\/fr\/wp-json\/wp\/v2\/product_brand?post=29494"},{"taxonomy":"product_cat","embeddable":true,"href":"https:\/\/olemosaic.com\/fr\/wp-json\/wp\/v2\/product_cat?post=29494"},{"taxonomy":"product_tag","embeddable":true,"href":"https:\/\/olemosaic.com\/fr\/wp-json\/wp\/v2\/product_tag?post=29494"}],"curies":[{"name":"wp","href":"https:\/\/api.w.org\/{rel}","templated":true}]}}