{"id":29492,"date":"2025-02-20T23:31:08","date_gmt":"2025-02-20T22:31:08","guid":{"rendered":"http:\/\/olemosaic.com\/producto\/bol-de-coco-rojo-ibiscus-3\/"},"modified":"2025-07-25T20:20:14","modified_gmt":"2025-07-25T18:20:14","slug":"bol-noix-de-coco-rouge-hibiscus-3","status":"publish","type":"product","link":"https:\/\/olemosaic.com\/fr\/produit\/bol-noix-de-coco-rouge-hibiscus-3\/","title":{"rendered":"Bol en noix de coco rouge. Hibiscus. Fond noir."},"content":{"rendered":"<p>Ce bol en noix de coco rouge est con\u00e7u pour apporter une touche vibrante et tropicale \u00e0 n&rsquo;importe quel int\u00e9rieur. Avec une belle finition brillante qui combine une riche palette de tons rouges et noirs, ce bol pr\u00e9sente un motif d&rsquo;hibiscus frappant au centre, symbolisant la beaut\u00e9 et l&rsquo;exotisme. Sa forme organique \u00e9voque l&rsquo;essence de la mer et de la nature, ce qui en fait un objet d\u00e9coratif id\u00e9al aussi bien pour servir que pour exposer. Chaque pi\u00e8ce est fabriqu\u00e9e de mani\u00e8re artisanale, garantissant son unicit\u00e9 et son authenticit\u00e9 en tant que souvenir repr\u00e9sentatif de la culture locale.<\/p>\n<p>L&rsquo;utilisation de l&rsquo;hibiscus dans son design n&rsquo;ajoute pas seulement un \u00e9l\u00e9ment visuel attrayant, mais refl\u00e8te \u00e9galement la flore riche qui caract\u00e9rise de nombreuses r\u00e9gions tropicales. Ce bol en noix de coco n&rsquo;est pas seulement un ustensile, mais une pi\u00e8ce qui encapsule la culture et la vie vibrantes des zones c\u00f4ti\u00e8res, devenant un excellent souvenir pour les touristes qui cherchent \u00e0 ramener chez eux un morceau de leur exp\u00e9rience.<\/p>\n<p>Chez Ol\u00e9 Mosaic, nous sommes sp\u00e9cialistes de la distribution de souvenirs en gros, offrant des produits authentiques et artisanaux comme ce bol en noix de coco rouge. Parfait pour les boutiques de cadeaux touristiques, il garantit qualit\u00e9 et pertinence culturelle, \u00e9tant un incontournable pour les magasins souhaitant proposer des \u00e9l\u00e9ments qui c\u00e9l\u00e8brent la diversit\u00e9 culturelle.<\/p>\n","protected":false},"excerpt":{"rendered":"<p>Bol en noix de coco rouge d\u00e9cor\u00e9 d&rsquo;un motif d&rsquo;hibiscus vibrant, id\u00e9al pour ajouter une touche tropicale \u00e0 n&rsquo;importe quel int\u00e9rieur. Ce bol attrayant pr\u00e9sente une finition brillante avec une combinaison de tons rouges et noirs, qui font ressortir le design floral central. Fabriqu\u00e9 de mani\u00e8re artisanale, sa forme organique \u00e9voque l&rsquo;essence de la mer et de la nature, ce qui en fait un ustensile parfait pour servir ou exposer.<\/p>\n","protected":false},"featured_media":13442,"template":"","meta":{"_acf_changed":false},"product_brand":[],"product_cat":[521],"product_tag":[],"class_list":{"0":"post-29492","1":"product","2":"type-product","3":"status-publish","4":"has-post-thumbnail","6":"product_cat-bols","7":"pa_motivo-hibiscus","9":"first","10":"instock","11":"shipping-taxable","12":"product-type-simple"},"acf":[],"_links":{"self":[{"href":"https:\/\/olemosaic.com\/fr\/wp-json\/wp\/v2\/product\/29492","targetHints":{"allow":["GET"]}}],"collection":[{"href":"https:\/\/olemosaic.com\/fr\/wp-json\/wp\/v2\/product"}],"about":[{"href":"https:\/\/olemosaic.com\/fr\/wp-json\/wp\/v2\/types\/product"}],"wp:featuredmedia":[{"embeddable":true,"href":"https:\/\/olemosaic.com\/fr\/wp-json\/wp\/v2\/media\/13442"}],"wp:attachment":[{"href":"https:\/\/olemosaic.com\/fr\/wp-json\/wp\/v2\/media?parent=29492"}],"wp:term":[{"taxonomy":"product_brand","embeddable":true,"href":"https:\/\/olemosaic.com\/fr\/wp-json\/wp\/v2\/product_brand?post=29492"},{"taxonomy":"product_cat","embeddable":true,"href":"https:\/\/olemosaic.com\/fr\/wp-json\/wp\/v2\/product_cat?post=29492"},{"taxonomy":"product_tag","embeddable":true,"href":"https:\/\/olemosaic.com\/fr\/wp-json\/wp\/v2\/product_tag?post=29492"}],"curies":[{"name":"wp","href":"https:\/\/api.w.org\/{rel}","templated":true}]}}