{"id":29486,"date":"2025-02-20T23:31:08","date_gmt":"2025-02-20T22:31:08","guid":{"rendered":"http:\/\/olemosaic.com\/producto\/bol-de-coco-rojo-isla-mallorca-3\/"},"modified":"2025-07-25T19:02:37","modified_gmt":"2025-07-25T17:02:37","slug":"bol-noix-de-coco-rouge-ile-majorque-3","status":"publish","type":"product","link":"https:\/\/olemosaic.com\/fr\/produit\/bol-noix-de-coco-rouge-ile-majorque-3\/","title":{"rendered":"Bol en noix de coco rouge. \u00cele. Majorque. Fond noir."},"content":{"rendered":"<p>Ce bol en noix de coco rouge est une repr\u00e9sentation vibrante de l&rsquo;\u00eele de Majorque, parfait pour ajouter une touche de couleur et de culture \u00e0 n&rsquo;importe quel foyer. Cette pi\u00e8ce exclusive, fabriqu\u00e9e \u00e0 la main, pr\u00e9sente un fond noir parsem\u00e9 de c\u0153urs rouges et la silhouette incomparable de l&rsquo;\u00eele dans un ton cramoisi intense. Le mot \u00ab\u00a0MALLORCA\u00a0\u00bb, \u00e9l\u00e9gamment peint au centre, souligne son lien culturel avec cette magnifique destination m\u00e9diterran\u00e9enne. Son design n&rsquo;en fait pas seulement une pi\u00e8ce d\u00e9corative, mais aussi un objet fonctionnel pour un usage quotidien, id\u00e9al aussi bien pour servir des ap\u00e9ritifs que pour \u00eatre expos\u00e9 sur une table.<\/p>\n<p>Ce bol refl\u00e8te la riche tradition artisanale de Majorque, o\u00f9 la cr\u00e9ativit\u00e9 et le travail manuel fusionnent pour cr\u00e9er des objets uniques qui c\u00e9l\u00e8brent l&rsquo;identit\u00e9 locale. Les c\u0153urs rouges symbolisent l&rsquo;amour et la chaleur de l&rsquo;\u00eele, faisant de ce bol un souvenir parfait pour les touristes \u00e0 la recherche d&rsquo;un souvenir authentique de leur visite. Chez Ol\u00e9 Mosaic, nous sommes distributeurs de souvenirs authentiques et de qualit\u00e9 ; ce bol en noix de coco est une excellente option pour les boutiques de cadeaux touristiques souhaitant proposer des produits repr\u00e9sentatifs de la culture majorquine. Attirez vos clients avec ce bol charmant qui allie tradition et style, capturant l&rsquo;essence de Majorque dans chaque d\u00e9tail.<\/p>\n","protected":false},"excerpt":{"rendered":"<p>Bol en noix de coco rouge d\u00e9cor\u00e9 d&rsquo;un design vibrant repr\u00e9sentant l&rsquo;\u00eele de Majorque. Fabriqu\u00e9 \u00e0 la main, cet article pr\u00e9sente un fond noir parsem\u00e9 de c\u0153urs rouges et un contour qui souligne la silhouette de l&rsquo;\u00eele dans un ton rouge intense. Le mot \u00ab\u00a0MALLORCA\u00a0\u00bb est \u00e9l\u00e9gamment peint au centre, apportant une touche culturelle distinctive. Id\u00e9al comme pi\u00e8ce d\u00e9corative ou pour un usage quotidien, il allie tradition et style dans chaque recoin de votre maison.<\/p>\n","protected":false},"featured_media":10196,"template":"","meta":{"_acf_changed":false},"product_brand":[],"product_cat":[521],"product_tag":[],"class_list":{"0":"post-29486","1":"product","2":"type-product","3":"status-publish","4":"has-post-thumbnail","6":"product_cat-bols","7":"pa_ciudad-mallorca","8":"pa_motivo-iles","9":"pa_pais-espana","11":"first","12":"instock","13":"shipping-taxable","14":"product-type-simple"},"acf":[],"_links":{"self":[{"href":"https:\/\/olemosaic.com\/fr\/wp-json\/wp\/v2\/product\/29486","targetHints":{"allow":["GET"]}}],"collection":[{"href":"https:\/\/olemosaic.com\/fr\/wp-json\/wp\/v2\/product"}],"about":[{"href":"https:\/\/olemosaic.com\/fr\/wp-json\/wp\/v2\/types\/product"}],"wp:featuredmedia":[{"embeddable":true,"href":"https:\/\/olemosaic.com\/fr\/wp-json\/wp\/v2\/media\/10196"}],"wp:attachment":[{"href":"https:\/\/olemosaic.com\/fr\/wp-json\/wp\/v2\/media?parent=29486"}],"wp:term":[{"taxonomy":"product_brand","embeddable":true,"href":"https:\/\/olemosaic.com\/fr\/wp-json\/wp\/v2\/product_brand?post=29486"},{"taxonomy":"product_cat","embeddable":true,"href":"https:\/\/olemosaic.com\/fr\/wp-json\/wp\/v2\/product_cat?post=29486"},{"taxonomy":"product_tag","embeddable":true,"href":"https:\/\/olemosaic.com\/fr\/wp-json\/wp\/v2\/product_tag?post=29486"}],"curies":[{"name":"wp","href":"https:\/\/api.w.org\/{rel}","templated":true}]}}