{"id":29483,"date":"2025-02-20T22:31:07","date_gmt":"2025-02-20T22:31:07","guid":{"rendered":"http:\/\/olemosaic.com\/producto\/bol-de-coco-rojo-isla-fuerteventura\/"},"modified":"2025-07-25T18:58:12","modified_gmt":"2025-07-25T16:58:12","slug":"bol-noix-de-coco-rouge-ile-fuerteventura","status":"publish","type":"product","link":"https:\/\/olemosaic.com\/fr\/produit\/bol-noix-de-coco-rouge-ile-fuerteventura\/","title":{"rendered":"Bol en noix de coco rouge. \u00cele. Fuerteventura."},"content":{"rendered":"<p>Ce bol en noix de coco rouge est une pi\u00e8ce unique et artisanale, id\u00e9ale pour ceux qui souhaitent ramener un morceau de la beaut\u00e9 de Fuerteventura chez eux. Con\u00e7u sur l&rsquo;\u00eele, ce bol se distingue par sa finition brillante et \u00e9l\u00e9gante. Sa forme circulaire, soigneusement \u00e9labor\u00e9e, lui conf\u00e8re un aspect distinctif et sophistiqu\u00e9, en faisant une merveilleuse option aussi bien pour servir des ap\u00e9ritifs que pour d\u00e9corer.<\/p>\n<p>Le design de ce bol se distingue par des motifs dans les tons rouges qui contrastent spectaculairement avec le fond clair, \u00e9voquant la chaleur de la culture canarienne et les paysages insulaires vibrants. Chaque d\u00e9tail a \u00e9t\u00e9 pens\u00e9 pour capturer l&rsquo;essence de l&rsquo;environnement naturel de Fuerteventura, incluant des textures qui repr\u00e9sentent la diversit\u00e9 g\u00e9ologique de l&rsquo;\u00eele. Ce bol n&rsquo;est pas seulement fonctionnel, mais aussi un authentique souvenir qui refl\u00e8te la tradition et l&rsquo;art de l&rsquo;atelier local.<\/p>\n<p>Chez Ol\u00e9 Mosaic, nous nous sp\u00e9cialisons dans la distribution de souvenirs en gros, et ce bol en noix de coco rouge est une excellente option pour les boutiques de cadeaux touristiques qui cherchent \u00e0 offrir des produits authentiques et de qualit\u00e9. En tant que grossiste de souvenirs de Fuerteventura, nous garantissons que chaque pi\u00e8ce poss\u00e8de l&rsquo;authenticit\u00e9 n\u00e9cessaire pour \u00eatre un souvenir repr\u00e9sentatif de cette \u00eele magnifique.<\/p>\n","protected":false},"excerpt":{"rendered":"<p>Bol en noix de coco rouge, con\u00e7u \u00e0 Fuerteventura et \u00e9labor\u00e9 avec une finition brillante, d\u00e9cor\u00e9 de motifs dans les tons rouges qui ressortent sur le fond clair. Ce produit artisanal pr\u00e9sente un design circulaire qui lui conf\u00e8re une touche distinctive et \u00e9l\u00e9gante, id\u00e9al pour servir des ap\u00e9ritifs ou comme pi\u00e8ce d\u00e9corative. Le m\u00e9lange de textures et de couleurs \u00e9voque la beaut\u00e9 naturelle des \u00eeles Canaries, en faisant le souvenir parfait pour ramener un morceau de Fuerteventura chez soi.<\/p>\n","protected":false},"featured_media":11989,"template":"","meta":{"_acf_changed":false},"product_brand":[],"product_cat":[521],"product_tag":[],"class_list":{"0":"post-29483","1":"product","2":"type-product","3":"status-publish","4":"has-post-thumbnail","6":"product_cat-bols","7":"pa_ciudad-fuerteventura","8":"pa_motivo-iles","9":"pa_pais-espana","11":"first","12":"instock","13":"shipping-taxable","14":"product-type-simple"},"acf":[],"_links":{"self":[{"href":"https:\/\/olemosaic.com\/fr\/wp-json\/wp\/v2\/product\/29483","targetHints":{"allow":["GET"]}}],"collection":[{"href":"https:\/\/olemosaic.com\/fr\/wp-json\/wp\/v2\/product"}],"about":[{"href":"https:\/\/olemosaic.com\/fr\/wp-json\/wp\/v2\/types\/product"}],"wp:featuredmedia":[{"embeddable":true,"href":"https:\/\/olemosaic.com\/fr\/wp-json\/wp\/v2\/media\/11989"}],"wp:attachment":[{"href":"https:\/\/olemosaic.com\/fr\/wp-json\/wp\/v2\/media?parent=29483"}],"wp:term":[{"taxonomy":"product_brand","embeddable":true,"href":"https:\/\/olemosaic.com\/fr\/wp-json\/wp\/v2\/product_brand?post=29483"},{"taxonomy":"product_cat","embeddable":true,"href":"https:\/\/olemosaic.com\/fr\/wp-json\/wp\/v2\/product_cat?post=29483"},{"taxonomy":"product_tag","embeddable":true,"href":"https:\/\/olemosaic.com\/fr\/wp-json\/wp\/v2\/product_tag?post=29483"}],"curies":[{"name":"wp","href":"https:\/\/api.w.org\/{rel}","templated":true}]}}