{"id":29468,"date":"2025-02-20T23:31:06","date_gmt":"2025-02-20T22:31:06","guid":{"rendered":"http:\/\/olemosaic.com\/producto\/bol-de-coco-rojo-tortuga-3\/"},"modified":"2025-07-25T19:03:40","modified_gmt":"2025-07-25T17:03:40","slug":"bol-noix-de-coco-rouge-tortue-3","status":"publish","type":"product","link":"https:\/\/olemosaic.com\/fr\/produit\/bol-noix-de-coco-rouge-tortue-3\/","title":{"rendered":"Bol en noix de coco rouge. Tortue. Fond naturel."},"content":{"rendered":"<p>Ce bol en noix de coco rouge est une pi\u00e8ce exquise qui capture l&rsquo;essence de la nature tropicale avec un design \u00e9l\u00e9gant et attrayant. Fabriqu\u00e9 artisanalement, sa structure en noix de coco pr\u00e9sente une finition brillante, o\u00f9 la combinaison de tons blancs et rouges cr\u00e9e un contraste vibrant et chaleureux qui se d\u00e9marque dans n&rsquo;importe quel espace. Le bord du bol est d\u00e9cor\u00e9 de douces formes ovales dans des tons rouge clair qui \u00e9voquent les couleurs de la flore tropicale luxuriante, tandis que l&rsquo;int\u00e9rieur refl\u00e8te un polissage d\u00e9licat, ce qui le rend esth\u00e9tiquement agr\u00e9able et fonctionnel.<\/p>\n<p>Au centre du bol, une d\u00e9licate illustration d&rsquo;une tortue, magnifiquement con\u00e7ue dans des tons bruns, symbolise la riche biodiversit\u00e9 des r\u00e9gions tropicales. Ce motif ajoute non seulement une touche artistique, mais connecte \u00e9galement les acheteurs \u00e0 la conservation des esp\u00e8ces marines et au respect de l&rsquo;environnement. Chaque fois que l&rsquo;on contemple ce bol, il rappelle la beaut\u00e9 de l&rsquo;oc\u00e9an et de sa vie sauvage.<\/p>\n<p>Id\u00e9al pour la d\u00e9coration ou un usage fonctionnel, ce bol est un magnifique souvenir qui encapsule l&rsquo;essence des traditions culturelles des zones tropicales. Chez Ol\u00e9 Mosaic, nous proposons des produits authentiques qui c\u00e9l\u00e8brent le riche h\u00e9ritage artisanal. Ce bol en noix de coco rouge est une excellente option pour les boutiques de cadeaux touristiques \u00e0 la recherche de souvenirs uniques et significatifs. En tant que grossistes de souvenirs, nous garantissons la qualit\u00e9 et l&rsquo;authenticit\u00e9 de chaque pi\u00e8ce, assurant que chaque client re\u00e7oive un souvenir qu&rsquo;il appr\u00e9cie et qui repr\u00e9sente la beaut\u00e9 de la nature.<\/p>\n","protected":false},"excerpt":{"rendered":"<p>Bol en noix de coco rouge d\u00e9cor\u00e9 de motifs de tortue, id\u00e9al pour donner une touche exotique \u00e0 n&rsquo;importe quel espace. Fabriqu\u00e9 en noix de coco, il pr\u00e9sente une finition brillante avec un design combinant des tons blancs et rouges, cr\u00e9ant un contraste vibrant. Au centre, une d\u00e9licate illustration d&rsquo;une tortue dans les tons bruns souligne la connexion avec la nature. Parfait comme \u00e9l\u00e9ment d\u00e9coratif ou pour un usage fonctionnel, ce bol est un beau souvenir qui \u00e9voque la riche biodiversit\u00e9 des r\u00e9gions tropicales.<\/p>\n","protected":false},"featured_media":11846,"template":"","meta":{"_acf_changed":false},"product_brand":[],"product_cat":[521],"product_tag":[530],"class_list":{"0":"post-29468","1":"product","2":"type-product","3":"status-publish","4":"has-post-thumbnail","6":"product_cat-bols","7":"product_tag-animaux","8":"pa_motivo-tortues","10":"first","11":"instock","12":"shipping-taxable","13":"product-type-simple"},"acf":[],"_links":{"self":[{"href":"https:\/\/olemosaic.com\/fr\/wp-json\/wp\/v2\/product\/29468","targetHints":{"allow":["GET"]}}],"collection":[{"href":"https:\/\/olemosaic.com\/fr\/wp-json\/wp\/v2\/product"}],"about":[{"href":"https:\/\/olemosaic.com\/fr\/wp-json\/wp\/v2\/types\/product"}],"wp:featuredmedia":[{"embeddable":true,"href":"https:\/\/olemosaic.com\/fr\/wp-json\/wp\/v2\/media\/11846"}],"wp:attachment":[{"href":"https:\/\/olemosaic.com\/fr\/wp-json\/wp\/v2\/media?parent=29468"}],"wp:term":[{"taxonomy":"product_brand","embeddable":true,"href":"https:\/\/olemosaic.com\/fr\/wp-json\/wp\/v2\/product_brand?post=29468"},{"taxonomy":"product_cat","embeddable":true,"href":"https:\/\/olemosaic.com\/fr\/wp-json\/wp\/v2\/product_cat?post=29468"},{"taxonomy":"product_tag","embeddable":true,"href":"https:\/\/olemosaic.com\/fr\/wp-json\/wp\/v2\/product_tag?post=29468"}],"curies":[{"name":"wp","href":"https:\/\/api.w.org\/{rel}","templated":true}]}}