{"id":29466,"date":"2025-02-20T23:31:06","date_gmt":"2025-02-20T22:31:06","guid":{"rendered":"http:\/\/olemosaic.com\/producto\/bol-de-coco-rojo-salamandra-4\/"},"modified":"2025-07-25T19:54:41","modified_gmt":"2025-07-25T17:54:41","slug":"bol-coco-rouge-salamandre-motif-coeurs-4","status":"publish","type":"product","link":"https:\/\/olemosaic.com\/fr\/produit\/bol-coco-rouge-salamandre-motif-coeurs-4\/","title":{"rendered":"Bol en coco rouge. Salamandre. Motif c\u0153urs."},"content":{"rendered":"<p>Ce bol en coco rouge est une pi\u00e8ce d\u00e9corative vibrante qui capture l&rsquo;essence de l&rsquo;art traditionnel. Son design pr\u00e9sente une charmante salamandre au centre, entour\u00e9e d&rsquo;un entrelacs de c\u0153urs rouges qui ajoutent une touche de joie et de chaleur \u00e0 n&rsquo;importe quel espace. Fabriqu\u00e9 \u00e0 partir de coques de noix de coco, ce bol est non seulement l\u00e9ger, mais aussi r\u00e9sistant, ce qui en fait un objet fonctionnel et attrayant. La surface a une finition brillante qui souligne la richesse des couleurs, en particulier le rouge intense qui domine la pi\u00e8ce, \u00e9voquant la vitalit\u00e9 des traditions artisanales des r\u00e9gions o\u00f9 il est produit.<\/p>\n<p>La salamandre, symbole de transformation et d&rsquo;adaptation, se d\u00e9tache sur le fond sombre du bol, en faisant une \u0153uvre d&rsquo;art qui refl\u00e8te la richesse culturelle de son origine. Ce bol est id\u00e9al pour \u00eatre utilis\u00e9 comme r\u00e9cipient pour de petits bijoux ou comme accessoire d\u00e9coratif \u00e9l\u00e9gant. Chez Ol\u00e9 Mosaic, nous appr\u00e9cions l&rsquo;authenticit\u00e9 et le design dans chacun de nos produits, et ce bol en coco rouge est une excellente option pour les touristes \u00e0 la recherche de souvenirs uniques et repr\u00e9sentatifs de la culture locale. En tant que distributeurs de souvenirs artisanaux, nous garantissons la qualit\u00e9 et le caract\u00e8re distinctif que seules des pi\u00e8ces comme celle-ci peuvent apporter \u00e0 toute collection.<\/p>\n","protected":false},"excerpt":{"rendered":"<p>Bol en coco rouge, d\u00e9cor\u00e9 d&rsquo;un charmant motif de salamandre, parfait pour ajouter une touche de couleur \u00e0 n&rsquo;importe quel coin. Ce produit artisanal pr\u00e9sente une finition brillante et des d\u00e9tails en rouge intense parsem\u00e9s de c\u0153urs, encadrant la figure de la salamandre au centre. Sa structure en coco en fait un objet l\u00e9ger et r\u00e9sistant, id\u00e9al pour la d\u00e9coration ou comme r\u00e9cipient pour de petits bijoux, \u00e9voquant la riche culture artisanale de la r\u00e9gion.<\/p>\n","protected":false},"featured_media":10168,"template":"","meta":{"_acf_changed":false},"product_brand":[],"product_cat":[521],"product_tag":[530],"class_list":{"0":"post-29466","1":"product","2":"type-product","3":"status-publish","4":"has-post-thumbnail","6":"product_cat-bols","7":"product_tag-animaux","8":"pa_motivo-salamandres","10":"first","11":"instock","12":"shipping-taxable","13":"product-type-simple"},"acf":[],"_links":{"self":[{"href":"https:\/\/olemosaic.com\/fr\/wp-json\/wp\/v2\/product\/29466","targetHints":{"allow":["GET"]}}],"collection":[{"href":"https:\/\/olemosaic.com\/fr\/wp-json\/wp\/v2\/product"}],"about":[{"href":"https:\/\/olemosaic.com\/fr\/wp-json\/wp\/v2\/types\/product"}],"wp:featuredmedia":[{"embeddable":true,"href":"https:\/\/olemosaic.com\/fr\/wp-json\/wp\/v2\/media\/10168"}],"wp:attachment":[{"href":"https:\/\/olemosaic.com\/fr\/wp-json\/wp\/v2\/media?parent=29466"}],"wp:term":[{"taxonomy":"product_brand","embeddable":true,"href":"https:\/\/olemosaic.com\/fr\/wp-json\/wp\/v2\/product_brand?post=29466"},{"taxonomy":"product_cat","embeddable":true,"href":"https:\/\/olemosaic.com\/fr\/wp-json\/wp\/v2\/product_cat?post=29466"},{"taxonomy":"product_tag","embeddable":true,"href":"https:\/\/olemosaic.com\/fr\/wp-json\/wp\/v2\/product_tag?post=29466"}],"curies":[{"name":"wp","href":"https:\/\/api.w.org\/{rel}","templated":true}]}}