{"id":29463,"date":"2025-02-20T23:31:06","date_gmt":"2025-02-20T22:31:06","guid":{"rendered":"http:\/\/olemosaic.com\/producto\/bol-de-coco-rojo-flor-3\/"},"modified":"2025-07-25T19:41:34","modified_gmt":"2025-07-25T17:41:34","slug":"bol-coco-rouge-fleur-fond-dore-3","status":"publish","type":"product","link":"https:\/\/olemosaic.com\/fr\/produit\/bol-coco-rouge-fleur-fond-dore-3\/","title":{"rendered":"Bol en coco rouge. Fleur. Fond dor\u00e9."},"content":{"rendered":"<p>Ce bol en coco rouge est une pi\u00e8ce d\u00e9corative exceptionnelle, id\u00e9ale pour ceux qui recherchent une touche exotique et authentique dans leur int\u00e9rieur. Fabriqu\u00e9 \u00e0 partir de coques de noix de coco recycl\u00e9es, ce bol se pr\u00e9sente dans des tons rouges vibrants, m\u00e9ticuleusement peint \u00e0 la main, ce qui garantit l&rsquo;unicit\u00e9 de chaque pi\u00e8ce. Au centre, une magnifique fleur se distingue par de subtiles touches de nacre, offrant une finition \u00e9l\u00e9gante et distinctive qui souligne la richesse du folklore artisanal. La combinaison de la texture naturelle du coco avec l&rsquo;\u00e9clat du dor\u00e9 et de la nacre cr\u00e9e un contraste visuel attrayant, parfait pour apporter une atmosph\u00e8re chaleureuse et exotique \u00e0 n&rsquo;importe quel espace.<\/p>\n<p>Ce bol n&rsquo;est pas seulement parfait comme \u00e9l\u00e9ment d\u00e9coratif, il peut \u00e9galement \u00eatre utilis\u00e9 lors de c\u00e9r\u00e9monies, devenant un objet significatif qui se connecte aux traditions artistiques de sa r\u00e9gion d&rsquo;origine. Chez Ol\u00e9 Mosaic, nous nous sp\u00e9cialisons dans la distribution de souvenirs en gros, et ce bol en coco est une excellente option pour les boutiques de souvenirs touristiques recherchant des produits authentiques et culturellement significatifs. Le bol en coco rouge est, sans aucun doute, un souvenir repr\u00e9sentatif qui invite les touristes \u00e0 emporter un morceau de tradition et d&rsquo;\u00e9l\u00e9gance chez eux, mettant en valeur l&rsquo;artisanat local et sa valeur culturelle \u00e0 chaque utilisation.<\/p>\n","protected":false},"excerpt":{"rendered":"<p>Bol en coco rouge d\u00e9cor\u00e9 d&rsquo;une fleur, id\u00e9al comme \u00e9l\u00e9ment d\u00e9coratif ou pour un usage c\u00e9r\u00e9moniel. Ce bol original est fabriqu\u00e9 \u00e0 partir de coques de noix de coco, de conception artisanale, peint \u00e0 la main, dans des tons rouges vibrants avec des d\u00e9tails dor\u00e9s. La fleur centrale se distingue par de subtiles touches de nacre, offrant une finition \u00e9l\u00e9gante et distinctive qui \u00e9voque la richesse du folklore artisanal. Parfait pour apporter une touche exotique \u00e0 n&rsquo;importe quelle ambiance.<\/p>\n","protected":false},"featured_media":10081,"template":"","meta":{"_acf_changed":false},"product_brand":[],"product_cat":[521],"product_tag":[],"class_list":{"0":"post-29463","1":"product","2":"type-product","3":"status-publish","4":"has-post-thumbnail","6":"product_cat-bols","7":"pa_motivo-fleurs","9":"first","10":"instock","11":"shipping-taxable","12":"product-type-simple"},"acf":[],"_links":{"self":[{"href":"https:\/\/olemosaic.com\/fr\/wp-json\/wp\/v2\/product\/29463","targetHints":{"allow":["GET"]}}],"collection":[{"href":"https:\/\/olemosaic.com\/fr\/wp-json\/wp\/v2\/product"}],"about":[{"href":"https:\/\/olemosaic.com\/fr\/wp-json\/wp\/v2\/types\/product"}],"wp:featuredmedia":[{"embeddable":true,"href":"https:\/\/olemosaic.com\/fr\/wp-json\/wp\/v2\/media\/10081"}],"wp:attachment":[{"href":"https:\/\/olemosaic.com\/fr\/wp-json\/wp\/v2\/media?parent=29463"}],"wp:term":[{"taxonomy":"product_brand","embeddable":true,"href":"https:\/\/olemosaic.com\/fr\/wp-json\/wp\/v2\/product_brand?post=29463"},{"taxonomy":"product_cat","embeddable":true,"href":"https:\/\/olemosaic.com\/fr\/wp-json\/wp\/v2\/product_cat?post=29463"},{"taxonomy":"product_tag","embeddable":true,"href":"https:\/\/olemosaic.com\/fr\/wp-json\/wp\/v2\/product_tag?post=29463"}],"curies":[{"name":"wp","href":"https:\/\/api.w.org\/{rel}","templated":true}]}}