{"id":29462,"date":"2025-02-20T22:31:05","date_gmt":"2025-02-20T22:31:05","guid":{"rendered":"http:\/\/olemosaic.com\/producto\/bol-de-coco-rojo-bailaora-2\/"},"modified":"2025-07-25T18:51:19","modified_gmt":"2025-07-25T16:51:19","slug":"bol-coco-rouge-danseuse-flamenco-2","status":"publish","type":"product","link":"https:\/\/olemosaic.com\/fr\/produit\/bol-coco-rouge-danseuse-flamenco-2\/","title":{"rendered":"Bol en coco rouge. Danseuse de flamenco."},"content":{"rendered":"<p>Ce bol en coco rouge est une pi\u00e8ce d\u00e9corative captivante qui \u00e9voque la vitalit\u00e9 et l&rsquo;art du flamenco, repr\u00e9sentant la riche culture espagnole. Fabriqu\u00e9 artisanalement \u00e0 partir de coque de noix de coco, sa finition brillante aux tons rouges et dor\u00e9s souligne la passion de la danse flamenco. Le motif central pr\u00e9sente la figure d&rsquo;une danseuse en pleine expression de mouvement, capturant l&rsquo;essence du flamenco dans sa forme la plus pure. Ce motif est entour\u00e9 d&rsquo;un motif de taches color\u00e9es qui ajoutent une touche vibrante et distinctive, rendant chaque bol unique dans son design.<\/p>\n<p>Id\u00e9al pour d\u00e9corer n&rsquo;importe quel espace, ce bol n&rsquo;est pas seulement un objet esth\u00e9tique, mais aussi un souvenir authentique qui c\u00e9l\u00e8bre l&rsquo;h\u00e9ritage culturel de l&rsquo;Espagne. Son caract\u00e8re artisanal et son lien avec le folklore andalou en font un cadeau parfait pour les touristes \u00e0 la recherche de souvenirs ayant une histoire. Chez Ol\u00e9 Mosaic, nous nous sp\u00e9cialisons dans la distribution de souvenirs en gros, et ce bol en coco rouge est une excellente option pour les boutiques de cadeaux recherchant des articles \u00e0 forte valeur culturelle. Avec son m\u00e9lange d&rsquo;art et de tradition, ce bol s&rsquo;\u00e9rige comme un symbole repr\u00e9sentatif de l&rsquo;esprit du flamenco et de la riche culture espagnole.<\/p>\n","protected":false},"excerpt":{"rendered":"<p>Bol en coco rouge d\u00e9cor\u00e9 d&rsquo;un motif vibrant repr\u00e9sentant une danseuse de flamenco. Cet article artisanal est fabriqu\u00e9 \u00e0 partir de coque de noix de coco, avec une finition brillante dans des tons rouges et dor\u00e9s qui \u00e9voquent la passion de la danse flamenco. La figure de la danseuse se d\u00e9tache au centre, entour\u00e9e d&rsquo;un motif de taches color\u00e9es qui lui donnent une touche artistique et distinctive. Id\u00e9al comme pi\u00e8ce d\u00e9corative ou comme cadeau c\u00e9l\u00e9brant la culture espagnole.<\/p>\n","protected":false},"featured_media":13418,"template":"","meta":{"_acf_changed":false},"product_brand":[],"product_cat":[521],"product_tag":[],"class_list":{"0":"post-29462","1":"product","2":"type-product","3":"status-publish","4":"has-post-thumbnail","6":"product_cat-bols","7":"pa_motivo-danseurs","9":"first","10":"instock","11":"shipping-taxable","12":"product-type-simple"},"acf":[],"_links":{"self":[{"href":"https:\/\/olemosaic.com\/fr\/wp-json\/wp\/v2\/product\/29462","targetHints":{"allow":["GET"]}}],"collection":[{"href":"https:\/\/olemosaic.com\/fr\/wp-json\/wp\/v2\/product"}],"about":[{"href":"https:\/\/olemosaic.com\/fr\/wp-json\/wp\/v2\/types\/product"}],"wp:featuredmedia":[{"embeddable":true,"href":"https:\/\/olemosaic.com\/fr\/wp-json\/wp\/v2\/media\/13418"}],"wp:attachment":[{"href":"https:\/\/olemosaic.com\/fr\/wp-json\/wp\/v2\/media?parent=29462"}],"wp:term":[{"taxonomy":"product_brand","embeddable":true,"href":"https:\/\/olemosaic.com\/fr\/wp-json\/wp\/v2\/product_brand?post=29462"},{"taxonomy":"product_cat","embeddable":true,"href":"https:\/\/olemosaic.com\/fr\/wp-json\/wp\/v2\/product_cat?post=29462"},{"taxonomy":"product_tag","embeddable":true,"href":"https:\/\/olemosaic.com\/fr\/wp-json\/wp\/v2\/product_tag?post=29462"}],"curies":[{"name":"wp","href":"https:\/\/api.w.org\/{rel}","templated":true}]}}