{"id":29454,"date":"2025-02-20T22:31:05","date_gmt":"2025-02-20T22:31:05","guid":{"rendered":"http:\/\/olemosaic.com\/producto\/bol-de-coco-rojo-tortuga-gran-canaria-2\/"},"modified":"2025-07-25T18:55:20","modified_gmt":"2025-07-25T16:55:20","slug":"bol-noix-de-coco-rouge-tortue-grande-canarie-2","status":"publish","type":"product","link":"https:\/\/olemosaic.com\/fr\/produit\/bol-noix-de-coco-rouge-tortue-grande-canarie-2\/","title":{"rendered":"Bol en noix de coco rouge. Tortue. Grande Canarie."},"content":{"rendered":"<p>Ce bol en noix de coco rouge, une pi\u00e8ce artisanale, incarne l&rsquo;essence vibrante de la Grande Canarie. Avec un fond noir parsem\u00e9 de taches \u00e9voquant les vagues de l&rsquo;oc\u00e9an, le bol se distingue par son design d\u00e9cor\u00e9 de c\u0153urs rouges, qui insufflent joie et \u00e9nergie \u00e0 n&rsquo;importe quel espace. Au centre, une tortue, symbole de la vie marine des \u00eeles, ajoute une touche distinctive et li\u00e9e \u00e0 la riche biodiversit\u00e9 de la Grande Canarie. L&rsquo;inscription \u00ab\u00a0GRAN CANARIA\u00a0\u00bb dans la partie inf\u00e9rieure renforce son authenticit\u00e9 en tant que souvenir typique de cette r\u00e9gion paradisiaque.<\/p>\n<p>Ce bol n&rsquo;est pas seulement visuellement attrayant, il est aussi fonctionnel, id\u00e9al pour d\u00e9corer la maison ou comme cadeau ayant une signification culturelle. La tortue repr\u00e9sente la faune unique des \u00eeles Canaries, tandis que les c\u0153urs symbolisent la chaleur et l&rsquo;amour qui caract\u00e9risent ses habitants. Chez Ol\u00e9 Mosaic, sp\u00e9cialistes de la distribution de souvenirs en gros, nous proposons des produits qui c\u00e9l\u00e8brent la culture canarienne et sa tradition artisanale. Ce bol en noix de coco rouge est une excellente option pour les boutiques de cadeaux touristiques \u00e0 la recherche de souvenirs authentiques et repr\u00e9sentatifs. Avec lui, les visiteurs peuvent emporter un petit morceau de la Grande Canarie, id\u00e9al pour se souvenir de la beaut\u00e9 et de la richesse culturelle des \u00eeles.<\/p>\n","protected":false},"excerpt":{"rendered":"<p>Bol en noix de coco rouge d\u00e9cor\u00e9 d&rsquo;une tortue, repr\u00e9sentant l&rsquo;essence de la Grande Canarie. Ce bol attrayant pr\u00e9sente un fond noir tachet\u00e9 et un design de c\u0153urs en rouge vibrant, compl\u00e9t\u00e9 par la figure d&rsquo;une tortue au centre. L&rsquo;inscription \u00ab\u00a0GRAN CANARIA\u00a0\u00bb se d\u00e9tache dans la partie inf\u00e9rieure, faisant de cet article une pi\u00e8ce unique et fonctionnelle, id\u00e9ale pour orner votre maison ou comme cadeau repr\u00e9sentatif des \u00eeles Canaries.<\/p>\n","protected":false},"featured_media":10272,"template":"","meta":{"_acf_changed":false},"product_brand":[],"product_cat":[521],"product_tag":[530],"class_list":{"0":"post-29454","1":"product","2":"type-product","3":"status-publish","4":"has-post-thumbnail","6":"product_cat-bols","7":"product_tag-animaux","8":"pa_ciudad-gran-canaria","9":"pa_motivo-tortues","10":"pa_pais-espana","12":"first","13":"instock","14":"shipping-taxable","15":"product-type-simple"},"acf":[],"_links":{"self":[{"href":"https:\/\/olemosaic.com\/fr\/wp-json\/wp\/v2\/product\/29454","targetHints":{"allow":["GET"]}}],"collection":[{"href":"https:\/\/olemosaic.com\/fr\/wp-json\/wp\/v2\/product"}],"about":[{"href":"https:\/\/olemosaic.com\/fr\/wp-json\/wp\/v2\/types\/product"}],"wp:featuredmedia":[{"embeddable":true,"href":"https:\/\/olemosaic.com\/fr\/wp-json\/wp\/v2\/media\/10272"}],"wp:attachment":[{"href":"https:\/\/olemosaic.com\/fr\/wp-json\/wp\/v2\/media?parent=29454"}],"wp:term":[{"taxonomy":"product_brand","embeddable":true,"href":"https:\/\/olemosaic.com\/fr\/wp-json\/wp\/v2\/product_brand?post=29454"},{"taxonomy":"product_cat","embeddable":true,"href":"https:\/\/olemosaic.com\/fr\/wp-json\/wp\/v2\/product_cat?post=29454"},{"taxonomy":"product_tag","embeddable":true,"href":"https:\/\/olemosaic.com\/fr\/wp-json\/wp\/v2\/product_tag?post=29454"}],"curies":[{"name":"wp","href":"https:\/\/api.w.org\/{rel}","templated":true}]}}