{"id":29453,"date":"2025-02-20T23:31:04","date_gmt":"2025-02-20T22:31:04","guid":{"rendered":"http:\/\/olemosaic.com\/producto\/bol-de-coco-rojo-isla-tenerife-3\/"},"modified":"2025-07-25T18:49:17","modified_gmt":"2025-07-25T16:49:17","slug":"bol-noix-de-coco-rouge-ile-tenerife-3","status":"publish","type":"product","link":"https:\/\/olemosaic.com\/fr\/produit\/bol-noix-de-coco-rouge-ile-tenerife-3\/","title":{"rendered":"Bol en noix de coco rouge. \u00cele. Tenerife. Canaries."},"content":{"rendered":"<p>Ce bol en noix de coco rouge est une pi\u00e8ce artisanale qui renferme l&rsquo;essence de l&rsquo;\u00eele de Tenerife, un lieu o\u00f9 la nature et la culture s&rsquo;entrelacent de mani\u00e8re unique. \u00c9labor\u00e9 \u00e0 partir d&rsquo;une coque de noix de coco, ce bol attrayant pr\u00e9sente un fond rouge vibrant qui fait ressortir le contour de l&rsquo;\u00eele de Tenerife en blanc, cr\u00e9ant un contraste visuel captivant. La d\u00e9coration du bol comprend un bord orn\u00e9 de d\u00e9tails blancs, apportant un air moderne et color\u00e9 qui en fait un \u00e9l\u00e9ment d\u00e9coratif exceptionnel ou le r\u00e9cipient id\u00e9al pour servir des ap\u00e9ritifs.<\/p>\n<p>Le design n&rsquo;est pas seulement esth\u00e9tiquement plaisant, il refl\u00e8te \u00e9galement le riche h\u00e9ritage culturel des Canaries. Utiliser ce bol, c&rsquo;est se souvenir de la beaut\u00e9 de Tenerife, \u00e9voquant des paysages impressionnants et des traditions locales \u00e0 chaque occasion. Ce bol en noix de coco est un souvenir authentique qui repr\u00e9sente l&rsquo;esprit canarien, offrant une connexion sp\u00e9ciale avec l&rsquo;\u00eele pour ceux qui l&rsquo;acqui\u00e8rent.<\/p>\n<p>Chez Ol\u00e9 Mosaic, nous nous consacrons \u00e0 \u00eatre le distributeur de souvenirs de qualit\u00e9, proposant des produits qui mettent en valeur l&rsquo;authenticit\u00e9 et l&rsquo;art de chaque r\u00e9gion. Ce bol en noix de coco est une excellente option pour les boutiques de cadeaux touristiques \u00e0 la recherche de souvenirs de Tenerife uniques et m\u00e9morables. En tant que grossistes en souvenirs, nous garantissons la livraison d&rsquo;articles qui c\u00e9l\u00e8brent la culture et les traditions canariennes, embellissant toute collection de souvenirs.<\/p>\n","protected":false},"excerpt":{"rendered":"<p>Bol en noix de coco rouge, un artisanat typique de Tenerife. Ce bol attrayant est \u00e9labor\u00e9 \u00e0 partir d&rsquo;une coque de noix de coco, d\u00e9cor\u00e9 d&rsquo;un fond rouge vibrant et du contour de l&rsquo;\u00eele de Tenerife en blanc. Son design pr\u00e9sente un bord orn\u00e9 de d\u00e9tails blancs, lui donnant un air moderne et color\u00e9. Id\u00e9al pour servir des ap\u00e9ritifs ou comme objet d\u00e9coratif, c&rsquo;est une pi\u00e8ce unique qui refl\u00e8te l&rsquo;esprit canarien. Parfait pour se souvenir de la beaut\u00e9 de Tenerife \u00e0 chaque utilisation.<\/p>\n","protected":false},"featured_media":11788,"template":"","meta":{"_acf_changed":false},"product_brand":[],"product_cat":[521],"product_tag":[],"class_list":{"0":"post-29453","1":"product","2":"type-product","3":"status-publish","4":"has-post-thumbnail","6":"product_cat-bols","7":"pa_ciudad-tenerife","8":"pa_motivo-iles","9":"pa_pais-espana","11":"first","12":"instock","13":"shipping-taxable","14":"product-type-simple"},"acf":[],"_links":{"self":[{"href":"https:\/\/olemosaic.com\/fr\/wp-json\/wp\/v2\/product\/29453","targetHints":{"allow":["GET"]}}],"collection":[{"href":"https:\/\/olemosaic.com\/fr\/wp-json\/wp\/v2\/product"}],"about":[{"href":"https:\/\/olemosaic.com\/fr\/wp-json\/wp\/v2\/types\/product"}],"wp:featuredmedia":[{"embeddable":true,"href":"https:\/\/olemosaic.com\/fr\/wp-json\/wp\/v2\/media\/11788"}],"wp:attachment":[{"href":"https:\/\/olemosaic.com\/fr\/wp-json\/wp\/v2\/media?parent=29453"}],"wp:term":[{"taxonomy":"product_brand","embeddable":true,"href":"https:\/\/olemosaic.com\/fr\/wp-json\/wp\/v2\/product_brand?post=29453"},{"taxonomy":"product_cat","embeddable":true,"href":"https:\/\/olemosaic.com\/fr\/wp-json\/wp\/v2\/product_cat?post=29453"},{"taxonomy":"product_tag","embeddable":true,"href":"https:\/\/olemosaic.com\/fr\/wp-json\/wp\/v2\/product_tag?post=29453"}],"curies":[{"name":"wp","href":"https:\/\/api.w.org\/{rel}","templated":true}]}}