{"id":29452,"date":"2025-02-20T22:31:04","date_gmt":"2025-02-20T22:31:04","guid":{"rendered":"http:\/\/olemosaic.com\/producto\/bol-de-coco-rojo-isla-mallorca-2\/"},"modified":"2025-07-25T20:55:58","modified_gmt":"2025-07-25T18:55:58","slug":"bol-noix-de-coco-rouge-ile-majorque-2","status":"publish","type":"product","link":"https:\/\/olemosaic.com\/fr\/produit\/bol-noix-de-coco-rouge-ile-majorque-2\/","title":{"rendered":"Bol en noix de coco rouge. \u00cele. Majorque."},"content":{"rendered":"<p>Ce bol en noix de coco rouge est une pi\u00e8ce artisanale qui se distingue par son design, inspir\u00e9 par la beaut\u00e9 naturelle de l&rsquo;\u00eele de Majorque. Fabriqu\u00e9 \u00e0 partir d&rsquo;une v\u00e9ritable coque de noix de coco, l&rsquo;int\u00e9rieur pr\u00e9sente une finition dans des tons clairs qui souligne sa singularit\u00e9. L&rsquo;ext\u00e9rieur est orn\u00e9 de d\u00e9tails rouges, \u00e9voquant la chaleur et le paysage vibrant de Majorque. \u00c0 la base du bol, une \u00e9l\u00e9gante carte de Majorque ajoute un caract\u00e8re local distinctif et fait de cette pi\u00e8ce un souvenir repr\u00e9sentatif de l&rsquo;\u00eele.<\/p>\n<p>Avec son design moderne et fonctionnel, ce bol n&rsquo;est pas seulement d\u00e9coratif, il est aussi parfait pour pr\u00e9senter de petites gourmandises, comme des ap\u00e9ritifs ou des fruits. Son esth\u00e9tique unique le rend id\u00e9al pour n&rsquo;importe quel foyer, apportant une touche de culture bal\u00e9are \u00e0 la table. En tant que produit con\u00e7u et \u00e9labor\u00e9 selon des techniques traditionnelles, ce bol en noix de coco est un authentique souvenir, rappelant aux touristes la richesse culturelle de Majorque.<\/p>\n<p>Chez Ol\u00e9 Mosaic, nous sommes distributeurs de souvenirs en gros et proposons des produits authentiques et de qualit\u00e9 qui capturent l&rsquo;essence de chaque r\u00e9gion. Ce bol en noix de coco rouge est une excellente option pour les boutiques de cadeaux touristiques qui cherchent \u00e0 offrir \u00e0 leurs clients des souvenirs uniques et significatifs repr\u00e9sentant la tradition et la beaut\u00e9 de Majorque.<\/p>\n","protected":false},"excerpt":{"rendered":"<p>Bol en noix de coco rouge au design inspir\u00e9 de Majorque. Ce charmant bol pr\u00e9sente un int\u00e9rieur aux tons clairs, orn\u00e9 de d\u00e9tails rouges \u00e9voquant la beaut\u00e9 naturelle de l&rsquo;\u00eele. Sur sa base se d\u00e9tache une \u00e9l\u00e9gante carte de Majorque, lui conf\u00e9rant une touche distinctive. Fabriqu\u00e9 \u00e0 partir d&rsquo;une v\u00e9ritable coque de noix de coco, c&rsquo;est une pi\u00e8ce unique qui allie l&rsquo;artisanat traditionnel \u00e0 un style moderne, id\u00e9al pour d\u00e9corer ou servir de petites gourmandises.<\/p>\n","protected":false},"featured_media":11878,"template":"","meta":{"_acf_changed":false},"product_brand":[],"product_cat":[521],"product_tag":[],"class_list":{"0":"post-29452","1":"product","2":"type-product","3":"status-publish","4":"has-post-thumbnail","6":"product_cat-bols","7":"pa_ciudad-mallorca","8":"pa_motivo-iles","9":"pa_pais-espana","11":"first","12":"instock","13":"shipping-taxable","14":"product-type-simple"},"acf":[],"_links":{"self":[{"href":"https:\/\/olemosaic.com\/fr\/wp-json\/wp\/v2\/product\/29452","targetHints":{"allow":["GET"]}}],"collection":[{"href":"https:\/\/olemosaic.com\/fr\/wp-json\/wp\/v2\/product"}],"about":[{"href":"https:\/\/olemosaic.com\/fr\/wp-json\/wp\/v2\/types\/product"}],"wp:featuredmedia":[{"embeddable":true,"href":"https:\/\/olemosaic.com\/fr\/wp-json\/wp\/v2\/media\/11878"}],"wp:attachment":[{"href":"https:\/\/olemosaic.com\/fr\/wp-json\/wp\/v2\/media?parent=29452"}],"wp:term":[{"taxonomy":"product_brand","embeddable":true,"href":"https:\/\/olemosaic.com\/fr\/wp-json\/wp\/v2\/product_brand?post=29452"},{"taxonomy":"product_cat","embeddable":true,"href":"https:\/\/olemosaic.com\/fr\/wp-json\/wp\/v2\/product_cat?post=29452"},{"taxonomy":"product_tag","embeddable":true,"href":"https:\/\/olemosaic.com\/fr\/wp-json\/wp\/v2\/product_tag?post=29452"}],"curies":[{"name":"wp","href":"https:\/\/api.w.org\/{rel}","templated":true}]}}