{"id":29441,"date":"2025-02-20T23:31:04","date_gmt":"2025-02-20T22:31:04","guid":{"rendered":"http:\/\/olemosaic.com\/producto\/bol-de-coco-rojo-delfin-gran-canaria-2\/"},"modified":"2025-07-25T18:34:23","modified_gmt":"2025-07-25T16:34:23","slug":"bol-noix-de-coco-rouge-dauphin-grande-canarie-2","status":"publish","type":"product","link":"https:\/\/olemosaic.com\/fr\/produit\/bol-noix-de-coco-rouge-dauphin-grande-canarie-2\/","title":{"rendered":"Bol en noix de coco rouge. Dauphin. Grande Canarie."},"content":{"rendered":"<p>Ce bol en noix de coco rouge est une pi\u00e8ce artisanale qui capture l&rsquo;essence de l&rsquo;oc\u00e9an de Grande Canarie, en faisant un charmant souvenir de l&rsquo;\u00eele. De design artisanal, ce bol pr\u00e9sente une surface vibrante dans des tons rouges qui \u00e9voquent les magnifiques couchers de soleil canariens. Son design est orn\u00e9 de dauphins, symboles de la faune marine et de la beaut\u00e9 naturelle qui entoure la c\u00f4te, soulignant la connexion entre l&rsquo;art et la nature.<\/p>\n<p>Les d\u00e9tails dor\u00e9s, qui embellissent le bol, apportent non seulement un air d&rsquo;\u00e9l\u00e9gance, mais mettent \u00e9galement en valeur l&#8217;embl\u00e8me de Grande Canarie, fusionnant la tradition culturelle avec la fra\u00eecheur tropicale. Les formes douces du bol, associ\u00e9es \u00e0 sa finition brillante, en font un \u00e9l\u00e9ment d\u00e9coratif parfait tant pour la maison que pour les vitrines, \u00e9voquant des sensations de calme et de beaut\u00e9 de l&rsquo;oc\u00e9an. Ce produit n&rsquo;est pas seulement un beau souvenir, il constitue \u00e9galement une excellente option pour les touristes \u00e0 la recherche de souvenirs authentiques de Grande Canarie.<\/p>\n<p>Chez Ol\u00e9 Mosaic, nous nous sp\u00e9cialisons dans la distribution en gros de souvenirs qui c\u00e9l\u00e8brent la richesse culturelle et naturelle de l&rsquo;Espagne. Ce bol en noix de coco est un ajout fantastique \u00e0 l&rsquo;offre des boutiques de cadeaux touristiques cherchant des produits qui refl\u00e8tent l&rsquo;essence de leurs destinations. Avec notre collection de souvenirs de Grande Canarie, nous garantissons l&rsquo;authenticit\u00e9 et la qualit\u00e9 de chaque pi\u00e8ce.<\/p>\n","protected":false},"excerpt":{"rendered":"<p>Bol en noix de coco rouge, d\u00e9cor\u00e9 d&rsquo;un design de dauphins \u00e9voquant la beaut\u00e9 de l&rsquo;oc\u00e9an de Grande Canarie. Cet \u00e9l\u00e9gant bol, fabriqu\u00e9 \u00e0 la main, pr\u00e9sente une surface vibrante dans des tons rouges et des d\u00e9tails dor\u00e9s qui soulignent l&#8217;embl\u00e8me de l&rsquo;\u00eele. Ses formes douces et sa finition brillante en font un souvenir parfait ou un \u00e9l\u00e9ment d\u00e9coratif \u00e9voquant le charme tropical et la faune marine caract\u00e9ristique de Grande Canarie.<\/p>\n","protected":false},"featured_media":10148,"template":"","meta":{"_acf_changed":false},"product_brand":[],"product_cat":[521],"product_tag":[530],"class_list":{"0":"post-29441","1":"product","2":"type-product","3":"status-publish","4":"has-post-thumbnail","6":"product_cat-bols","7":"product_tag-animaux","8":"pa_ciudad-gran-canaria","9":"pa_motivo-dauphins","10":"pa_pais-espana","12":"first","13":"instock","14":"shipping-taxable","15":"product-type-simple"},"acf":[],"_links":{"self":[{"href":"https:\/\/olemosaic.com\/fr\/wp-json\/wp\/v2\/product\/29441","targetHints":{"allow":["GET"]}}],"collection":[{"href":"https:\/\/olemosaic.com\/fr\/wp-json\/wp\/v2\/product"}],"about":[{"href":"https:\/\/olemosaic.com\/fr\/wp-json\/wp\/v2\/types\/product"}],"wp:featuredmedia":[{"embeddable":true,"href":"https:\/\/olemosaic.com\/fr\/wp-json\/wp\/v2\/media\/10148"}],"wp:attachment":[{"href":"https:\/\/olemosaic.com\/fr\/wp-json\/wp\/v2\/media?parent=29441"}],"wp:term":[{"taxonomy":"product_brand","embeddable":true,"href":"https:\/\/olemosaic.com\/fr\/wp-json\/wp\/v2\/product_brand?post=29441"},{"taxonomy":"product_cat","embeddable":true,"href":"https:\/\/olemosaic.com\/fr\/wp-json\/wp\/v2\/product_cat?post=29441"},{"taxonomy":"product_tag","embeddable":true,"href":"https:\/\/olemosaic.com\/fr\/wp-json\/wp\/v2\/product_tag?post=29441"}],"curies":[{"name":"wp","href":"https:\/\/api.w.org\/{rel}","templated":true}]}}