{"id":29439,"date":"2025-02-20T23:31:04","date_gmt":"2025-02-20T22:31:04","guid":{"rendered":"http:\/\/olemosaic.com\/producto\/bol-de-coco-rojo-mariposa-3\/"},"modified":"2025-07-25T20:27:04","modified_gmt":"2025-07-25T18:27:04","slug":"bol-noix-de-coco-rouge-papillon-3","status":"publish","type":"product","link":"https:\/\/olemosaic.com\/fr\/produit\/bol-noix-de-coco-rouge-papillon-3\/","title":{"rendered":"Bol en noix de coco rouge. Papillon."},"content":{"rendered":"<p>Ce bol en noix de coco rouge est une pi\u00e8ce artisanale spectaculaire qui apporte une touche vibrante et \u00e9l\u00e9gante \u00e0 n&rsquo;importe quel foyer. Avec sa forme organique et une finition brillante, ce bol se distingue par sa couleur rouge \u00e9clatante, qui \u00e9voque la chaleur et la joie. Au centre, il pr\u00e9sente un magnifique design de papillon dans un ton blanc d\u00e9licat, cr\u00e9ant un contraste splendide qui rehausse la beaut\u00e9 de l&rsquo;art traditionnel. Enti\u00e8rement fabriqu\u00e9 \u00e0 la main, ce bol est un t\u00e9moignage du soin et de la ma\u00eetrise impliqu\u00e9s dans sa cr\u00e9ation, ce qui en fait un souvenir authentique repr\u00e9sentant la riche culture artistique.<\/p>\n<p>Le bol n&rsquo;est pas seulement fonctionnel, id\u00e9al pour servir des ap\u00e9ritifs, il est aussi une pi\u00e8ce ornementale qui embellit n&rsquo;importe quel style de d\u00e9coration. Sa singularit\u00e9 et son attrait en font un choix parfait pour les touristes \u00e0 la recherche de souvenirs authentiques et significatifs de leur exp\u00e9rience dans la r\u00e9gion. Chez Ol\u00e9 Mosaic, nous sommes des distributeurs de souvenirs qui valorisent l&rsquo;authenticit\u00e9 et l&rsquo;art local, et ce bol en noix de coco rouge est un excellent ajout \u00e0 l&rsquo;offre de toute boutique de cadeaux touristiques. En choisissant ce bol, vous n&rsquo;acqu\u00e9rez pas seulement un objet d\u00e9coratif, mais aussi un morceau de tradition et de culture qui durera dans le temps.<\/p>\n","protected":false},"excerpt":{"rendered":"<p>Bol en noix de coco rouge d\u00e9cor\u00e9 d&rsquo;un \u00e9l\u00e9gant design de papillon. Ce bol attrayant, de forme organique et finition brillante, pr\u00e9sente une couleur rouge vibrante qui souligne sa singularit\u00e9. Le papillon, situ\u00e9 au centre, se distingue par une touche blanche d\u00e9licate, cr\u00e9ant un beau contraste. Fabriqu\u00e9 \u00e0 la main, ce produit capture l&rsquo;essence de l&rsquo;art traditionnel, en faisant un \u00e9l\u00e9ment d\u00e9coratif parfait pour n&rsquo;importe quel foyer. Id\u00e9al pour servir des ap\u00e9ritifs ou comme pi\u00e8ce ornementale.<\/p>\n","protected":false},"featured_media":13394,"template":"","meta":{"_acf_changed":false},"product_brand":[],"product_cat":[521],"product_tag":[530],"class_list":{"0":"post-29439","1":"product","2":"type-product","3":"status-publish","4":"has-post-thumbnail","6":"product_cat-bols","7":"product_tag-animaux","8":"pa_motivo-papillons","10":"first","11":"instock","12":"shipping-taxable","13":"product-type-simple"},"acf":[],"_links":{"self":[{"href":"https:\/\/olemosaic.com\/fr\/wp-json\/wp\/v2\/product\/29439","targetHints":{"allow":["GET"]}}],"collection":[{"href":"https:\/\/olemosaic.com\/fr\/wp-json\/wp\/v2\/product"}],"about":[{"href":"https:\/\/olemosaic.com\/fr\/wp-json\/wp\/v2\/types\/product"}],"wp:featuredmedia":[{"embeddable":true,"href":"https:\/\/olemosaic.com\/fr\/wp-json\/wp\/v2\/media\/13394"}],"wp:attachment":[{"href":"https:\/\/olemosaic.com\/fr\/wp-json\/wp\/v2\/media?parent=29439"}],"wp:term":[{"taxonomy":"product_brand","embeddable":true,"href":"https:\/\/olemosaic.com\/fr\/wp-json\/wp\/v2\/product_brand?post=29439"},{"taxonomy":"product_cat","embeddable":true,"href":"https:\/\/olemosaic.com\/fr\/wp-json\/wp\/v2\/product_cat?post=29439"},{"taxonomy":"product_tag","embeddable":true,"href":"https:\/\/olemosaic.com\/fr\/wp-json\/wp\/v2\/product_tag?post=29439"}],"curies":[{"name":"wp","href":"https:\/\/api.w.org\/{rel}","templated":true}]}}