{"id":29438,"date":"2025-02-20T23:31:04","date_gmt":"2025-02-20T22:31:04","guid":{"rendered":"http:\/\/olemosaic.com\/producto\/bol-de-coco-rojo-isla-tenerife-2\/"},"modified":"2025-07-25T19:41:33","modified_gmt":"2025-07-25T17:41:33","slug":"bol-noix-de-coco-rouge-ile-tenerife-2","status":"publish","type":"product","link":"https:\/\/olemosaic.com\/fr\/produit\/bol-noix-de-coco-rouge-ile-tenerife-2\/","title":{"rendered":"Bol en noix de coco rouge. \u00cele. Tenerife. Canaries. Fond noir."},"content":{"rendered":"<p>Ce bol en noix de coco rouge est une pi\u00e8ce artisanale captivante qui rend hommage \u00e0 la beaut\u00e9 vibrante de Tenerife. Avec une finition d&rsquo;un rouge intense qui souligne sa modernit\u00e9, chaque bol est unique, \u00e9labor\u00e9 de mani\u00e8re artisanale avec une attention m\u00e9ticuleuse aux d\u00e9tails. L&rsquo;int\u00e9rieur pr\u00e9sente un design charmant avec de petits c\u0153urs \u00e9voquant l&rsquo;amour et la chaleur, et au centre, une repr\u00e9sentation stylis\u00e9e de l&rsquo;\u00eele dans une couleur rouge frappante, accompagn\u00e9e du mot \u00ab\u00a0TENERIFE\u00a0\u00bb dans un trait noir \u00e9l\u00e9gant qui se distingue par sa simplicit\u00e9 et sa modernit\u00e9.<\/p>\n<p>Ce souvenir n&rsquo;orne pas seulement n&rsquo;importe quel espace, il capture \u00e9galement l&rsquo;essence des \u00eeles Canaries, \u00e9tant un symbole d&rsquo;authenticit\u00e9 et de culture locale. Son design et sa technique artisanale le rendent parfait comme cadeau ou souvenir d&rsquo;une visite \u00e0 Tenerife, id\u00e9al pour les touristes qui souhaitent emporter avec eux un morceau du paradis canarien. Fabriqu\u00e9 avec des mat\u00e9riaux naturels, le bol en noix de coco rouge est un exemple parfait de la riche tradition artisanale de la r\u00e9gion, soulignant sa valeur en tant que souvenir repr\u00e9sentatif.<\/p>\n<p>Chez Ol\u00e9 Mosaic, nous sommes des distributeurs de souvenirs de Tenerife proposant des produits qui refl\u00e8tent la richesse culturelle de l&rsquo;Espagne. Ce bol est une excellente option pour les boutiques de cadeaux touristiques souhaitant int\u00e9grer des articles authentiques et singuli\u00e8rement repr\u00e9sentatifs de la beaut\u00e9 canarienne dans leur offre.<\/p>\n","protected":false},"excerpt":{"rendered":"<p>Bol en noix de coco rouge, inspir\u00e9 par la beaut\u00e9 de Tenerife. Ce bol artisanal combine une finition rouge vibrante avec un design incluant de petits c\u0153urs et la silhouette de l&rsquo;\u00eele, mettant en avant le mot \u00ab\u00a0TENERIFE\u00a0\u00bb dans un trait noir attrayant. Sa technique artisanale et l&rsquo;utilisation de mat\u00e9riaux naturels lui conf\u00e8rent un caract\u00e8re unique, en faisant un souvenir distinctif qui \u00e9voque l&rsquo;essence culturelle et paysag\u00e8re des \u00eeles Canaries.<\/p>\n","protected":false},"featured_media":10204,"template":"","meta":{"_acf_changed":false},"product_brand":[],"product_cat":[521],"product_tag":[],"class_list":{"0":"post-29438","1":"product","2":"type-product","3":"status-publish","4":"has-post-thumbnail","6":"product_cat-bols","7":"pa_ciudad-tenerife","8":"pa_motivo-iles","9":"pa_pais-espana","11":"first","12":"instock","13":"shipping-taxable","14":"product-type-simple"},"acf":[],"_links":{"self":[{"href":"https:\/\/olemosaic.com\/fr\/wp-json\/wp\/v2\/product\/29438","targetHints":{"allow":["GET"]}}],"collection":[{"href":"https:\/\/olemosaic.com\/fr\/wp-json\/wp\/v2\/product"}],"about":[{"href":"https:\/\/olemosaic.com\/fr\/wp-json\/wp\/v2\/types\/product"}],"wp:featuredmedia":[{"embeddable":true,"href":"https:\/\/olemosaic.com\/fr\/wp-json\/wp\/v2\/media\/10204"}],"wp:attachment":[{"href":"https:\/\/olemosaic.com\/fr\/wp-json\/wp\/v2\/media?parent=29438"}],"wp:term":[{"taxonomy":"product_brand","embeddable":true,"href":"https:\/\/olemosaic.com\/fr\/wp-json\/wp\/v2\/product_brand?post=29438"},{"taxonomy":"product_cat","embeddable":true,"href":"https:\/\/olemosaic.com\/fr\/wp-json\/wp\/v2\/product_cat?post=29438"},{"taxonomy":"product_tag","embeddable":true,"href":"https:\/\/olemosaic.com\/fr\/wp-json\/wp\/v2\/product_tag?post=29438"}],"curies":[{"name":"wp","href":"https:\/\/api.w.org\/{rel}","templated":true}]}}