{"id":29420,"date":"2025-02-20T23:31:03","date_gmt":"2025-02-20T22:31:03","guid":{"rendered":"http:\/\/olemosaic.com\/producto\/bol-de-coco-rojo-caballito-de-mar-mallorca-4\/"},"modified":"2025-07-25T18:52:55","modified_gmt":"2025-07-25T16:52:55","slug":"bol-en-noix-de-coco-rouge-hippocampe-majorque-4","status":"publish","type":"product","link":"https:\/\/olemosaic.com\/fr\/produit\/bol-en-noix-de-coco-rouge-hippocampe-majorque-4\/","title":{"rendered":"Bol en noix de coco rouge. Hippocampe. \u00cele. Majorque."},"content":{"rendered":"<p>Ce bol en noix de coco rouge est une belle et authentique repr\u00e9sentation de l&rsquo;essence de Majorque, id\u00e9al pour ceux qui recherchent des souvenirs authentiques de l&rsquo;\u00eele des Bal\u00e9ares. Sa couleur rouge vibrante attire le regard et se distingue dans n&rsquo;importe quel environnement, tandis que son bord d\u00e9cor\u00e9 de petits c\u0153urs ajoute une touche de charme et de chaleur. Au centre, un hippocampe distinctif stylis\u00e9 en noir souligne sa qualit\u00e9 artisanale, un symbole qui refl\u00e8te la riche biodiversit\u00e9 marine de Majorque et la culture m\u00e9diterran\u00e9enne. De plus, le mot \u00ab\u00a0MALLORCA\u00a0\u00bb est \u00e9l\u00e9gamment inscrit sur la base, r\u00e9affirmant son identit\u00e9 en tant que souvenir repr\u00e9sentatif de cette \u00eele fascinante.<\/p>\n<p>Ce bol n&rsquo;a pas seulement une fonction d\u00e9corative, mais peut \u00e9galement \u00eatre un \u00e9l\u00e9ment unique dans votre collection de souvenirs. La combinaison de son design vibrant et de son lien culturel en fait un cadeau parfait pour les touristes \u00e0 la recherche d&rsquo;une pi\u00e8ce authentique qui encapsule la beaut\u00e9 et l&rsquo;esprit de Majorque. Chez Ol\u00e9 Mosaic, en tant que distributeurs de souvenirs en gros, nous proposons ce bol en noix de coco et d&rsquo;autres produits repr\u00e9sentatifs qui c\u00e9l\u00e8brent la riche tradition et l&rsquo;art local, garantissant qualit\u00e9 et authenticit\u00e9 dans chaque pi\u00e8ce. Ce bol est, sans aucun doute, une option id\u00e9ale pour les boutiques de cadeaux touristiques qui souhaitent proposer des articles significatifs et m\u00e9morables.<\/p>\n","protected":false},"excerpt":{"rendered":"<p>Bol en noix de coco rouge, d\u00e9cor\u00e9 d&rsquo;un hippocampe distinctif, qui repr\u00e9sente l&rsquo;essence de Majorque. Ce bol attrayant, d&rsquo;une couleur rouge vibrante, est orn\u00e9 d&rsquo;une bordure de petits c\u0153urs et d&rsquo;un motif central avec un hippocampe stylis\u00e9 en noir. Sur la base, le mot \u00ab\u00a0MALLORCA\u00a0\u00bb en fait un souvenir id\u00e9al et authentique de l&rsquo;\u00eele des Bal\u00e9ares. Parfait pour la d\u00e9coration ou comme pi\u00e8ce unique dans votre collection.<\/p>\n","protected":false},"featured_media":10242,"template":"","meta":{"_acf_changed":false},"product_brand":[],"product_cat":[521],"product_tag":[530],"class_list":{"0":"post-29420","1":"product","2":"type-product","3":"status-publish","4":"has-post-thumbnail","6":"product_cat-bols","7":"product_tag-animaux","8":"pa_ciudad-mallorca","9":"pa_motivo-hippocampes","10":"pa_pais-espana","12":"first","13":"instock","14":"shipping-taxable","15":"product-type-simple"},"acf":[],"_links":{"self":[{"href":"https:\/\/olemosaic.com\/fr\/wp-json\/wp\/v2\/product\/29420","targetHints":{"allow":["GET"]}}],"collection":[{"href":"https:\/\/olemosaic.com\/fr\/wp-json\/wp\/v2\/product"}],"about":[{"href":"https:\/\/olemosaic.com\/fr\/wp-json\/wp\/v2\/types\/product"}],"wp:featuredmedia":[{"embeddable":true,"href":"https:\/\/olemosaic.com\/fr\/wp-json\/wp\/v2\/media\/10242"}],"wp:attachment":[{"href":"https:\/\/olemosaic.com\/fr\/wp-json\/wp\/v2\/media?parent=29420"}],"wp:term":[{"taxonomy":"product_brand","embeddable":true,"href":"https:\/\/olemosaic.com\/fr\/wp-json\/wp\/v2\/product_brand?post=29420"},{"taxonomy":"product_cat","embeddable":true,"href":"https:\/\/olemosaic.com\/fr\/wp-json\/wp\/v2\/product_cat?post=29420"},{"taxonomy":"product_tag","embeddable":true,"href":"https:\/\/olemosaic.com\/fr\/wp-json\/wp\/v2\/product_tag?post=29420"}],"curies":[{"name":"wp","href":"https:\/\/api.w.org\/{rel}","templated":true}]}}