{"id":29418,"date":"2025-02-20T23:31:03","date_gmt":"2025-02-20T22:31:03","guid":{"rendered":"http:\/\/olemosaic.com\/producto\/bol-de-coco-rojo-tortuga-2\/"},"modified":"2025-07-25T18:49:58","modified_gmt":"2025-07-25T16:49:58","slug":"bol-en-noix-de-coco-rouge-tortue-2","status":"publish","type":"product","link":"https:\/\/olemosaic.com\/fr\/produit\/bol-en-noix-de-coco-rouge-tortue-2\/","title":{"rendered":"Bol en noix de coco rouge. Tortue. Fond dor\u00e9."},"content":{"rendered":"<p>Ce bol en noix de coco rouge est une pi\u00e8ce d\u00e9corative charmante qui capture l&rsquo;essence de l&rsquo;art traditionnel, parfait pour ceux qui recherchent un souvenir authentique de leur voyage. Fabriqu\u00e9 \u00e0 la main \u00e0 partir d&rsquo;une coque de noix de coco, le bol pr\u00e9sente un design vibrant dans des tons rouges et dor\u00e9s qui rehausse sa texture naturelle, apportant un air chaleureux et accueillant \u00e0 n&rsquo;importe quel espace. Au centre, une charmante tortue, minutieusement peinte en dor\u00e9, ajoute une touche distinctive et \u00e9voque le folklore marin, symbolisant la connexion avec la nature et la vie marine.<\/p>\n<p>Le design complexe du bol, avec son ornementation dor\u00e9e d\u00e9licate, combine \u00e9l\u00e9gance et fonctionnalit\u00e9, en faisant un objet d\u00e9coratif attrayant et utile. Ce bol est non seulement parfait pour servir des amuse-gueules ou comme r\u00e9cipient, mais il constitue \u00e9galement un excellent \u00e9l\u00e9ment d\u00e9coratif dans des vitrines ou sur des tables, apportant une touche de culture et de chaleur \u00e0 n&rsquo;importe quel foyer.<\/p>\n<p>Chez Ol\u00e9 Mosaic, notre mission est d&rsquo;offrir des souvenirs authentiques et repr\u00e9sentatifs, et ce bol en noix de coco est un exemple de l&rsquo;art et de la tradition qui caract\u00e9risent les r\u00e9gions c\u00f4ti\u00e8res. Id\u00e9al pour les boutiques de cadeaux touristiques, ce bol est un article qui ravira les touristes \u00e0 la recherche de pi\u00e8ces significatives et de qualit\u00e9. Avec chaque achat, une plus grande appr\u00e9ciation du patrimoine culturel est encourag\u00e9e, ce bol \u00e9tant un souvenir parfait qui transcende les fronti\u00e8res.<\/p>\n","protected":false},"excerpt":{"rendered":"<p>Bol en noix de coco rouge d\u00e9cor\u00e9 d&rsquo;une charmante tortue au centre. Ce bol exclusif, fabriqu\u00e9 \u00e0 partir d&rsquo;une coque de noix de coco, pr\u00e9sente un design vibrant dans des tons rouges et dor\u00e9s qui rehausse d\u00e9licatement la texture naturelle du mat\u00e9riau. La tortue, peinte en dor\u00e9, ajoute un \u00e9l\u00e9ment distinctif qui \u00e9voque le folklore marin. Id\u00e9al comme objet d\u00e9coratif ou pour un usage fonctionnel, ce bol capture l&rsquo;essence de l&rsquo;art traditionnel.<\/p>\n","protected":false},"featured_media":10077,"template":"","meta":{"_acf_changed":false},"product_brand":[],"product_cat":[521],"product_tag":[530],"class_list":{"0":"post-29418","1":"product","2":"type-product","3":"status-publish","4":"has-post-thumbnail","6":"product_cat-bols","7":"product_tag-animaux","8":"pa_motivo-tortues","10":"first","11":"instock","12":"shipping-taxable","13":"product-type-simple"},"acf":[],"_links":{"self":[{"href":"https:\/\/olemosaic.com\/fr\/wp-json\/wp\/v2\/product\/29418","targetHints":{"allow":["GET"]}}],"collection":[{"href":"https:\/\/olemosaic.com\/fr\/wp-json\/wp\/v2\/product"}],"about":[{"href":"https:\/\/olemosaic.com\/fr\/wp-json\/wp\/v2\/types\/product"}],"wp:featuredmedia":[{"embeddable":true,"href":"https:\/\/olemosaic.com\/fr\/wp-json\/wp\/v2\/media\/10077"}],"wp:attachment":[{"href":"https:\/\/olemosaic.com\/fr\/wp-json\/wp\/v2\/media?parent=29418"}],"wp:term":[{"taxonomy":"product_brand","embeddable":true,"href":"https:\/\/olemosaic.com\/fr\/wp-json\/wp\/v2\/product_brand?post=29418"},{"taxonomy":"product_cat","embeddable":true,"href":"https:\/\/olemosaic.com\/fr\/wp-json\/wp\/v2\/product_cat?post=29418"},{"taxonomy":"product_tag","embeddable":true,"href":"https:\/\/olemosaic.com\/fr\/wp-json\/wp\/v2\/product_tag?post=29418"}],"curies":[{"name":"wp","href":"https:\/\/api.w.org\/{rel}","templated":true}]}}