{"id":29417,"date":"2025-02-20T22:31:03","date_gmt":"2025-02-20T22:31:03","guid":{"rendered":"http:\/\/olemosaic.com\/producto\/bol-de-coco-rojo-rueda\/"},"modified":"2025-07-25T19:15:48","modified_gmt":"2025-07-25T17:15:48","slug":"bol-en-noix-de-coco-rouge-roue","status":"publish","type":"product","link":"https:\/\/olemosaic.com\/fr\/produit\/bol-en-noix-de-coco-rouge-roue\/","title":{"rendered":"Bol en noix de coco rouge. Roue."},"content":{"rendered":"<p>Ce bol en noix de coco rouge est une pi\u00e8ce artisanale extraordinaire qui refl\u00e8te la richesse de la culture et de l&rsquo;art espagnols. Avec un design circulaire impressionnant, ce r\u00e9cipient se distingue par sa finition brillante dans un ton rouge vibrant qui attirera sans aucun doute l&rsquo;attention de ceux qui le voient. La surface pr\u00e9sente un motif de mosa\u00efque complexe dans des tons clairs qui cr\u00e9e un beau contraste, \u00e9voquant la couleur et la diversit\u00e9 de la tradition espagnole, ainsi que l&rsquo;habilet\u00e9 exceptionnelle des artisans qui le cr\u00e9ent.<\/p>\n<p>La texture craquante de l&rsquo;ext\u00e9rieur est compl\u00e9t\u00e9e par une finition int\u00e9rieure lisse, offrant non seulement un attrait esth\u00e9tique, mais aussi une fonctionnalit\u00e9 pratique. Ce bol est non seulement id\u00e9al comme \u00e9l\u00e9ment d\u00e9coratif dans la maison, mais il se pr\u00eate \u00e9galement parfaitement au service d&rsquo;amuse-gueules, devenant un compl\u00e9ment polyvalent pour toute occasion. Le lien culturel de ce bol avec l&rsquo;art de la mosa\u00efque espagnole souligne sa valeur en tant que souvenir, capturant l&rsquo;essence de l&rsquo;h\u00e9ritage artistique du pays.<\/p>\n<p>Chez Ol\u00e9 Mosaic, nous sommes des distributeurs de souvenirs en gros et ce bol en noix de coco rouge repr\u00e9sente une excellente option pour les boutiques de cadeaux touristiques \u00e0 la recherche de produits authentiques et distinctifs. Il offre aux touristes l&rsquo;opportunit\u00e9 de ramener chez eux un morceau de la riche tradition artistique de l&rsquo;Espagne, \u00e9tant un souvenir unique et m\u00e9morable qui durera dans le temps.<\/p>\n","protected":false},"excerpt":{"rendered":"<p>Bol en noix de coco rouge, avec un design circulaire frappant. Ce r\u00e9cipient artisanal pr\u00e9sente une finition brillante dans un ton rouge vibrant, orn\u00e9 d&rsquo;un motif de mosa\u00efque complexe dans des tons clairs qui cr\u00e9e un contraste magnifique. La texture rugueuse de l&rsquo;ext\u00e9rieur et la finition lisse de l&rsquo;int\u00e9rieur soulignent le savoir-faire de l&rsquo;artisan. Id\u00e9al comme \u00e9l\u00e9ment d\u00e9coratif ou pour servir des amuse-gueules, ce bol est un charmant souvenir de l&rsquo;art et de la culture espagnols.<\/p>\n","protected":false},"featured_media":11729,"template":"","meta":{"_acf_changed":false},"product_brand":[],"product_cat":[521],"product_tag":[],"class_list":{"0":"post-29417","1":"product","2":"type-product","3":"status-publish","4":"has-post-thumbnail","6":"product_cat-bols","7":"pa_ciudad-rueda","8":"pa_pais-espana","10":"first","11":"instock","12":"shipping-taxable","13":"product-type-simple"},"acf":[],"_links":{"self":[{"href":"https:\/\/olemosaic.com\/fr\/wp-json\/wp\/v2\/product\/29417","targetHints":{"allow":["GET"]}}],"collection":[{"href":"https:\/\/olemosaic.com\/fr\/wp-json\/wp\/v2\/product"}],"about":[{"href":"https:\/\/olemosaic.com\/fr\/wp-json\/wp\/v2\/types\/product"}],"wp:featuredmedia":[{"embeddable":true,"href":"https:\/\/olemosaic.com\/fr\/wp-json\/wp\/v2\/media\/11729"}],"wp:attachment":[{"href":"https:\/\/olemosaic.com\/fr\/wp-json\/wp\/v2\/media?parent=29417"}],"wp:term":[{"taxonomy":"product_brand","embeddable":true,"href":"https:\/\/olemosaic.com\/fr\/wp-json\/wp\/v2\/product_brand?post=29417"},{"taxonomy":"product_cat","embeddable":true,"href":"https:\/\/olemosaic.com\/fr\/wp-json\/wp\/v2\/product_cat?post=29417"},{"taxonomy":"product_tag","embeddable":true,"href":"https:\/\/olemosaic.com\/fr\/wp-json\/wp\/v2\/product_tag?post=29417"}],"curies":[{"name":"wp","href":"https:\/\/api.w.org\/{rel}","templated":true}]}}